{"id":745167,"date":"2025-08-28T02:13:04","date_gmt":"2025-08-27T23:13:04","guid":{"rendered":"https:\/\/roveyayinevi.com.tr\/index.php\/urun\/super-girl-super-olmak\/"},"modified":"2026-04-16T02:57:33","modified_gmt":"2026-04-15T23:57:33","slug":"super-girl-super-olmak","status":"publish","type":"product","link":"https:\/\/roveyayinevi.com.tr\/index.php\/urun\/super-girl-super-olmak\/","title":{"rendered":"S\u00fcper Girl S\u00fcper Olmak"},"content":{"rendered":"<p>\u201cTamaki ve Jones, Supergirl\u2019\u00fcn ger\u00e7ek\u00e7i ve dokunakl\u0131 ili\u015fkilere          sahip e\u011flenceli, i\u00e7ten bir versiyonunu yaratm\u0131\u015flar&#8230;\u201d                             \u2014Publishers Weekly               \u201cEtkileyici bir bi\u00e7imde g\u00f6ze \u00e7arp\u0131yor.\u201d                                    \u2014Booklist                \u201cMuhte\u015fem bir ahenk yakalam\u0131\u015flar.\u201d   \u2014School Library Journal, Good Comics for Kids     Kara Danvers \u00e7ok g\u00fc\u00e7l\u00fc. U\u00e7abiliyor. D\u00fcnya\u2019ya bir uzay meki\u011fiyle zorunlu ini\u015f yapt\u0131. Ama onu en \u00e7ok endi\u015felendiren \u015feyler, birden fazla tak\u0131m\u0131n kat\u0131ld\u0131\u011f\u0131 atletizm yar\u0131\u015fmas\u0131n\u0131 kazan- mak, 16. ya\u015f g\u00fcn\u00fcn\u00fc kutlamak ve y\u00fcz\u00fcndeki devasa sivilce. Ve en yak\u0131n arkada\u015flar\u0131 ile biraz-sinir bozucu-ama-kesinlikle-sevgi dolu \u00fcvey ailesinin yard\u0131m\u0131yla onu rahats\u0131z eden r\u00fcyalar\u0131n\u0131 -ba\u015fka bir d\u00fcnyan\u0131n parampar\u00e7a g\u00f6r\u00fcnt\u00fclerini- geride b\u0131rakabilir.   Durumu, k\u00fc\u00e7\u00fck kasabas\u0131 Midvale\u2019i par\u00e7ala- yan&#8230; ve ge\u00e7mi\u015fine dair hep gizli kalaca\u011f\u0131n\u0131 sand\u0131\u011f\u0131 s\u0131rlar\u0131n\u0131 a\u00e7\u0131\u011fa \u00e7\u0131karan depreme kadar b\u00f6yleydi.   Art\u0131k Kara\u2019n\u0131n inan\u0131lmaz g\u00fc\u00e7lerinin seviye- si son h\u0131zla art\u0131yor ve g\u00fcvendi\u011fi insanlar\u0131n t\u00fcyler \u00fcrpertici gizli planlar\u0131 oldu\u011fu ortaya \u00e7\u0131k\u0131yor. Do\u011fdu\u011fu d\u00fcnya ile bildi\u011fi tek d\u00fcnya aras\u0131nda se\u00e7im yapma zaman\u0131 geldi. Kara, hem kasabas\u0131n\u0131 kurtar\u0131p hem de s\u00fcper olma n\u0131n bir yolunu bulabilecek mi?   New York Times \u00e7ok satan ve Caldecott Ma- dalyas\u0131 \u00f6d\u00fcll\u00fc yazar Mariko Tamaki (This One Summer, Harley Quinn: K\u0131r\u0131k Cam) ve Eisner aday\u0131 \u00e7izer Joelle Jones (Lady Killer, Catwoman) g\u00fc\u00e7lerini muhte\u015fem bir yeti\u015fkinli- \u011fe ge\u00e7i\u015f hik\u00e2yesi i\u00e7in birle\u015ftiriyorlar. Bu daha \u00f6nce hi\u00e7 g\u00f6rmedi\u011finiz Supergirl ve tamamen yeni sayfa d\u00fczeni ve yeni renkleriyle size su- nuluyor. <\/p>\n","protected":false},"excerpt":{"rendered":"<p>\u201cTamaki ve Jones, Supergirl\u2019\u00fcn ger\u00e7ek\u00e7i ve dokunakl\u0131 ili\u015fkilere sahip e\u011flenceli, i\u00e7ten bir versiyonunu yaratm\u0131\u015flar&#8230;\u201d \u2014Publishers Weekly \u201cEtkileyici bir bi\u00e7imde g\u00f6ze \u00e7arp\u0131yor.\u201d \u2014Booklist \u201cMuhte\u015fem bir ahenk yakalam\u0131\u015flar.\u201d<span class=\"excerpt-hellip\"> [\u2026]<\/span><\/p>\n","protected":false},"featured_media":0,"template":"","meta":{"_monsterinsights_skip_tracking":false,"_monsterinsights_sitenote_active":false,"_monsterinsights_sitenote_note":"","_monsterinsights_sitenote_category":0},"product_brand":[],"product_cat":[12689,12274],"product_tag":[],"class_list":{"0":"post-745167","1":"product","2":"type-product","3":"status-publish","5":"product_cat-cizgi-roman-cocuk-ve-genclik-kitaplari","6":"product_cat-cocuk-ve-genclik-kitaplari","7":"pa_cilt-ciltsiz","8":"pa_tur-kitap","9":"pa_yayinevi-epsilon-yayinlari","10":"pa_yazar-mariko-tamaki-joelle-jones","12":"first","13":"instock","14":"sale","15":"shipping-taxable","16":"purchasable","17":"product-type-simple"},"_links":{"self":[{"href":"https:\/\/roveyayinevi.com.tr\/index.php\/wp-json\/wp\/v2\/product\/745167","targetHints":{"allow":["GET"]}}],"collection":[{"href":"https:\/\/roveyayinevi.com.tr\/index.php\/wp-json\/wp\/v2\/product"}],"about":[{"href":"https:\/\/roveyayinevi.com.tr\/index.php\/wp-json\/wp\/v2\/types\/product"}],"wp:attachment":[{"href":"https:\/\/roveyayinevi.com.tr\/index.php\/wp-json\/wp\/v2\/media?parent=745167"}],"wp:term":[{"taxonomy":"product_brand","embeddable":true,"href":"https:\/\/roveyayinevi.com.tr\/index.php\/wp-json\/wp\/v2\/product_brand?post=745167"},{"taxonomy":"product_cat","embeddable":true,"href":"https:\/\/roveyayinevi.com.tr\/index.php\/wp-json\/wp\/v2\/product_cat?post=745167"},{"taxonomy":"product_tag","embeddable":true,"href":"https:\/\/roveyayinevi.com.tr\/index.php\/wp-json\/wp\/v2\/product_tag?post=745167"}],"curies":[{"name":"wp","href":"https:\/\/api.w.org\/{rel}","templated":true}]}}