{"id":745166,"date":"2025-08-28T02:13:03","date_gmt":"2025-08-27T23:13:03","guid":{"rendered":"https:\/\/roveyayinevi.com.tr\/index.php\/urun\/dikkat-ve-dusunme-becerileri-2\/"},"modified":"2026-04-16T02:57:33","modified_gmt":"2026-04-15T23:57:33","slug":"dikkat-ve-dusunme-becerileri-2","status":"publish","type":"product","link":"https:\/\/roveyayinevi.com.tr\/index.php\/urun\/dikkat-ve-dusunme-becerileri-2\/","title":{"rendered":"Dikkat ve D\u00fc\u015f\u00fcnme Becerileri -2"},"content":{"rendered":"<p>Dikkat ve D\u00fc\u015f\u00fcnme Becerileri 13 kitaptan olu\u015fan serinin 2. kitab\u0131d\u0131r.Dikkat ve D\u00fc\u015f\u00fcnme Becerileri \u00e7al\u0131\u015fmalar\u0131, \u00e7ocuklar\u0131m\u0131z\u0131n etkili \u00f6\u011frenme s\u00fcrecine katk\u0131 sunmak i\u00e7in haz\u0131rlanm\u0131\u015ft\u0131r.Dikkat ve D\u00fc\u015f\u00fcnme Becerileri 1 \u00e7al\u0131\u015fmam\u0131zda, her bir etkinlik bir ama\u00e7 do\u011frultusunda haz\u0131rlanm\u0131\u015f ve s\u0131ralanm\u0131\u015ft\u0131r.Yay\u0131n\u0131m\u0131z\u0131n e\u011fitimcilere ve ailelere yard\u0131mc\u0131 olmas\u0131 dile\u011fimizle&#8230;<\/p>\n","protected":false},"excerpt":{"rendered":"<p>Dikkat ve D\u00fc\u015f\u00fcnme Becerileri 13 kitaptan olu\u015fan serinin 2. kitab\u0131d\u0131r.Dikkat ve D\u00fc\u015f\u00fcnme Becerileri \u00e7al\u0131\u015fmalar\u0131, \u00e7ocuklar\u0131m\u0131z\u0131n etkili \u00f6\u011frenme s\u00fcrecine katk\u0131 sunmak i\u00e7in haz\u0131rlanm\u0131\u015ft\u0131r.Dikkat ve D\u00fc\u015f\u00fcnme Becerileri 1<span class=\"excerpt-hellip\"> [\u2026]<\/span><\/p>\n","protected":false},"featured_media":0,"template":"","meta":{"_monsterinsights_skip_tracking":false,"_monsterinsights_sitenote_active":false,"_monsterinsights_sitenote_note":"","_monsterinsights_sitenote_category":0},"product_brand":[],"product_cat":[12274,12518],"product_tag":[],"class_list":{"0":"post-745166","1":"product","2":"type-product","3":"status-publish","5":"product_cat-cocuk-ve-genclik-kitaplari","6":"product_cat-okul-oncesi-kitaplar","7":"pa_cilt-ciltsiz","8":"pa_tur-kitap","9":"pa_yayinevi-egiten-kitap","10":"pa_yazar-mahmut-yilmaz","12":"first","13":"instock","14":"sale","15":"shipping-taxable","16":"purchasable","17":"product-type-simple"},"_links":{"self":[{"href":"https:\/\/roveyayinevi.com.tr\/index.php\/wp-json\/wp\/v2\/product\/745166","targetHints":{"allow":["GET"]}}],"collection":[{"href":"https:\/\/roveyayinevi.com.tr\/index.php\/wp-json\/wp\/v2\/product"}],"about":[{"href":"https:\/\/roveyayinevi.com.tr\/index.php\/wp-json\/wp\/v2\/types\/product"}],"wp:attachment":[{"href":"https:\/\/roveyayinevi.com.tr\/index.php\/wp-json\/wp\/v2\/media?parent=745166"}],"wp:term":[{"taxonomy":"product_brand","embeddable":true,"href":"https:\/\/roveyayinevi.com.tr\/index.php\/wp-json\/wp\/v2\/product_brand?post=745166"},{"taxonomy":"product_cat","embeddable":true,"href":"https:\/\/roveyayinevi.com.tr\/index.php\/wp-json\/wp\/v2\/product_cat?post=745166"},{"taxonomy":"product_tag","embeddable":true,"href":"https:\/\/roveyayinevi.com.tr\/index.php\/wp-json\/wp\/v2\/product_tag?post=745166"}],"curies":[{"name":"wp","href":"https:\/\/api.w.org\/{rel}","templated":true}]}}