{"id":745165,"date":"2025-08-28T02:13:01","date_gmt":"2025-08-27T23:13:01","guid":{"rendered":"https:\/\/roveyayinevi.com.tr\/index.php\/urun\/yaz-2\/"},"modified":"2026-04-16T02:57:33","modified_gmt":"2026-04-15T23:57:33","slug":"yaz-2","status":"publish","type":"product","link":"https:\/\/roveyayinevi.com.tr\/index.php\/urun\/yaz-2\/","title":{"rendered":"Yaz"},"content":{"rendered":"<p>Man Booker finalisti Ali Smith\u2019in \u201cMevsimler D\u00f6rtlemesi\u201d adl\u0131 serisinin son roman\u0131, haf\u0131zay\u0131, affetmeyi, hafife almay\u0131 ve \u00e2n\u0131 yakalamay\u0131 \u00f6ven, d\u00fczyaz\u0131 \u015feklinde yaz\u0131lm\u0131\u015f bir \u015fiir.\u201d \u2013 The New York Times     Bu, de\u011fi\u015fimin e\u015fi\u011findeki insanlar hakk\u0131nda bir hik\u00e2ye&#8230; Karakter- leri ayn\u0131 ailenin \u00fcyeleri ama birbirlerine \u00e7ok yabanc\u0131 olduklar\u0131n\u0131 d\u00fc\u015f\u00fcn\u00fcyorlar. B\u00f6ylesi bir ger\u00e7ek ortada duruyorken temel sorular- dan birinin dillendirilmesi de \u00e7ok vakit alm\u0131yor: Aile dedi\u011fin ne- dir? S\u0131n\u0131rlar\u0131 nerede ba\u015flar, nerede biter? Ve ortak hi\u00e7bir \u015feyleri olmad\u0131\u011f\u0131n\u0131 d\u00fc\u015f\u00fcnen insanlar, sadece ayn\u0131 aileye \u00fcye olduklar\u0131 i\u00e7in bu ger\u00e7e\u011fi g\u00f6rmezden gelebilirler mi?   Vivaldi\u2019nin D\u00f6rt Mevsim\u2019de notalarla yapt\u0131\u011f\u0131 neyse Ali Smith\u2019in Mevsimler D\u00f6rtlemesi\u2019nde s\u00f6zc\u00fcklerle yapt\u0131\u011f\u0131 da o&#8230; Bu, kusursuz bir kaos, anlat\u0131lmas\u0131 ya da \u00f6zetlenmesi m\u00fcmk\u00fcn g\u00f6r\u00fcnmeyen bir metin senfonisi ki, bu kitapla nihayete eriyor&#8230; <\/p>\n","protected":false},"excerpt":{"rendered":"<p>Man Booker finalisti Ali Smith\u2019in \u201cMevsimler D\u00f6rtlemesi\u201d adl\u0131 serisinin son roman\u0131, haf\u0131zay\u0131, affetmeyi, hafife almay\u0131 ve \u00e2n\u0131 yakalamay\u0131 \u00f6ven, d\u00fczyaz\u0131 \u015feklinde yaz\u0131lm\u0131\u015f bir \u015fiir.\u201d \u2013 The<span class=\"excerpt-hellip\"> [\u2026]<\/span><\/p>\n","protected":false},"featured_media":0,"template":"","meta":{"_monsterinsights_skip_tracking":false,"_monsterinsights_sitenote_active":false,"_monsterinsights_sitenote_note":"","_monsterinsights_sitenote_category":0},"product_brand":[],"product_cat":[12291,50487],"product_tag":[],"class_list":{"0":"post-745165","1":"product","2":"type-product","3":"status-publish","5":"product_cat-edebiyat","6":"product_cat-kurgu","7":"pa_cilt-ciltsiz","8":"pa_tur-kitap","9":"pa_yayinevi-epsilon-yayinlari","10":"pa_yazar-ali-smith","12":"first","13":"instock","14":"sale","15":"shipping-taxable","16":"purchasable","17":"product-type-simple"},"_links":{"self":[{"href":"https:\/\/roveyayinevi.com.tr\/index.php\/wp-json\/wp\/v2\/product\/745165","targetHints":{"allow":["GET"]}}],"collection":[{"href":"https:\/\/roveyayinevi.com.tr\/index.php\/wp-json\/wp\/v2\/product"}],"about":[{"href":"https:\/\/roveyayinevi.com.tr\/index.php\/wp-json\/wp\/v2\/types\/product"}],"wp:attachment":[{"href":"https:\/\/roveyayinevi.com.tr\/index.php\/wp-json\/wp\/v2\/media?parent=745165"}],"wp:term":[{"taxonomy":"product_brand","embeddable":true,"href":"https:\/\/roveyayinevi.com.tr\/index.php\/wp-json\/wp\/v2\/product_brand?post=745165"},{"taxonomy":"product_cat","embeddable":true,"href":"https:\/\/roveyayinevi.com.tr\/index.php\/wp-json\/wp\/v2\/product_cat?post=745165"},{"taxonomy":"product_tag","embeddable":true,"href":"https:\/\/roveyayinevi.com.tr\/index.php\/wp-json\/wp\/v2\/product_tag?post=745165"}],"curies":[{"name":"wp","href":"https:\/\/api.w.org\/{rel}","templated":true}]}}