{"id":745164,"date":"2025-08-28T02:13:00","date_gmt":"2025-08-27T23:13:00","guid":{"rendered":"https:\/\/roveyayinevi.com.tr\/index.php\/urun\/nobel-odulu-nasil-kazanilir\/"},"modified":"2026-04-16T02:57:33","modified_gmt":"2026-04-15T23:57:33","slug":"nobel-odulu-nasil-kazanilir","status":"publish","type":"product","link":"https:\/\/roveyayinevi.com.tr\/index.php\/urun\/nobel-odulu-nasil-kazanilir\/","title":{"rendered":"Nobel \u00d6d\u00fcl\u00fc Nas\u0131l Kazan\u0131l\u0131r?"},"content":{"rendered":"<p>Gen\u00e7 bilim merakl\u0131lar\u0131, zamanda yolculuk edip d\u00fcnyay\u0131 gezerek \u00f6d\u00fcll\u00fc bilim insanlar\u0131yla tan\u0131\u015fmaya haz\u0131r m\u0131s\u0131n\u0131z? On ya\u015f\u0131ndaki Mary kendini bildi\u011finden beri Nobel \u00d6d\u00fcl\u00fc kazanmak istiyor. Evinde kendine \u00f6zg\u00fc deneyler yapmaya bay\u0131l\u0131yor. Ger\u00e7ek bilim insanlar\u0131n\u0131n nas\u0131l insanlar oldu\u011funu da \u00e7ok merak ediyor. Mary bir g\u00fcn yanl\u0131\u015fl\u0131kla, Nobel \u00d6d\u00fcl\u00fc kazananlar\u0131n gizli toplant\u0131s\u0131na giriyor. Orada bulunan Dr. Barry Marshall, Mary\u2019ye bunu kimseye s\u00f6ylememesini tembihleyerek onu hem zamanda hem de d\u00fcnyan\u0131n \u00e7e\u015fitli yerlerinde yolculu\u011fa \u00e7\u0131kar\u0131yor ve bir\u00e7ok \u00f6nemli, g\u00f6z kama\u015ft\u0131r\u0131c\u0131 bulu\u015fa imza atan bilim insanlar\u0131yla tan\u0131\u015ft\u0131r\u0131yor. Albert Einstein\u2019la uzay ve zaman, Marie Curie\u2019yle radyasyon, Alexander Fleming\u2019le penisilin ve Aziz Sancar\u2019la fotoliyaz hakk\u0131nda konu\u015fuyorlar. Nobel \u00d6d\u00fcll\u00fc yazar Barry Marshall, bilimi ustalar\u0131yla \u00f6\u011fretirken, kendi evinizde yapabilece\u011finiz e\u011flenceli deneyler de sunuyor!     \u201cMarshall ve Hendry s\u00fcr\u00fckleyici bir \u00f6yk\u00fc anlatmakla kalm\u0131yor, ayn\u0131 zamanda bilgilendirici bir altyap\u0131 ile ilgin\u00e7 deneyler de sunuyor\u2026 Gelece\u011fin bilim insanlar\u0131na \u015fiddetle tavsiye olunur.\u201d-Books+Publishing <\/p>\n","protected":false},"excerpt":{"rendered":"<p>Gen\u00e7 bilim merakl\u0131lar\u0131, zamanda yolculuk edip d\u00fcnyay\u0131 gezerek \u00f6d\u00fcll\u00fc bilim insanlar\u0131yla tan\u0131\u015fmaya haz\u0131r m\u0131s\u0131n\u0131z? On ya\u015f\u0131ndaki Mary kendini bildi\u011finden beri Nobel \u00d6d\u00fcl\u00fc kazanmak istiyor. Evinde kendine<span class=\"excerpt-hellip\"> [\u2026]<\/span><\/p>\n","protected":false},"featured_media":0,"template":"","meta":{"_monsterinsights_skip_tracking":false,"_monsterinsights_sitenote_active":false,"_monsterinsights_sitenote_note":"","_monsterinsights_sitenote_category":0},"product_brand":[],"product_cat":[12291,50487],"product_tag":[],"class_list":{"0":"post-745164","1":"product","2":"type-product","3":"status-publish","5":"product_cat-edebiyat","6":"product_cat-kurgu","7":"pa_cilt-ciltsiz","8":"pa_tur-kitap","9":"pa_yayinevi-epsilon-ozel-urun","10":"pa_yazar-barry-marshall-lorna-hendry","12":"first","13":"instock","14":"sale","15":"shipping-taxable","16":"purchasable","17":"product-type-simple"},"_links":{"self":[{"href":"https:\/\/roveyayinevi.com.tr\/index.php\/wp-json\/wp\/v2\/product\/745164","targetHints":{"allow":["GET"]}}],"collection":[{"href":"https:\/\/roveyayinevi.com.tr\/index.php\/wp-json\/wp\/v2\/product"}],"about":[{"href":"https:\/\/roveyayinevi.com.tr\/index.php\/wp-json\/wp\/v2\/types\/product"}],"wp:attachment":[{"href":"https:\/\/roveyayinevi.com.tr\/index.php\/wp-json\/wp\/v2\/media?parent=745164"}],"wp:term":[{"taxonomy":"product_brand","embeddable":true,"href":"https:\/\/roveyayinevi.com.tr\/index.php\/wp-json\/wp\/v2\/product_brand?post=745164"},{"taxonomy":"product_cat","embeddable":true,"href":"https:\/\/roveyayinevi.com.tr\/index.php\/wp-json\/wp\/v2\/product_cat?post=745164"},{"taxonomy":"product_tag","embeddable":true,"href":"https:\/\/roveyayinevi.com.tr\/index.php\/wp-json\/wp\/v2\/product_tag?post=745164"}],"curies":[{"name":"wp","href":"https:\/\/api.w.org\/{rel}","templated":true}]}}