{"id":745162,"date":"2025-08-28T02:12:58","date_gmt":"2025-08-27T23:12:58","guid":{"rendered":"https:\/\/roveyayinevi.com.tr\/index.php\/urun\/demokrasinin-gerilemesi-ve-yukselisi-antik-donemden-gunumuze-uzanan-kuresel-bir-tarih\/"},"modified":"2026-04-16T02:57:32","modified_gmt":"2026-04-15T23:57:32","slug":"demokrasinin-gerilemesi-ve-yukselisi-antik-donemden-gunumuze-uzanan-kuresel-bir-tarih","status":"publish","type":"product","link":"https:\/\/roveyayinevi.com.tr\/index.php\/urun\/demokrasinin-gerilemesi-ve-yukselisi-antik-donemden-gunumuze-uzanan-kuresel-bir-tarih\/","title":{"rendered":"Demokrasinin Gerilemesi Ve Y\u00fckseli\u015fi: Antik D\u00f6nemden G\u00fcn\u00fcm\u00fcze Uzanan K\u00fcresel Bir Tarih"},"content":{"rendered":"<p>Demokrasinin y\u00fckseli\u015finin tarihsel anlat\u0131mlar\u0131, Antik Yunan ve R\u00f6nesans \u00f6ncesi Avrupa\u2019ya odaklanma e\u011filimindedir. Birka\u00e7 bin y\u0131la yay\u0131lan \u00f6rneklerden yola \u00e7\u0131kan David Stasavage, \u00f6ncelikle devletlerin neden demokratik ya da otokratik y\u00f6netim tarzlar\u0131 geli\u015ftirdi\u011fini ele al\u0131yor ve erken demokrasinin, zannedilenin aksine, zay\u0131f bir devlette ve basit teknolojilerle k\u00fc\u00e7\u00fck yerlerde bile geli\u015fme e\u011filiminde oldu\u011funu savunuyor. Amerika\u2019dan Mezopotamya\u2019ya, hatta s\u00f6m\u00fcrge \u00f6ncesi Afrika\u2019ya kadar bir\u00e7ok farkl\u0131 co\u011frafyada, demokratik uygulamalar\u0131n var oldu\u011funu dile getiren David Stasavage, bu kapsaml\u0131 \u00e7al\u0131\u015fmas\u0131nda, hik\u00e2yenin tahmin edilenden katbekat zengin oldu\u011funu g\u00f6stermek ad\u0131na \u00e7ok daha \u00f6ncesine uzanan k\u00fcresel kan\u0131tlardan yola \u00e7\u0131k\u0131yor. David Stasavage, erken demokrasinin d\u00fcnyadaki yayg\u0131nl\u0131\u011f\u0131na de\u011finerek onlar\u0131n nerede ve nas\u0131l y\u00fckseldi\u011fini \u2013ne zaman ve neden geriledi\u011fini\u2013 anlaman\u0131n, yaln\u0131zca y\u00f6netimlerin tarihi ekseninde de\u011fil ayn\u0131 zamanda modern demokrasilerin \u00e7al\u0131\u015fma bi\u00e7imleri ve gelecekte nerede a\u00e7\u0131\u011fa \u00e7\u0131kabilece\u011fi ekseninde de \u00f6nemli bilgiler sa\u011flayaca\u011f\u0131n\u0131 \u00f6ne s\u00fcr\u00fcyor.       Demokratik kayg\u0131lar\u0131n h\u0131zla \u00e7o\u011fald\u0131\u011f\u0131 g\u00fcn\u00fcm\u00fczde Demokrasinin Gerilemesi ve Y\u00fckseli\u015fi, siyasi kurumlar\u0131n b\u00fcy\u00fcmesini yepyeni bir tarzda ele al\u0131yor ve modern y\u00f6netim bi\u00e7imlerinin k\u00f6kenlerine \u00f6nem veren herkes i\u00e7in \u015fa\u015f\u0131rt\u0131c\u0131 dersler sunuyor.     &#8220;Demokrasi, insan toplumlar\u0131nda do\u011fal olarak olu\u015fan bir durumdur. Bir tek bu fikir bile, Stasavage\u2019\u0131 ge\u00e7mi\u015fe bakan pek \u00e7ok teorisyenden ay\u0131r\u0131r.&#8221;                                                                                                                           \u2013 Justin Kempf, Democracy Paradox     &#8220;Demokrasi ve otokrasinin geli\u015fimini canland\u0131r\u0131c\u0131 ve ili\u015fkisel bir \u015fekilde analiz eden ola\u011fan\u00fcst\u00fc bir kitap.&#8221;                                         \u2013 Simon Sebag Montefiore, BBC Tarih Dergisi            [BBC Tarih Dergisi\u2019nin 2020\u2019nin En \u0130yi Kitaplar\u0131 aras\u0131nda] <\/p>\n","protected":false},"excerpt":{"rendered":"<p>Demokrasinin y\u00fckseli\u015finin tarihsel anlat\u0131mlar\u0131, Antik Yunan ve R\u00f6nesans \u00f6ncesi Avrupa\u2019ya odaklanma e\u011filimindedir. Birka\u00e7 bin y\u0131la yay\u0131lan \u00f6rneklerden yola \u00e7\u0131kan David Stasavage, \u00f6ncelikle devletlerin neden demokratik ya<span class=\"excerpt-hellip\"> [\u2026]<\/span><\/p>\n","protected":false},"featured_media":0,"template":"","meta":{"_monsterinsights_skip_tracking":false,"_monsterinsights_sitenote_active":false,"_monsterinsights_sitenote_note":"","_monsterinsights_sitenote_category":0},"product_brand":[],"product_cat":[12370,12304],"product_tag":[],"class_list":{"0":"post-745162","1":"product","2":"type-product","3":"status-publish","5":"product_cat-arastirma-inceleme","6":"product_cat-tarih","7":"pa_cilt-ciltsiz","8":"pa_tur-kitap","9":"pa_yayinevi-epsilon-yayinlari","10":"pa_yazar-david-stasavage","12":"first","13":"instock","14":"sale","15":"shipping-taxable","16":"purchasable","17":"product-type-simple"},"_links":{"self":[{"href":"https:\/\/roveyayinevi.com.tr\/index.php\/wp-json\/wp\/v2\/product\/745162","targetHints":{"allow":["GET"]}}],"collection":[{"href":"https:\/\/roveyayinevi.com.tr\/index.php\/wp-json\/wp\/v2\/product"}],"about":[{"href":"https:\/\/roveyayinevi.com.tr\/index.php\/wp-json\/wp\/v2\/types\/product"}],"wp:attachment":[{"href":"https:\/\/roveyayinevi.com.tr\/index.php\/wp-json\/wp\/v2\/media?parent=745162"}],"wp:term":[{"taxonomy":"product_brand","embeddable":true,"href":"https:\/\/roveyayinevi.com.tr\/index.php\/wp-json\/wp\/v2\/product_brand?post=745162"},{"taxonomy":"product_cat","embeddable":true,"href":"https:\/\/roveyayinevi.com.tr\/index.php\/wp-json\/wp\/v2\/product_cat?post=745162"},{"taxonomy":"product_tag","embeddable":true,"href":"https:\/\/roveyayinevi.com.tr\/index.php\/wp-json\/wp\/v2\/product_tag?post=745162"}],"curies":[{"name":"wp","href":"https:\/\/api.w.org\/{rel}","templated":true}]}}