{"id":745160,"date":"2025-08-28T02:12:56","date_gmt":"2025-08-27T23:12:56","guid":{"rendered":"https:\/\/roveyayinevi.com.tr\/index.php\/urun\/egitim-kurumlarinda-uygulama-dersi-rehberi\/"},"modified":"2026-04-16T02:57:32","modified_gmt":"2026-04-15T23:57:32","slug":"egitim-kurumlarinda-uygulama-dersi-rehberi","status":"publish","type":"product","link":"https:\/\/roveyayinevi.com.tr\/index.php\/urun\/egitim-kurumlarinda-uygulama-dersi-rehberi\/","title":{"rendered":"E\u011fitim Kurumlar\u0131nda Uygulama Dersi Rehberi"},"content":{"rendered":"<p>\u00c7ocu\u011fun bir erken \u00e7ocukluk e\u011fitim kurumuna kay\u0131t olmas\u0131 ile ba\u011f\u0131ms\u0131zla\u015fma ve toplumsalla\u015fma yolculu\u011fu kuvvetlenir. Bu s\u00fcre\u00e7te kurumun \u00fczerine d\u00fc\u015fen; fiziksel ve niteliksel \u00f6zelliklerini \u00e7ocuklar\u0131n geli\u015fim d\u00f6nemine ve benimsedi\u011fi erken \u00e7ocukluk e\u011fitim yakla\u015f\u0131m\u0131na \u00f6zg\u00fc tasarlamas\u0131d\u0131r.   Temellerin at\u0131ld\u0131\u011f\u0131, en h\u0131zl\u0131 geli\u015fmelerin ya\u015fand\u0131\u011f\u0131 \u00f6\u011frenme, ke\u015fif ve merak duygusunun zirvede oldu\u011fu d\u00f6nem olarak bildi\u011fimiz erken \u00e7ocuklukta ba\u011flam \u00e7ok \u015fey demektir. \u00d6\u011frenmeye ve harekete dair enerjisi hi\u00e7 bitmeyen \u00e7ocu\u011fun geli\u015fim alanlar\u0131n\u0131n her biri i\u00e7in deneyimler ya\u015fayaca\u011f\u0131 ortamlar sunan \u00e7evre, \u00e7ok y\u00f6nl\u00fc ve t\u00fcm detaylar\u0131 d\u00fc\u015f\u00fcn\u00fclerek planlanmal\u0131d\u0131r.<\/p>\n","protected":false},"excerpt":{"rendered":"<p>\u00c7ocu\u011fun bir erken \u00e7ocukluk e\u011fitim kurumuna kay\u0131t olmas\u0131 ile ba\u011f\u0131ms\u0131zla\u015fma ve toplumsalla\u015fma yolculu\u011fu kuvvetlenir. Bu s\u00fcre\u00e7te kurumun \u00fczerine d\u00fc\u015fen; fiziksel ve niteliksel \u00f6zelliklerini \u00e7ocuklar\u0131n geli\u015fim d\u00f6nemine<span class=\"excerpt-hellip\"> [\u2026]<\/span><\/p>\n","protected":false},"featured_media":0,"template":"","meta":{"_monsterinsights_skip_tracking":false,"_monsterinsights_sitenote_active":false,"_monsterinsights_sitenote_note":"","_monsterinsights_sitenote_category":0},"product_brand":[],"product_cat":[12573,12566],"product_tag":[],"class_list":{"0":"post-745160","1":"product","2":"type-product","3":"status-publish","5":"product_cat-akademik-kitaplar","6":"product_cat-egitim","7":"pa_cilt-ciltsiz","8":"pa_tur-kitap","9":"pa_yayinevi-egiten-kitap","10":"pa_yazar-hulya-kurt","12":"first","13":"instock","14":"sale","15":"shipping-taxable","16":"purchasable","17":"product-type-simple"},"_links":{"self":[{"href":"https:\/\/roveyayinevi.com.tr\/index.php\/wp-json\/wp\/v2\/product\/745160","targetHints":{"allow":["GET"]}}],"collection":[{"href":"https:\/\/roveyayinevi.com.tr\/index.php\/wp-json\/wp\/v2\/product"}],"about":[{"href":"https:\/\/roveyayinevi.com.tr\/index.php\/wp-json\/wp\/v2\/types\/product"}],"wp:attachment":[{"href":"https:\/\/roveyayinevi.com.tr\/index.php\/wp-json\/wp\/v2\/media?parent=745160"}],"wp:term":[{"taxonomy":"product_brand","embeddable":true,"href":"https:\/\/roveyayinevi.com.tr\/index.php\/wp-json\/wp\/v2\/product_brand?post=745160"},{"taxonomy":"product_cat","embeddable":true,"href":"https:\/\/roveyayinevi.com.tr\/index.php\/wp-json\/wp\/v2\/product_cat?post=745160"},{"taxonomy":"product_tag","embeddable":true,"href":"https:\/\/roveyayinevi.com.tr\/index.php\/wp-json\/wp\/v2\/product_tag?post=745160"}],"curies":[{"name":"wp","href":"https:\/\/api.w.org\/{rel}","templated":true}]}}