{"id":745159,"date":"2025-08-28T02:12:54","date_gmt":"2025-08-27T23:12:54","guid":{"rendered":"https:\/\/roveyayinevi.com.tr\/index.php\/urun\/boylesi-daha-guzel-2\/"},"modified":"2026-04-16T02:57:32","modified_gmt":"2026-04-15T23:57:32","slug":"boylesi-daha-guzel-2","status":"publish","type":"product","link":"https:\/\/roveyayinevi.com.tr\/index.php\/urun\/boylesi-daha-guzel-2\/","title":{"rendered":"B\u00f6ylesi Daha G\u00fczel"},"content":{"rendered":"<p>Romanlar\u0131 onlarca dile \u00e7evrilen ve sat\u0131\u015f rekorlar\u0131 k\u0131ran New York Times \u00e7oksatan yazar\u0131 Debbie Macomber, okurlar\u0131na a\u015fka ve yeniden ba\u015flamaya dair sahici ve iyi hissettiren hik\u00e2yeler anlatmaya devam ediyor.   Julia Jones\u2019un evlili\u011finin bitmesinin \u00fczerinden 6 y\u0131l ge\u00e7mi\u015fti. Julia evlili\u011fini kurtarmak i\u00e7in elinden gelen her \u015feyi yapm\u0131\u015ft\u0131. Ne var ki ya\u015fanan bir dizi \u00fcz\u00fcc\u00fc olaydan sonra bo\u015fanma k\u00e2\u011f\u0131tlar\u0131n\u0131 imzalamaktan ba\u015fka \u00e7aresi kalmam\u0131\u015ft\u0131. 20\u2019li ya\u015flar\u0131nda olan k\u0131zlar\u0131 ise babalar\u0131yla g\u00f6r\u00fc\u015fmeme karar\u0131 alm\u0131\u015ft\u0131.   Julia oturdu\u011fu evi satt\u0131ktan sonra bir s\u00fcre ona iyi gelecek bir ev aram\u0131\u015f ve sonunda \u00e7ok \u00e7e\u015fitli etkinliklerin d\u00fczenlendi\u011fi harika bir apartmana ta\u015f\u0131nm\u0131\u015ft\u0131. Kitap kul\u00fcb\u00fc, spor salonu, tad\u0131m gruplar\u0131&#8230; Julia yeni hayat\u0131nda \u00e7ok mutluydu ve nihayet ge\u00e7mi\u015fi geride b\u0131rakt\u0131\u011f\u0131n\u0131 d\u00fc\u015f\u00fcn\u00fcyordu. Pek \u00e7ok ters giden randevunun ard\u0131ndan mutlu olmak i\u00e7in art\u0131k bir erke\u011fe ihtiyac\u0131 kalmad\u0131\u011f\u0131n\u0131 hissediyordu. Ta ki son derece \u00e7ekici yeni kom\u015fusu Heath Wilson ile spor salonunda kar\u015f\u0131la\u015fana dek. Kendisi de bo\u015fanm\u0131\u015f olan, iki \u00e7ocuklu Heath ile arkada\u015fl\u0131\u011f\u0131 g\u00fcnden g\u00fcne tutkulu bir a\u015fka d\u00f6n\u00fc\u015f\u00fcyordu. Her \u015fey m\u00fckemmel g\u00f6r\u00fcn\u00fcyordu. Ancak ge\u00e7mi\u015flerinden gelen sars\u0131c\u0131 bir ger\u00e7e\u011fi \u00f6\u011frenmeleriyle Julia ve Heath kendilerini \u00e7ocuklar\u0131, eski e\u015fleri ve eski e\u015flerinin yeni e\u015fleri aras\u0131ndaki bir m\u00fccadelenin i\u00e7inde bulacakt\u0131. Ge\u00e7mi\u015fleri sand\u0131klar\u0131 gibi geride kalmam\u0131\u015ft\u0131, temize \u00e7ekilmesi gereken pek \u00e7ok an\u0131 onlar\u0131 bekliyordu.   B\u00f6ylesi Daha G\u00fczel aile kalmaya, ya\u015fad\u0131\u011f\u0131m\u0131z \u00f6fke ve k\u0131rg\u0131nl\u0131klara tutunmay\u0131 b\u0131rakmaya ve de\u011fi\u015fime giden yolda \u00f6n\u00fcm\u00fcze \u00e7\u0131kan mucizevi g\u00fczelliklere dair \u00e7arp\u0131c\u0131 bir roman! <\/p>\n","protected":false},"excerpt":{"rendered":"<p>Romanlar\u0131 onlarca dile \u00e7evrilen ve sat\u0131\u015f rekorlar\u0131 k\u0131ran New York Times \u00e7oksatan yazar\u0131 Debbie Macomber, okurlar\u0131na a\u015fka ve yeniden ba\u015flamaya dair sahici ve iyi hissettiren hik\u00e2yeler<span class=\"excerpt-hellip\"> [\u2026]<\/span><\/p>\n","protected":false},"featured_media":0,"template":"","meta":{"_monsterinsights_skip_tracking":false,"_monsterinsights_sitenote_active":false,"_monsterinsights_sitenote_note":"","_monsterinsights_sitenote_category":0},"product_brand":[],"product_cat":[12291,50487],"product_tag":[],"class_list":{"0":"post-745159","1":"product","2":"type-product","3":"status-publish","5":"product_cat-edebiyat","6":"product_cat-kurgu","7":"pa_cilt-ciltsiz","8":"pa_tur-kitap","9":"pa_yayinevi-epsilon-yayinlari","10":"pa_yazar-debbie-macomber","12":"first","13":"instock","14":"sale","15":"shipping-taxable","16":"purchasable","17":"product-type-simple"},"_links":{"self":[{"href":"https:\/\/roveyayinevi.com.tr\/index.php\/wp-json\/wp\/v2\/product\/745159","targetHints":{"allow":["GET"]}}],"collection":[{"href":"https:\/\/roveyayinevi.com.tr\/index.php\/wp-json\/wp\/v2\/product"}],"about":[{"href":"https:\/\/roveyayinevi.com.tr\/index.php\/wp-json\/wp\/v2\/types\/product"}],"wp:attachment":[{"href":"https:\/\/roveyayinevi.com.tr\/index.php\/wp-json\/wp\/v2\/media?parent=745159"}],"wp:term":[{"taxonomy":"product_brand","embeddable":true,"href":"https:\/\/roveyayinevi.com.tr\/index.php\/wp-json\/wp\/v2\/product_brand?post=745159"},{"taxonomy":"product_cat","embeddable":true,"href":"https:\/\/roveyayinevi.com.tr\/index.php\/wp-json\/wp\/v2\/product_cat?post=745159"},{"taxonomy":"product_tag","embeddable":true,"href":"https:\/\/roveyayinevi.com.tr\/index.php\/wp-json\/wp\/v2\/product_tag?post=745159"}],"curies":[{"name":"wp","href":"https:\/\/api.w.org\/{rel}","templated":true}]}}