{"id":745158,"date":"2025-08-28T02:12:53","date_gmt":"2025-08-27T23:12:53","guid":{"rendered":"https:\/\/roveyayinevi.com.tr\/index.php\/urun\/hayat-bilgisi-ogretiminde-alternatif-egitim-uygulamalari\/"},"modified":"2026-04-16T02:57:32","modified_gmt":"2026-04-15T23:57:32","slug":"hayat-bilgisi-ogretiminde-alternatif-egitim-uygulamalari","status":"publish","type":"product","link":"https:\/\/roveyayinevi.com.tr\/index.php\/urun\/hayat-bilgisi-ogretiminde-alternatif-egitim-uygulamalari\/","title":{"rendered":"Hayat Bilgisi \u00d6\u011fretiminde Alternatif E\u011fitim Uygulamalar\u0131"},"content":{"rendered":"<p>Hayat\u0131n provas\u0131 niteli\u011finde olan Hayat Bilgisi dersi, \u00e7ocuklar\u0131n hayat\u0131 deneyimlemelerine, \u00e7e\u015fitli bilgi, beceri ve de\u011ferleri\u00f6z\u00fcmsemelerine ve kal\u0131c\u0131 izli davran\u0131\u015flar\u0131 edinmelerine yard\u0131mc\u0131 olan derslerin ba\u015f\u0131nda gelmektedir. Bu \u00f6zelli\u011fi, Hayat Bilgisi dersininbireylerin hayatlar\u0131n\u0131n t\u00fcm evrelerine hitap eden bir ders olmas\u0131n\u0131 sa\u011flamaktad\u0131r. Nitekim, \u00e7ocukluk d\u00f6neminde kazan\u0131lan bilgi, beceri,tutum, de\u011fer ve deneyimler ki\u015filerin gelecek ya\u015fant\u0131lar\u0131n\u0131 do\u011frudan etkilemekte ve \u015fekillendirmektedir.Bu kitap, Hayat Bilgisi dersinde kuram ve uygulaman\u0131n kesi\u015fti\u011fi noktay\u0131 ele almaktad\u0131r. Teoride var olan ve alanyaz\u0131nda ifadesini bulanbilgi, beceri, deneyim ve de\u011ferler bu kitap arac\u0131l\u0131\u011f\u0131yla al\u0131\u015f\u0131lageldik \u00f6\u011fretim s\u00fcre\u00e7lerinden farkl\u0131 olarak alternatif uygulamalarladesteklenmi\u015ftir. Kitapta yer alan alternatif uygulamalar, Hayat Bilgisi dersine farkl\u0131 a\u00e7\u0131lardan bakabilmeyi ve bu derse y\u00f6nelik zenginbir bak\u0131\u015f a\u00e7\u0131s\u0131 geli\u015ftirmeyi ama\u00e7layarak tasarlanm\u0131\u015ft\u0131r.<\/p>\n","protected":false},"excerpt":{"rendered":"<p>Hayat\u0131n provas\u0131 niteli\u011finde olan Hayat Bilgisi dersi, \u00e7ocuklar\u0131n hayat\u0131 deneyimlemelerine, \u00e7e\u015fitli bilgi, beceri ve de\u011ferleri\u00f6z\u00fcmsemelerine ve kal\u0131c\u0131 izli davran\u0131\u015flar\u0131 edinmelerine yard\u0131mc\u0131 olan derslerin ba\u015f\u0131nda gelmektedir. Bu<span class=\"excerpt-hellip\"> [\u2026]<\/span><\/p>\n","protected":false},"featured_media":0,"template":"","meta":{"_monsterinsights_skip_tracking":false,"_monsterinsights_sitenote_active":false,"_monsterinsights_sitenote_note":"","_monsterinsights_sitenote_category":0},"product_brand":[],"product_cat":[12573,12566],"product_tag":[],"class_list":{"0":"post-745158","1":"product","2":"type-product","3":"status-publish","5":"product_cat-akademik-kitaplar","6":"product_cat-egitim","7":"pa_cilt-ciltsiz","8":"pa_tur-kitap","9":"pa_yayinevi-egiten-kitap","10":"pa_yazar-kolektif","12":"first","13":"instock","14":"sale","15":"shipping-taxable","16":"purchasable","17":"product-type-simple"},"_links":{"self":[{"href":"https:\/\/roveyayinevi.com.tr\/index.php\/wp-json\/wp\/v2\/product\/745158","targetHints":{"allow":["GET"]}}],"collection":[{"href":"https:\/\/roveyayinevi.com.tr\/index.php\/wp-json\/wp\/v2\/product"}],"about":[{"href":"https:\/\/roveyayinevi.com.tr\/index.php\/wp-json\/wp\/v2\/types\/product"}],"wp:attachment":[{"href":"https:\/\/roveyayinevi.com.tr\/index.php\/wp-json\/wp\/v2\/media?parent=745158"}],"wp:term":[{"taxonomy":"product_brand","embeddable":true,"href":"https:\/\/roveyayinevi.com.tr\/index.php\/wp-json\/wp\/v2\/product_brand?post=745158"},{"taxonomy":"product_cat","embeddable":true,"href":"https:\/\/roveyayinevi.com.tr\/index.php\/wp-json\/wp\/v2\/product_cat?post=745158"},{"taxonomy":"product_tag","embeddable":true,"href":"https:\/\/roveyayinevi.com.tr\/index.php\/wp-json\/wp\/v2\/product_tag?post=745158"}],"curies":[{"name":"wp","href":"https:\/\/api.w.org\/{rel}","templated":true}]}}