{"id":745156,"date":"2025-08-28T02:12:50","date_gmt":"2025-08-27T23:12:50","guid":{"rendered":"https:\/\/roveyayinevi.com.tr\/index.php\/urun\/erken-cocukluk-egitiminde-serbest-oyun-etkinlikleri\/"},"modified":"2026-04-16T02:57:32","modified_gmt":"2026-04-15T23:57:32","slug":"erken-cocukluk-egitiminde-serbest-oyun-etkinlikleri","status":"publish","type":"product","link":"https:\/\/roveyayinevi.com.tr\/index.php\/urun\/erken-cocukluk-egitiminde-serbest-oyun-etkinlikleri\/","title":{"rendered":"Erken \u00c7ocukluk E\u011fitiminde Serbest Oyun Etkinlikleri"},"content":{"rendered":"<p>Okul \u00f6ncesi e\u011fitimin \u00f6nemi her ge\u00e7en g\u00fcn daha fazla anla\u015f\u0131lmakta bunun i\u00e7in politikalar geli\u015ftirilmekte, yat\u0131r\u0131mlar yap\u0131lmakta, e\u011fitim programlar\u0131 geli\u015ftirilmekte ve bu e\u011fitimi verecek \u00f6\u011fretmenler yeti\u015ftirilmektedir. G\u00fcn\u00fcm\u00fczde okul \u00f6ncesi e\u011fitimde okulla\u015fma oran\u0131n\u0131n art\u0131r\u0131lmas\u0131na y\u00f6nelik \u00e7al\u0131\u015fmalara bak\u0131ld\u0131\u011f\u0131nda her \u00e7ocu\u011fun en az bir y\u0131l okul \u00f6ncesi e\u011fitim kurumuna devam edebilmesi i\u00e7in gerekli imkanlar\u0131n olu\u015fturulmas\u0131na gayret edildi\u011fi g\u00f6r\u00fclmektedir. Ancak \u00e7ocuklar\u0131n bu e\u011fitimle bulu\u015fturulmas\u0131n\u0131n \u00f6nemli oldu\u011fu kadar, onlar\u0131n ihtiyac\u0131na cevap verebilecek, b\u00fct\u00fcnsel geli\u015fimlerini destekleyecek, iyi ve nitelikli bir e\u011fitim ortam\u0131n\u0131n sunulmas\u0131 da olduk\u00e7a \u00f6nemlidir.   Bu eserde, oyunun \u00e7ocuk a\u00e7\u0131s\u0131ndan ne denli k\u0131ymetli ve vazge\u00e7ilemez bir aktivite oldu\u011fu vurgulan\u0131rken ayn\u0131 zamanda okul \u00f6ncesi e\u011fitim kurumlar\u0131nda serbest oyun etkinliklerinin (oyun zaman\u0131) \u00f6nemi ve \u00f6zellikle s\u0131n\u0131f i\u00e7i oyun ortamlar\u0131n\u0131n d\u00fczenlenmesinin \u00f6nemine yer verilmi\u015ftir.  Ayr\u0131ca okul \u00f6ncesi e\u011fitimde oyun temelli e\u011fitim ilkesi \u00e7er\u00e7evesinde oyunun di\u011fer etkinliklerle b\u00fct\u00fcnle\u015ftirilerek ne \u015fekilde kullan\u0131labilece\u011finin \u00f6rnekleri sunulmu\u015ftur.<\/p>\n","protected":false},"excerpt":{"rendered":"<p>Okul \u00f6ncesi e\u011fitimin \u00f6nemi her ge\u00e7en g\u00fcn daha fazla anla\u015f\u0131lmakta bunun i\u00e7in politikalar geli\u015ftirilmekte, yat\u0131r\u0131mlar yap\u0131lmakta, e\u011fitim programlar\u0131 geli\u015ftirilmekte ve bu e\u011fitimi verecek \u00f6\u011fretmenler yeti\u015ftirilmektedir. G\u00fcn\u00fcm\u00fczde<span class=\"excerpt-hellip\"> [\u2026]<\/span><\/p>\n","protected":false},"featured_media":0,"template":"","meta":{"_monsterinsights_skip_tracking":false,"_monsterinsights_sitenote_active":false,"_monsterinsights_sitenote_note":"","_monsterinsights_sitenote_category":0},"product_brand":[],"product_cat":[12573,12566],"product_tag":[],"class_list":{"0":"post-745156","1":"product","2":"type-product","3":"status-publish","5":"product_cat-akademik-kitaplar","6":"product_cat-egitim","7":"pa_cilt-ciltsiz","8":"pa_tur-kitap","9":"pa_yayinevi-egiten-kitap","10":"pa_yazar-sule-ersan","12":"first","13":"instock","14":"sale","15":"shipping-taxable","16":"purchasable","17":"product-type-simple"},"_links":{"self":[{"href":"https:\/\/roveyayinevi.com.tr\/index.php\/wp-json\/wp\/v2\/product\/745156","targetHints":{"allow":["GET"]}}],"collection":[{"href":"https:\/\/roveyayinevi.com.tr\/index.php\/wp-json\/wp\/v2\/product"}],"about":[{"href":"https:\/\/roveyayinevi.com.tr\/index.php\/wp-json\/wp\/v2\/types\/product"}],"wp:attachment":[{"href":"https:\/\/roveyayinevi.com.tr\/index.php\/wp-json\/wp\/v2\/media?parent=745156"}],"wp:term":[{"taxonomy":"product_brand","embeddable":true,"href":"https:\/\/roveyayinevi.com.tr\/index.php\/wp-json\/wp\/v2\/product_brand?post=745156"},{"taxonomy":"product_cat","embeddable":true,"href":"https:\/\/roveyayinevi.com.tr\/index.php\/wp-json\/wp\/v2\/product_cat?post=745156"},{"taxonomy":"product_tag","embeddable":true,"href":"https:\/\/roveyayinevi.com.tr\/index.php\/wp-json\/wp\/v2\/product_tag?post=745156"}],"curies":[{"name":"wp","href":"https:\/\/api.w.org\/{rel}","templated":true}]}}