{"id":745155,"date":"2025-08-28T02:12:49","date_gmt":"2025-08-27T23:12:49","guid":{"rendered":"https:\/\/roveyayinevi.com.tr\/index.php\/urun\/sert-cehre\/"},"modified":"2026-04-16T02:57:32","modified_gmt":"2026-04-15T23:57:32","slug":"sert-cehre","status":"publish","type":"product","link":"https:\/\/roveyayinevi.com.tr\/index.php\/urun\/sert-cehre\/","title":{"rendered":"Sert \u00c7ehre"},"content":{"rendered":"<p>Her \u015feyden o dedikoducu kad\u0131n sorumluydu. Sava\u015f\u2019la Y\u00fcsra\u2019y\u0131 yan yana g\u00f6rd\u00fc\u011f\u00fc g\u00fcn o as\u0131ls\u0131z dedikodular\u0131 \u00e7\u0131karmasayd\u0131 t\u00fcm bunlar ba\u015flar\u0131na gelmeyecekti. Al\u0131nan hi\u00e7bir kararda Y\u00fcsra\u2019n\u0131n fikri sorulmad\u0131\u011f\u0131 gibi y\u0131llarca abi dedi\u011fi adamla zorla evlendirilmek isteniyordu. Bu bir k\u00e2bus olmal\u0131yd\u0131 ve Y\u00fcsra g\u00f6z\u00fcn\u00fc a\u00e7t\u0131\u011f\u0131nda Sava\u015f yine ona \u201cufakl\u0131k\u201d diye seslenmeliydi.   Ad\u0131n\u0131n anlam\u0131 kolayl\u0131k olmas\u0131na ra\u011fmen Y\u00fcsra\u2019n\u0131n hayat\u0131nda hi\u00e7bir \u015fey kolay olmam\u0131\u015ft\u0131, olaca\u011fa da benzemiyordu&#8230; <\/p>\n","protected":false},"excerpt":{"rendered":"<p>Her \u015feyden o dedikoducu kad\u0131n sorumluydu. Sava\u015f\u2019la Y\u00fcsra\u2019y\u0131 yan yana g\u00f6rd\u00fc\u011f\u00fc g\u00fcn o as\u0131ls\u0131z dedikodular\u0131 \u00e7\u0131karmasayd\u0131 t\u00fcm bunlar ba\u015flar\u0131na gelmeyecekti. Al\u0131nan hi\u00e7bir kararda Y\u00fcsra\u2019n\u0131n fikri sorulmad\u0131\u011f\u0131<span class=\"excerpt-hellip\"> [\u2026]<\/span><\/p>\n","protected":false},"featured_media":0,"template":"","meta":{"_monsterinsights_skip_tracking":false,"_monsterinsights_sitenote_active":false,"_monsterinsights_sitenote_note":"","_monsterinsights_sitenote_category":0},"product_brand":[],"product_cat":[12291,50487],"product_tag":[],"class_list":{"0":"post-745155","1":"product","2":"type-product","3":"status-publish","5":"product_cat-edebiyat","6":"product_cat-kurgu","7":"pa_cilt-ciltsiz","8":"pa_tur-kitap","9":"pa_yayinevi-epsilon-yayinlari","10":"pa_yazar-hacer-koc","12":"first","13":"instock","14":"sale","15":"shipping-taxable","16":"purchasable","17":"product-type-simple"},"_links":{"self":[{"href":"https:\/\/roveyayinevi.com.tr\/index.php\/wp-json\/wp\/v2\/product\/745155","targetHints":{"allow":["GET"]}}],"collection":[{"href":"https:\/\/roveyayinevi.com.tr\/index.php\/wp-json\/wp\/v2\/product"}],"about":[{"href":"https:\/\/roveyayinevi.com.tr\/index.php\/wp-json\/wp\/v2\/types\/product"}],"wp:attachment":[{"href":"https:\/\/roveyayinevi.com.tr\/index.php\/wp-json\/wp\/v2\/media?parent=745155"}],"wp:term":[{"taxonomy":"product_brand","embeddable":true,"href":"https:\/\/roveyayinevi.com.tr\/index.php\/wp-json\/wp\/v2\/product_brand?post=745155"},{"taxonomy":"product_cat","embeddable":true,"href":"https:\/\/roveyayinevi.com.tr\/index.php\/wp-json\/wp\/v2\/product_cat?post=745155"},{"taxonomy":"product_tag","embeddable":true,"href":"https:\/\/roveyayinevi.com.tr\/index.php\/wp-json\/wp\/v2\/product_tag?post=745155"}],"curies":[{"name":"wp","href":"https:\/\/api.w.org\/{rel}","templated":true}]}}