{"id":745154,"date":"2025-08-28T02:12:48","date_gmt":"2025-08-27T23:12:48","guid":{"rendered":"https:\/\/roveyayinevi.com.tr\/index.php\/urun\/okula-uyum-ve-erken-okuryazarlik\/"},"modified":"2026-04-16T02:57:32","modified_gmt":"2026-04-15T23:57:32","slug":"okula-uyum-ve-erken-okuryazarlik","status":"publish","type":"product","link":"https:\/\/roveyayinevi.com.tr\/index.php\/urun\/okula-uyum-ve-erken-okuryazarlik\/","title":{"rendered":"Okula Uyum Ve Erken Okuryazarl\u0131k"},"content":{"rendered":"<p>Erken okuryazarl\u0131k becerileri, okuma ve yazmay\u0131 de\u011fil \u00e7ocuklar\u0131n okuma ve yazmaya ili\u015fkin \u00f6nko\u015ful bilgilerini, tutumlar\u0131n\u0131, davran\u0131\u015flar\u0131n\u0131 ve becerilerini ifade etmektedir.  Erken okuryazarl\u0131k becerilerinin temel bile\u015fenleri erken y\u0131llarda kazan\u0131lmaktad\u0131r. Okul \u00f6ncesi d\u00f6nemde bu becerilerin geli\u015ftirilmesi ve desteklenmesi olduk\u00e7a \u00f6nemlidir. Erken \u00e7ocukluk d\u00f6neminde geli\u015ftirilen okuryazarl\u0131k yetene\u011fi, yeti\u015fkinlik d\u00f6neminde edinilmesi gereken okuryazarl\u0131k yetene\u011fi \u00fczerinde b\u00fcy\u00fck bir etkiye sahiptir.   Okul \u00f6ncesi e\u011fitimde gerek \u00e7ocuklar\u0131n okula uyum sa\u011flama s\u00fcrecinde gerekse erken okuryazarl\u0131k becerilerinin desteklenmesinde en \u00f6nemli g\u00f6rev \u00f6\u011fretmenlere d\u00fc\u015fmektedir. \u00d6\u011fretmenlerin okula uyumu etkileyen etmenlerin neler oldu\u011fu ve erken okuryazarl\u0131k becerilerinin nas\u0131l desteklenebilece\u011fi hakk\u0131nda bilgi sahibi olmalar\u0131 hem kendi uygulamalar\u0131n\u0131 belirleyebilmeleri hem de ebeveynleri y\u00f6nlendirebilmeleri a\u00e7\u0131s\u0131ndan yol g\u00f6sterici olacakt\u0131r.<\/p>\n","protected":false},"excerpt":{"rendered":"<p>Erken okuryazarl\u0131k becerileri, okuma ve yazmay\u0131 de\u011fil \u00e7ocuklar\u0131n okuma ve yazmaya ili\u015fkin \u00f6nko\u015ful bilgilerini, tutumlar\u0131n\u0131, davran\u0131\u015flar\u0131n\u0131 ve becerilerini ifade etmektedir. Erken okuryazarl\u0131k becerilerinin temel bile\u015fenleri erken<span class=\"excerpt-hellip\"> [\u2026]<\/span><\/p>\n","protected":false},"featured_media":0,"template":"","meta":{"_monsterinsights_skip_tracking":false,"_monsterinsights_sitenote_active":false,"_monsterinsights_sitenote_note":"","_monsterinsights_sitenote_category":0},"product_brand":[],"product_cat":[12573,12566],"product_tag":[],"class_list":{"0":"post-745154","1":"product","2":"type-product","3":"status-publish","5":"product_cat-akademik-kitaplar","6":"product_cat-egitim","7":"pa_cilt-ciltsiz","8":"pa_tur-kitap","9":"pa_yayinevi-egiten-kitap","10":"pa_yazar-kolektif","12":"first","13":"instock","14":"sale","15":"shipping-taxable","16":"purchasable","17":"product-type-simple"},"_links":{"self":[{"href":"https:\/\/roveyayinevi.com.tr\/index.php\/wp-json\/wp\/v2\/product\/745154","targetHints":{"allow":["GET"]}}],"collection":[{"href":"https:\/\/roveyayinevi.com.tr\/index.php\/wp-json\/wp\/v2\/product"}],"about":[{"href":"https:\/\/roveyayinevi.com.tr\/index.php\/wp-json\/wp\/v2\/types\/product"}],"wp:attachment":[{"href":"https:\/\/roveyayinevi.com.tr\/index.php\/wp-json\/wp\/v2\/media?parent=745154"}],"wp:term":[{"taxonomy":"product_brand","embeddable":true,"href":"https:\/\/roveyayinevi.com.tr\/index.php\/wp-json\/wp\/v2\/product_brand?post=745154"},{"taxonomy":"product_cat","embeddable":true,"href":"https:\/\/roveyayinevi.com.tr\/index.php\/wp-json\/wp\/v2\/product_cat?post=745154"},{"taxonomy":"product_tag","embeddable":true,"href":"https:\/\/roveyayinevi.com.tr\/index.php\/wp-json\/wp\/v2\/product_tag?post=745154"}],"curies":[{"name":"wp","href":"https:\/\/api.w.org\/{rel}","templated":true}]}}