{"id":745151,"date":"2025-08-28T02:12:43","date_gmt":"2025-08-27T23:12:43","guid":{"rendered":"https:\/\/roveyayinevi.com.tr\/index.php\/urun\/agackakan-piki\/"},"modified":"2026-04-16T02:57:32","modified_gmt":"2026-04-15T23:57:32","slug":"agackakan-piki","status":"publish","type":"product","link":"https:\/\/roveyayinevi.com.tr\/index.php\/urun\/agackakan-piki\/","title":{"rendered":"A\u011fa\u00e7kakan Piki"},"content":{"rendered":"<p>A\u011fa\u00e7kakan Piki, a\u011fa\u00e7lar\u0131n kabuklar\u0131n\u0131 gagalayarak, alt\u0131nda gizlenmi\u015f t\u0131rt\u0131l ve b\u00f6ceklerle beslenirmi\u015f. Sadece beslenmiyormu\u015f ama\u2026A\u011fa\u00e7 g\u00f6vdelerini ritim tutarak gagal\u0131yormu\u015f. Ormandaki t\u00fcm hayvanlar, Piki\u2019nin ritmini g\u00fcr\u00fclt\u00fcl\u00fc bulurken Bilge Bayku\u015f hi\u00e7 de \u00f6yle d\u00fc\u015f\u00fcnm\u00fcyormu\u015f. Bilge Bayku\u015f ile konu\u015fmak Piki\u2019yi cesaretlendirmi\u015f. Hayalini ger\u00e7ekle\u015ftirmeye karar vermi\u015f.Piki\u2019nin hayali neymi\u015f? Bilge Bayku\u015f, Piki\u2019yi nas\u0131l cesaretlendirmi\u015f? Piki hayalini ger\u00e7ekle\u015ftirebilmi\u015f mi?(Tan\u0131t\u0131m B\u00fclteninden)<\/p>\n","protected":false},"excerpt":{"rendered":"<p>A\u011fa\u00e7kakan Piki, a\u011fa\u00e7lar\u0131n kabuklar\u0131n\u0131 gagalayarak, alt\u0131nda gizlenmi\u015f t\u0131rt\u0131l ve b\u00f6ceklerle beslenirmi\u015f. Sadece beslenmiyormu\u015f ama\u2026A\u011fa\u00e7 g\u00f6vdelerini ritim tutarak gagal\u0131yormu\u015f. Ormandaki t\u00fcm hayvanlar, Piki\u2019nin ritmini g\u00fcr\u00fclt\u00fcl\u00fc bulurken Bilge<span class=\"excerpt-hellip\"> [\u2026]<\/span><\/p>\n","protected":false},"featured_media":0,"template":"","meta":{"_monsterinsights_skip_tracking":false,"_monsterinsights_sitenote_active":false,"_monsterinsights_sitenote_note":"","_monsterinsights_sitenote_category":0},"product_brand":[],"product_cat":[12274,12523],"product_tag":[],"class_list":{"0":"post-745151","1":"product","2":"type-product","3":"status-publish","5":"product_cat-cocuk-ve-genclik-kitaplari","6":"product_cat-masallar","7":"pa_cilt-ciltsiz","8":"pa_tur-kitap","9":"pa_yayinevi-egiten-kitap","10":"pa_yazar-mahmut-yilmaz","12":"first","13":"instock","14":"sale","15":"shipping-taxable","16":"purchasable","17":"product-type-simple"},"_links":{"self":[{"href":"https:\/\/roveyayinevi.com.tr\/index.php\/wp-json\/wp\/v2\/product\/745151","targetHints":{"allow":["GET"]}}],"collection":[{"href":"https:\/\/roveyayinevi.com.tr\/index.php\/wp-json\/wp\/v2\/product"}],"about":[{"href":"https:\/\/roveyayinevi.com.tr\/index.php\/wp-json\/wp\/v2\/types\/product"}],"wp:attachment":[{"href":"https:\/\/roveyayinevi.com.tr\/index.php\/wp-json\/wp\/v2\/media?parent=745151"}],"wp:term":[{"taxonomy":"product_brand","embeddable":true,"href":"https:\/\/roveyayinevi.com.tr\/index.php\/wp-json\/wp\/v2\/product_brand?post=745151"},{"taxonomy":"product_cat","embeddable":true,"href":"https:\/\/roveyayinevi.com.tr\/index.php\/wp-json\/wp\/v2\/product_cat?post=745151"},{"taxonomy":"product_tag","embeddable":true,"href":"https:\/\/roveyayinevi.com.tr\/index.php\/wp-json\/wp\/v2\/product_tag?post=745151"}],"curies":[{"name":"wp","href":"https:\/\/api.w.org\/{rel}","templated":true}]}}