{"id":745150,"date":"2025-08-28T02:12:41","date_gmt":"2025-08-27T23:12:41","guid":{"rendered":"https:\/\/roveyayinevi.com.tr\/index.php\/urun\/on-bir\/"},"modified":"2026-04-16T02:57:32","modified_gmt":"2026-04-15T23:57:32","slug":"on-bir","status":"publish","type":"product","link":"https:\/\/roveyayinevi.com.tr\/index.php\/urun\/on-bir\/","title":{"rendered":"On Bir"},"content":{"rendered":"<p>Konstantinopolis, 1185 Patrikhanenin y\u00fcksek duvarlar\u0131 aras\u0131nda, yeni do\u011fmu\u015f bir bebe\u011fin sesi duyuluyor. Onu hayatta tutmaya g\u00f6n\u00fcll\u00fc \u00fc\u00e7 rahip de kimi b\u00fcy\u00fcteceklerini hen\u00fcz bilmiyorlar.   Venedik, 1201 D\u00f6rd\u00fcnc\u00fc Ha\u00e7l\u0131 Seferleri haz\u0131rl\u0131klar\u0131 yap\u0131l\u0131yor. Meydanlarda \u00f6lecek olanlar bu seferin ger\u00e7ek sebebini bilmiyorlar.   Antarktika, 1979 D\u0131\u015far\u0131dan bak\u0131nca g\u00f6r\u00fcnmeyen bir bilim \u00fcss\u00fc, baba k\u0131z ola\u011fan\u00fcst\u00fc projeler \u00fczerinde \u00e7al\u0131\u015f\u0131yorlar. Yapt\u0131klar\u0131 deneylerin sonucunda varacaklar\u0131 yeri hen\u00fcz bilmiyorlar.   \u0130stanbul, 2019 \u00dcniversitede k\u00fc\u00e7\u00fck bir oda, gizemli bir k\u00e2\u011f\u0131d\u0131n ba\u015f\u0131nda toplanm\u0131\u015f \u00fc\u00e7 akademisyen. Hayretle \u00e7\u00f6zmeye \u00e7al\u0131\u015ft\u0131klar\u0131 mektubun nereden ve nas\u0131l geldi\u011fini bilmiyorlar.   Hay\u0131r, bu hik\u00e2ye; tarih, bilim, sava\u015f, gizemli ilimler ve din hakk\u0131nda de\u011fil. Ancak, hepsinin \u00fczerinden ve i\u00e7inden y\u00fcr\u00fcyerek ge\u00e7iyor. \u0130stanbul&#8217;da gezinirken &#8220;Yoksa?&#8221; demenizi sa\u011flayacak sorular ve cevaplarla&#8230;   <\/p>\n","protected":false},"excerpt":{"rendered":"<p>Konstantinopolis, 1185 Patrikhanenin y\u00fcksek duvarlar\u0131 aras\u0131nda, yeni do\u011fmu\u015f bir bebe\u011fin sesi duyuluyor. Onu hayatta tutmaya g\u00f6n\u00fcll\u00fc \u00fc\u00e7 rahip de kimi b\u00fcy\u00fcteceklerini hen\u00fcz bilmiyorlar. Venedik, 1201 D\u00f6rd\u00fcnc\u00fc<span class=\"excerpt-hellip\"> [\u2026]<\/span><\/p>\n","protected":false},"featured_media":0,"template":"","meta":{"_monsterinsights_skip_tracking":false,"_monsterinsights_sitenote_active":false,"_monsterinsights_sitenote_note":"","_monsterinsights_sitenote_category":0},"product_brand":[],"product_cat":[12291,50487],"product_tag":[],"class_list":{"0":"post-745150","1":"product","2":"type-product","3":"status-publish","5":"product_cat-edebiyat","6":"product_cat-kurgu","7":"pa_cilt-ciltsiz","8":"pa_tur-kitap","9":"pa_yayinevi-epsilon-yayinlari","10":"pa_yazar-nur-cakmakci-algun","12":"first","13":"instock","14":"sale","15":"shipping-taxable","16":"purchasable","17":"product-type-simple"},"_links":{"self":[{"href":"https:\/\/roveyayinevi.com.tr\/index.php\/wp-json\/wp\/v2\/product\/745150","targetHints":{"allow":["GET"]}}],"collection":[{"href":"https:\/\/roveyayinevi.com.tr\/index.php\/wp-json\/wp\/v2\/product"}],"about":[{"href":"https:\/\/roveyayinevi.com.tr\/index.php\/wp-json\/wp\/v2\/types\/product"}],"wp:attachment":[{"href":"https:\/\/roveyayinevi.com.tr\/index.php\/wp-json\/wp\/v2\/media?parent=745150"}],"wp:term":[{"taxonomy":"product_brand","embeddable":true,"href":"https:\/\/roveyayinevi.com.tr\/index.php\/wp-json\/wp\/v2\/product_brand?post=745150"},{"taxonomy":"product_cat","embeddable":true,"href":"https:\/\/roveyayinevi.com.tr\/index.php\/wp-json\/wp\/v2\/product_cat?post=745150"},{"taxonomy":"product_tag","embeddable":true,"href":"https:\/\/roveyayinevi.com.tr\/index.php\/wp-json\/wp\/v2\/product_tag?post=745150"}],"curies":[{"name":"wp","href":"https:\/\/api.w.org\/{rel}","templated":true}]}}