{"id":745147,"date":"2025-08-28T02:12:37","date_gmt":"2025-08-27T23:12:37","guid":{"rendered":"https:\/\/roveyayinevi.com.tr\/index.php\/urun\/evini-arayan-yavrukurt\/"},"modified":"2026-04-16T02:57:32","modified_gmt":"2026-04-15T23:57:32","slug":"evini-arayan-yavrukurt","status":"publish","type":"product","link":"https:\/\/roveyayinevi.com.tr\/index.php\/urun\/evini-arayan-yavrukurt\/","title":{"rendered":"Evini Arayan Yavrukurt"},"content":{"rendered":"<p>Yavrukurt ad\u0131nda G\u00dc\u00c7L\u00dc ve BA\u011eIMSIZ olmak isteyen bir kurt vard\u0131r. Bir g\u00fcn kendini evinden uzakta, kar\u0131n ve so\u011fu\u011fun i\u00e7inde YALNIZ bulur. Evine d\u00f6nmek ve onu g\u00fcvende tutmak i\u00e7in ise birilerinden yard\u0131m istemek zorundad\u0131r.     \u201cBright\u2019\u0131n lirik dizeleri, Jim Field\u2019\u0131n \u00e7arp\u0131c\u0131 \u00e7izimleriyle m\u00fckemmel bir \u015fekilde tamamlan\u0131yor.\u2019\u2019   -Daily Mail <\/p>\n","protected":false},"excerpt":{"rendered":"<p>Yavrukurt ad\u0131nda G\u00dc\u00c7L\u00dc ve BA\u011eIMSIZ olmak isteyen bir kurt vard\u0131r. Bir g\u00fcn kendini evinden uzakta, kar\u0131n ve so\u011fu\u011fun i\u00e7inde YALNIZ bulur. Evine d\u00f6nmek ve onu g\u00fcvende<span class=\"excerpt-hellip\"> [\u2026]<\/span><\/p>\n","protected":false},"featured_media":0,"template":"","meta":{"_monsterinsights_skip_tracking":false,"_monsterinsights_sitenote_active":false,"_monsterinsights_sitenote_note":"","_monsterinsights_sitenote_category":0},"product_brand":[],"product_cat":[12274,12284],"product_tag":[],"class_list":{"0":"post-745147","1":"product","2":"type-product","3":"status-publish","5":"product_cat-cocuk-ve-genclik-kitaplari","6":"product_cat-hikayeler","7":"pa_cilt-ciltsiz","8":"pa_tur-kitap","9":"pa_yayinevi-ucanfil-ozel-urun","10":"pa_yazar-rachel-bright","12":"first","13":"instock","14":"sale","15":"shipping-taxable","16":"purchasable","17":"product-type-simple"},"_links":{"self":[{"href":"https:\/\/roveyayinevi.com.tr\/index.php\/wp-json\/wp\/v2\/product\/745147","targetHints":{"allow":["GET"]}}],"collection":[{"href":"https:\/\/roveyayinevi.com.tr\/index.php\/wp-json\/wp\/v2\/product"}],"about":[{"href":"https:\/\/roveyayinevi.com.tr\/index.php\/wp-json\/wp\/v2\/types\/product"}],"wp:attachment":[{"href":"https:\/\/roveyayinevi.com.tr\/index.php\/wp-json\/wp\/v2\/media?parent=745147"}],"wp:term":[{"taxonomy":"product_brand","embeddable":true,"href":"https:\/\/roveyayinevi.com.tr\/index.php\/wp-json\/wp\/v2\/product_brand?post=745147"},{"taxonomy":"product_cat","embeddable":true,"href":"https:\/\/roveyayinevi.com.tr\/index.php\/wp-json\/wp\/v2\/product_cat?post=745147"},{"taxonomy":"product_tag","embeddable":true,"href":"https:\/\/roveyayinevi.com.tr\/index.php\/wp-json\/wp\/v2\/product_tag?post=745147"}],"curies":[{"name":"wp","href":"https:\/\/api.w.org\/{rel}","templated":true}]}}