{"id":745145,"date":"2025-08-28T02:12:34","date_gmt":"2025-08-27T23:12:34","guid":{"rendered":"https:\/\/roveyayinevi.com.tr\/index.php\/urun\/sivri-asali-kizlar\/"},"modified":"2026-04-16T02:57:32","modified_gmt":"2026-04-15T23:57:32","slug":"sivri-asali-kizlar","status":"publish","type":"product","link":"https:\/\/roveyayinevi.com.tr\/index.php\/urun\/sivri-asali-kizlar\/","title":{"rendered":"Sivri Asal\u0131 K\u0131zlar"},"content":{"rendered":"<p>New York Times\u2019\u0131n \u00e7oksatan yazar\u0131ndan \u00fcrk\u00fct\u00fcc\u00fc ve cesur bir d\u00fcnya!         Yenilikler Akademisi\u2019nin \u00f6\u011frencileri uyumlu ve terbiyeli k\u0131zlard\u0131r; en az\u0131ndan karnelerinde yazan bu. Burada tam da erkeklerin istedi\u011fi gibi gelece\u011fin itaatk\u00e2r e\u015fleri ve ideal ev han\u0131mlar\u0131 olmak i\u00e7in koruyucular\u0131n denetimi alt\u0131nda onlar\u0131 en iyi hallerine getirmeyi vaat eden \u00e7ok y\u00f6nl\u00fc, prestijli bir e\u011fitim al\u0131rlar.        K\u0131zlardan birinin ortadan kaybolmas\u0131yla Philomena ve di\u011fer k\u0131zlar daha \u00f6nce ihtiya\u00e7lar\u0131 oldu\u011funu bile bilmedikleri bir cevab\u0131 aramaya ba\u015flar ve orada ger\u00e7ekte neler olup bitti\u011finin karanl\u0131k s\u0131rlar\u0131n\u0131 ortaya \u00e7\u0131karmay\u0131 kafalar\u0131na koyarlar! Kim olduklar\u0131n\u0131 ve potansiyellerini fark eden Yenilikler Akademisi\u2019nin k\u0131zlar\u0131 sava\u015fmay\u0131 ve intikam\u0131 \u00f6\u011frenirler!     &#8220;Bu roman, bir okuru sarsacak kadar olay \u00f6rg\u00fcs\u00fc i\u00e7eriyor.&#8221;                                                                                                 \u2212Cosmopolitan     \u201cMerak uyand\u0131ran bir roman. Okurlar devam\u0131n\u0131 d\u00f6rt g\u00f6zle bekleyecek.\u201d                                                                                                 \u2212Kirkus Reviews <\/p>\n","protected":false},"excerpt":{"rendered":"<p>New York Times\u2019\u0131n \u00e7oksatan yazar\u0131ndan \u00fcrk\u00fct\u00fcc\u00fc ve cesur bir d\u00fcnya! Yenilikler Akademisi\u2019nin \u00f6\u011frencileri uyumlu ve terbiyeli k\u0131zlard\u0131r; en az\u0131ndan karnelerinde yazan bu. Burada tam da erkeklerin<span class=\"excerpt-hellip\"> [\u2026]<\/span><\/p>\n","protected":false},"featured_media":0,"template":"","meta":{"_monsterinsights_skip_tracking":false,"_monsterinsights_sitenote_active":false,"_monsterinsights_sitenote_note":"","_monsterinsights_sitenote_category":0},"product_brand":[],"product_cat":[12291,50487],"product_tag":[],"class_list":{"0":"post-745145","1":"product","2":"type-product","3":"status-publish","5":"product_cat-edebiyat","6":"product_cat-kurgu","7":"pa_cilt-ciltsiz","8":"pa_tur-kitap","9":"pa_yayinevi-epsilon-yayinlari","10":"pa_yazar-suzanne-young","12":"first","13":"instock","14":"sale","15":"shipping-taxable","16":"purchasable","17":"product-type-simple"},"_links":{"self":[{"href":"https:\/\/roveyayinevi.com.tr\/index.php\/wp-json\/wp\/v2\/product\/745145","targetHints":{"allow":["GET"]}}],"collection":[{"href":"https:\/\/roveyayinevi.com.tr\/index.php\/wp-json\/wp\/v2\/product"}],"about":[{"href":"https:\/\/roveyayinevi.com.tr\/index.php\/wp-json\/wp\/v2\/types\/product"}],"wp:attachment":[{"href":"https:\/\/roveyayinevi.com.tr\/index.php\/wp-json\/wp\/v2\/media?parent=745145"}],"wp:term":[{"taxonomy":"product_brand","embeddable":true,"href":"https:\/\/roveyayinevi.com.tr\/index.php\/wp-json\/wp\/v2\/product_brand?post=745145"},{"taxonomy":"product_cat","embeddable":true,"href":"https:\/\/roveyayinevi.com.tr\/index.php\/wp-json\/wp\/v2\/product_cat?post=745145"},{"taxonomy":"product_tag","embeddable":true,"href":"https:\/\/roveyayinevi.com.tr\/index.php\/wp-json\/wp\/v2\/product_tag?post=745145"}],"curies":[{"name":"wp","href":"https:\/\/api.w.org\/{rel}","templated":true}]}}