{"id":745142,"date":"2025-08-28T02:12:29","date_gmt":"2025-08-27T23:12:29","guid":{"rendered":"https:\/\/roveyayinevi.com.tr\/index.php\/urun\/fotograftaki-yuz\/"},"modified":"2026-04-16T02:57:32","modified_gmt":"2026-04-15T23:57:32","slug":"fotograftaki-yuz","status":"publish","type":"product","link":"https:\/\/roveyayinevi.com.tr\/index.php\/urun\/fotograftaki-yuz\/","title":{"rendered":"Foto\u011fraftaki Y\u00fcz"},"content":{"rendered":"<p>&#8220;Bu roman\u0131 elinizden b\u0131rakmakta zorlanacaks\u0131n\u0131z.&#8221; \u2212Daily Record   &#8220;Y\u0131l\u0131n en iyi gerilim romanlar\u0131ndan biri!&#8221; \u2212Evening Standard     \u00d6zel dedektif Jessica Shaw, ayd\u0131nlat\u0131lmas\u0131 gereken bir cinayet ya da ortaya \u00e7\u0131kar\u0131lmas\u0131 gereken gizemlerle ilgili ipu\u00e7lar\u0131 almaya al\u0131\u015fk\u0131nd\u0131r. Yirmi be\u015f y\u0131l \u00f6nce Los Angeles&#8217;ta ka\u00e7\u0131r\u0131lan \u00fc\u00e7 ya\u015f\u0131ndaki bir k\u0131z \u00e7ocu\u011funun foto\u011fraf\u0131 e-postas\u0131na d\u00fc\u015ft\u00fc\u011f\u00fcnde, bunun da her zamanki gibi bir durum oldu\u011funu d\u00fc\u015f\u00fcn\u00fcr. Ancak foto\u011fraftaki y\u00fcze bakt\u0131k\u00e7a i\u015fler de\u011fi\u015fir. Bilgisayar ekran\u0131ndan ona bakan k\u00fc\u00e7\u00fck k\u0131z, Jessica\u2019n\u0131n ta kendisidir!   \u00c7ocukken ka\u00e7\u0131r\u0131lm\u0131\u015f oldu\u011fu bilgisi Jessica\u2019n\u0131n d\u00fc\u015f\u00fcncelerini alt\u00fcst eder. O ka\u00e7\u0131r\u0131lma olay\u0131ndan sonra bulundu\u011funa dair bir bilgi de yoktur. Etraf\u0131ndaki herkese, her \u015feye farkl\u0131 g\u00f6zlerle bakmaya ba\u015flayan Jessica i\u00e7in ya\u015fam\u0131n\u0131 geri kazanman\u0131n yolu ge\u00e7mi\u015fe y\u00f6nelik ipu\u00e7lar\u0131n\u0131 takip edip t\u00fcm bu gizemi \u00e7\u00f6zmektir.   \u00dcstelik bunu hi\u00e7 kimseler anlamadan yapmas\u0131 gerekmektedir. Kapkaranl\u0131k bir t\u00fcnelde yolunu el yordam\u0131yla bulmak zorunda kal\u0131r Jessica. Tek umudu ise t\u00fcnelin ucunda \u0131\u015f\u0131\u011f\u0131 g\u00f6rmektir. <\/p>\n","protected":false},"excerpt":{"rendered":"<p>&#8220;Bu roman\u0131 elinizden b\u0131rakmakta zorlanacaks\u0131n\u0131z.&#8221; \u2212Daily Record &#8220;Y\u0131l\u0131n en iyi gerilim romanlar\u0131ndan biri!&#8221; \u2212Evening Standard \u00d6zel dedektif Jessica Shaw, ayd\u0131nlat\u0131lmas\u0131 gereken bir cinayet ya da ortaya<span class=\"excerpt-hellip\"> [\u2026]<\/span><\/p>\n","protected":false},"featured_media":0,"template":"","meta":{"_monsterinsights_skip_tracking":false,"_monsterinsights_sitenote_active":false,"_monsterinsights_sitenote_note":"","_monsterinsights_sitenote_category":0},"product_brand":[],"product_cat":[12291,50487],"product_tag":[],"class_list":{"0":"post-745142","1":"product","2":"type-product","3":"status-publish","5":"product_cat-edebiyat","6":"product_cat-kurgu","7":"pa_cilt-ciltsiz","8":"pa_tur-kitap","9":"pa_yayinevi-epsilon-yayinlari","10":"pa_yazar-lisa-gray","12":"first","13":"instock","14":"sale","15":"shipping-taxable","16":"purchasable","17":"product-type-simple"},"_links":{"self":[{"href":"https:\/\/roveyayinevi.com.tr\/index.php\/wp-json\/wp\/v2\/product\/745142","targetHints":{"allow":["GET"]}}],"collection":[{"href":"https:\/\/roveyayinevi.com.tr\/index.php\/wp-json\/wp\/v2\/product"}],"about":[{"href":"https:\/\/roveyayinevi.com.tr\/index.php\/wp-json\/wp\/v2\/types\/product"}],"wp:attachment":[{"href":"https:\/\/roveyayinevi.com.tr\/index.php\/wp-json\/wp\/v2\/media?parent=745142"}],"wp:term":[{"taxonomy":"product_brand","embeddable":true,"href":"https:\/\/roveyayinevi.com.tr\/index.php\/wp-json\/wp\/v2\/product_brand?post=745142"},{"taxonomy":"product_cat","embeddable":true,"href":"https:\/\/roveyayinevi.com.tr\/index.php\/wp-json\/wp\/v2\/product_cat?post=745142"},{"taxonomy":"product_tag","embeddable":true,"href":"https:\/\/roveyayinevi.com.tr\/index.php\/wp-json\/wp\/v2\/product_tag?post=745142"}],"curies":[{"name":"wp","href":"https:\/\/api.w.org\/{rel}","templated":true}]}}