{"id":745141,"date":"2025-08-28T02:12:28","date_gmt":"2025-08-27T23:12:28","guid":{"rendered":"https:\/\/roveyayinevi.com.tr\/index.php\/urun\/haci-bektas-efsaneden-gercege\/"},"modified":"2026-04-16T02:57:32","modified_gmt":"2026-04-15T23:57:32","slug":"haci-bektas-efsaneden-gercege","status":"publish","type":"product","link":"https:\/\/roveyayinevi.com.tr\/index.php\/urun\/haci-bektas-efsaneden-gercege\/","title":{"rendered":"Hac\u0131 Bekta\u015f Efsaneden Ger\u00e7e\u011fe"},"content":{"rendered":"<p>Ir\u00e8ne Melikoff\u2019un, 13. y\u00fczy\u0131ldaki k\u00f6kenlerinden ba\u015flayarak, T\u00fcrk halk dininin tarihi ve geli\u015fimi hakk\u0131nda yapt\u0131\u011f\u0131 derinlemesine ara\u015ft\u0131rmalar\u0131n bir meyvesi olan bu \u00e7al\u0131\u015fma, merkezine Hac\u0131 Bekta\u015f\u2019\u0131 al\u0131yor. Ger\u00e7ek bir ki\u015filik olsa da kendisine atfedilen tanr\u0131sal unsurlar sebebiyle bir efsaneye d\u00f6n\u00fc\u015fen bu T\u00fcrk halk velisi, y\u00fczy\u0131llar i\u00e7inde g\u00f6sterdi\u011fi geli\u015fimle farkl\u0131 co\u011frafyalarda farkl\u0131 \u015fekillerde do\u011fan bir halk dinine yol a\u00e7m\u0131\u015ft\u0131: Melikoff\u2019un, bir dinler senkretizmi oldu\u011funun alt\u0131n\u0131 tekrar tekrar \u00e7izdi\u011fi, Alevilik ve Bekta\u015filik olgular\u0131. Melikoff bu olgular\u0131n k\u00f6kenine inerek Alevi ve Bekta\u015filer ile inan\u0131\u015flar\u0131n\u0131n ve Hac\u0131 Bekta\u015f imgelerinin bug\u00fcn geldikleri noktay\u0131 anlamam\u0131za da katk\u0131 sa\u011fl\u0131yor. Efsaneden Ger\u00e7e\u011fe\u2019de i\u015fte bu birbirinden do\u011fan iki kolun inan\u00e7 ve ibadet bi\u00e7imlerini incelerken engin halk edebiyat\u0131na dair kapsaml\u0131 bir \u00f6zet sunuyor. Tarihsel s\u00fcre\u00e7 i\u00e7inde ge\u00e7irdikleri evrimi, gelecekteki beklentilerini ve kurumsal dini yap\u0131da kar\u015f\u0131la\u015ft\u0131klar\u0131 tepkileri ele alan Melikoff sadece yaz\u0131l\u0131 kaynaklarla s\u0131n\u0131rl\u0131 kalmam\u0131\u015f; s\u00f6z konusu \u00e7evrelerde bizzat yapt\u0131\u011f\u0131 g\u00f6zlemleri, dinledi\u011fi ve deneyimledi\u011fi her hik\u00e2yeyi \u00e7al\u0131\u015fmas\u0131na dahil etmi\u015ftir. \u201cAlevilerin fahri anas\u0131\u201d yak\u0131\u015ft\u0131rmas\u0131 yap\u0131lan Melikoff\u2019un bu alandaki \u00e7al\u0131\u015fmalar\u0131n\u0131 benzersiz k\u0131lan tam da budur. Melikoff bu olgular\u0131n k\u00f6kenine inerek Alevi ve Bekta\u015filer ile inan\u0131\u015flar\u0131n\u0131n ve Hac\u0131 Bekta\u015f imgelerinin bug\u00fcn geldikleri noktay\u0131 anlamam\u0131za da katk\u0131 sa\u011fl\u0131yor. <\/p>\n","protected":false},"excerpt":{"rendered":"<p>Ir\u00e8ne Melikoff\u2019un, 13. y\u00fczy\u0131ldaki k\u00f6kenlerinden ba\u015flayarak, T\u00fcrk halk dininin tarihi ve geli\u015fimi hakk\u0131nda yapt\u0131\u011f\u0131 derinlemesine ara\u015ft\u0131rmalar\u0131n bir meyvesi olan bu \u00e7al\u0131\u015fma, merkezine Hac\u0131 Bekta\u015f\u2019\u0131 al\u0131yor. Ger\u00e7ek<span class=\"excerpt-hellip\"> [\u2026]<\/span><\/p>\n","protected":false},"featured_media":0,"template":"","meta":{"_monsterinsights_skip_tracking":false,"_monsterinsights_sitenote_active":false,"_monsterinsights_sitenote_note":"","_monsterinsights_sitenote_category":0},"product_brand":[],"product_cat":[13575,12718,12719],"product_tag":[],"class_list":{"0":"post-745141","1":"product","2":"type-product","3":"status-publish","5":"product_cat-alevilik-bektasilik","6":"product_cat-din","7":"product_cat-islam","8":"pa_cilt-ciltsiz","9":"pa_tur-kitap","10":"pa_yayinevi-monografi-yayinlari","11":"pa_yazar-irene-melikoff","13":"first","14":"instock","15":"sale","16":"shipping-taxable","17":"purchasable","18":"product-type-simple"},"_links":{"self":[{"href":"https:\/\/roveyayinevi.com.tr\/index.php\/wp-json\/wp\/v2\/product\/745141","targetHints":{"allow":["GET"]}}],"collection":[{"href":"https:\/\/roveyayinevi.com.tr\/index.php\/wp-json\/wp\/v2\/product"}],"about":[{"href":"https:\/\/roveyayinevi.com.tr\/index.php\/wp-json\/wp\/v2\/types\/product"}],"wp:attachment":[{"href":"https:\/\/roveyayinevi.com.tr\/index.php\/wp-json\/wp\/v2\/media?parent=745141"}],"wp:term":[{"taxonomy":"product_brand","embeddable":true,"href":"https:\/\/roveyayinevi.com.tr\/index.php\/wp-json\/wp\/v2\/product_brand?post=745141"},{"taxonomy":"product_cat","embeddable":true,"href":"https:\/\/roveyayinevi.com.tr\/index.php\/wp-json\/wp\/v2\/product_cat?post=745141"},{"taxonomy":"product_tag","embeddable":true,"href":"https:\/\/roveyayinevi.com.tr\/index.php\/wp-json\/wp\/v2\/product_tag?post=745141"}],"curies":[{"name":"wp","href":"https:\/\/api.w.org\/{rel}","templated":true}]}}