{"id":745140,"date":"2025-08-28T02:12:27","date_gmt":"2025-08-27T23:12:27","guid":{"rendered":"https:\/\/roveyayinevi.com.tr\/index.php\/urun\/erken-cocukluk-doneminde-artirilmis-gerceklik\/"},"modified":"2026-04-16T02:57:32","modified_gmt":"2026-04-15T23:57:32","slug":"erken-cocukluk-doneminde-artirilmis-gerceklik","status":"publish","type":"product","link":"https:\/\/roveyayinevi.com.tr\/index.php\/urun\/erken-cocukluk-doneminde-artirilmis-gerceklik\/","title":{"rendered":"Erken \u00c7ocukluk D\u00f6neminde Art\u0131r\u0131lm\u0131\u015f Ger\u00e7eklik"},"content":{"rendered":"<p>Tarih boyunca hayat\u0131n \u00e7e\u015fitli alanlar\u0131nda meydana gelen teknolojik geli\u015fmeler ya\u015fam\u0131n farkl\u0131 alanlar\u0131nda da kendini g\u00f6stermeye ba\u015flayarak, bireylere kolayl\u0131k sunmay\u0131 hedeflemi\u015ftir.   Teknolojideki bu geli\u015fim dalgas\u0131 dijital i\u00e7erikler yoluyla ger\u00e7ek d\u00fcnyay\u0131 alg\u0131lamam\u0131z\u0131 kolayla\u015ft\u0131rarak \u00f6\u011frenmeyi daha ilgin\u00e7 hale getirerek e\u011flenceli alternatifler sunmas\u0131na da olanak vermi\u015ftir. Bu inovatif uygulamalardan biri olan Art\u0131r\u0131lm\u0131\u015f Ger\u00e7eklik son zamanlarda pop\u00fcler olmakla kalmay\u0131p, ya\u015fam\u0131n i\u00e7inden bir terim ve teknoloji haline gelmi\u015ftir. Sanal ve ger\u00e7ek \u00f6\u011felerin ger\u00e7ek zamanl\u0131 etkile\u015fimine imkan tan\u0131yan bu ger\u00e7eklik; bilgileri bilimle\u015ftirerek, g\u00f6rselle\u015ftirerek sunar. Dokunma, hissetme, hareket ettirme gibi ya\u015famsal deneyimler y\u00f6n\u00fcnden zenginle\u015ftirilmi\u015f bu ger\u00e7eklik teknolojisi kavramlar\u0131n somutla\u015ft\u0131r\u0131lmas\u0131 noktas\u0131nda da bireysel \u00f6\u011frenmeye de katk\u0131 sa\u011flar.<\/p>\n","protected":false},"excerpt":{"rendered":"<p>Tarih boyunca hayat\u0131n \u00e7e\u015fitli alanlar\u0131nda meydana gelen teknolojik geli\u015fmeler ya\u015fam\u0131n farkl\u0131 alanlar\u0131nda da kendini g\u00f6stermeye ba\u015flayarak, bireylere kolayl\u0131k sunmay\u0131 hedeflemi\u015ftir. Teknolojideki bu geli\u015fim dalgas\u0131 dijital i\u00e7erikler<span class=\"excerpt-hellip\"> [\u2026]<\/span><\/p>\n","protected":false},"featured_media":0,"template":"","meta":{"_monsterinsights_skip_tracking":false,"_monsterinsights_sitenote_active":false,"_monsterinsights_sitenote_note":"","_monsterinsights_sitenote_category":0},"product_brand":[],"product_cat":[12573,12566],"product_tag":[],"class_list":{"0":"post-745140","1":"product","2":"type-product","3":"status-publish","5":"product_cat-akademik-kitaplar","6":"product_cat-egitim","7":"pa_cilt-ciltsiz","8":"pa_tur-kitap","9":"pa_yayinevi-egiten-kitap","10":"pa_yazar-kolektif","12":"first","13":"instock","14":"sale","15":"shipping-taxable","16":"purchasable","17":"product-type-simple"},"_links":{"self":[{"href":"https:\/\/roveyayinevi.com.tr\/index.php\/wp-json\/wp\/v2\/product\/745140","targetHints":{"allow":["GET"]}}],"collection":[{"href":"https:\/\/roveyayinevi.com.tr\/index.php\/wp-json\/wp\/v2\/product"}],"about":[{"href":"https:\/\/roveyayinevi.com.tr\/index.php\/wp-json\/wp\/v2\/types\/product"}],"wp:attachment":[{"href":"https:\/\/roveyayinevi.com.tr\/index.php\/wp-json\/wp\/v2\/media?parent=745140"}],"wp:term":[{"taxonomy":"product_brand","embeddable":true,"href":"https:\/\/roveyayinevi.com.tr\/index.php\/wp-json\/wp\/v2\/product_brand?post=745140"},{"taxonomy":"product_cat","embeddable":true,"href":"https:\/\/roveyayinevi.com.tr\/index.php\/wp-json\/wp\/v2\/product_cat?post=745140"},{"taxonomy":"product_tag","embeddable":true,"href":"https:\/\/roveyayinevi.com.tr\/index.php\/wp-json\/wp\/v2\/product_tag?post=745140"}],"curies":[{"name":"wp","href":"https:\/\/api.w.org\/{rel}","templated":true}]}}