{"id":745139,"date":"2025-08-28T02:12:26","date_gmt":"2025-08-27T23:12:26","guid":{"rendered":"https:\/\/roveyayinevi.com.tr\/index.php\/urun\/cocuk-ve-spor\/"},"modified":"2026-04-16T02:57:31","modified_gmt":"2026-04-15T23:57:31","slug":"cocuk-ve-spor","status":"publish","type":"product","link":"https:\/\/roveyayinevi.com.tr\/index.php\/urun\/cocuk-ve-spor\/","title":{"rendered":"\u00c7ocuk ve Spor"},"content":{"rendered":"<p>Ya\u015fam\u0131n ilk y\u0131llar\u0131nda tablet, telefon gibi dijital aletlerle tan\u0131\u015fan \u00e7ocuklar i\u00e7in g\u00fcn\u00fcm\u00fczde spor art\u0131k bir ihtiya\u00e7 haline gelmi\u015ftir. Hareket k\u0131s\u0131tl\u0131l\u0131\u011f\u0131, egzersiz eksikli\u011fi \u00e7ocuklarda ciddi sorunlara yol a\u00e7abilmektedir.  Bu nedenle, \u00e7ocuklar\u0131n hareketsizlikle ge\u00e7en zamanlar\u0131n\u0131n m\u00fcmk\u00fcn oldu\u011funca azalt\u0131lmas\u0131 i\u00e7in \u00e7ocuk spora te\u015fvik edilmeli ve spor bir e\u011fitim arac\u0131 olarak kullan\u0131lmal\u0131d\u0131r. G\u00fcnl\u00fck ya\u015famda daha fazla egzersiz ve sporun \u00e7ocuklar\u0131n bedensel ve ruhsal y\u00f6nden geli\u015fmesine katk\u0131s\u0131 olur.    Spor, \u00e7ocu\u011fun her ne kadar b\u00fcy\u00fcme ve geli\u015fimine faydas\u0131 oldu\u011fu kadar, \u00e7ocu\u011fun disiplinli bir ya\u015fam tarz\u0131na ve iyi bir sosyal \u00e7evreye sahip olmas\u0131na da fayda sa\u011flar.<\/p>\n","protected":false},"excerpt":{"rendered":"<p>Ya\u015fam\u0131n ilk y\u0131llar\u0131nda tablet, telefon gibi dijital aletlerle tan\u0131\u015fan \u00e7ocuklar i\u00e7in g\u00fcn\u00fcm\u00fczde spor art\u0131k bir ihtiya\u00e7 haline gelmi\u015ftir. Hareket k\u0131s\u0131tl\u0131l\u0131\u011f\u0131, egzersiz eksikli\u011fi \u00e7ocuklarda ciddi sorunlara yol<span class=\"excerpt-hellip\"> [\u2026]<\/span><\/p>\n","protected":false},"featured_media":0,"template":"","meta":{"_monsterinsights_skip_tracking":false,"_monsterinsights_sitenote_active":false,"_monsterinsights_sitenote_note":"","_monsterinsights_sitenote_category":0},"product_brand":[],"product_cat":[12573,12566],"product_tag":[],"class_list":{"0":"post-745139","1":"product","2":"type-product","3":"status-publish","5":"product_cat-akademik-kitaplar","6":"product_cat-egitim","7":"pa_cilt-ciltsiz","8":"pa_tur-kitap","9":"pa_yayinevi-egiten-kitap","10":"pa_yazar-kolektif","12":"first","13":"instock","14":"sale","15":"shipping-taxable","16":"purchasable","17":"product-type-simple"},"_links":{"self":[{"href":"https:\/\/roveyayinevi.com.tr\/index.php\/wp-json\/wp\/v2\/product\/745139","targetHints":{"allow":["GET"]}}],"collection":[{"href":"https:\/\/roveyayinevi.com.tr\/index.php\/wp-json\/wp\/v2\/product"}],"about":[{"href":"https:\/\/roveyayinevi.com.tr\/index.php\/wp-json\/wp\/v2\/types\/product"}],"wp:attachment":[{"href":"https:\/\/roveyayinevi.com.tr\/index.php\/wp-json\/wp\/v2\/media?parent=745139"}],"wp:term":[{"taxonomy":"product_brand","embeddable":true,"href":"https:\/\/roveyayinevi.com.tr\/index.php\/wp-json\/wp\/v2\/product_brand?post=745139"},{"taxonomy":"product_cat","embeddable":true,"href":"https:\/\/roveyayinevi.com.tr\/index.php\/wp-json\/wp\/v2\/product_cat?post=745139"},{"taxonomy":"product_tag","embeddable":true,"href":"https:\/\/roveyayinevi.com.tr\/index.php\/wp-json\/wp\/v2\/product_tag?post=745139"}],"curies":[{"name":"wp","href":"https:\/\/api.w.org\/{rel}","templated":true}]}}