{"id":745136,"date":"2025-08-28T02:12:23","date_gmt":"2025-08-27T23:12:23","guid":{"rendered":"https:\/\/roveyayinevi.com.tr\/index.php\/urun\/mutlu-bir-yasam-akis-yasantisindan-dogar\/"},"modified":"2026-04-16T02:57:31","modified_gmt":"2026-04-15T23:57:31","slug":"mutlu-bir-yasam-akis-yasantisindan-dogar","status":"publish","type":"product","link":"https:\/\/roveyayinevi.com.tr\/index.php\/urun\/mutlu-bir-yasam-akis-yasantisindan-dogar\/","title":{"rendered":"Mutlu Bir Ya\u015fam Ak\u0131\u015f Ya\u015fant\u0131s\u0131ndan Do\u011far"},"content":{"rendered":"<p>\u201cMUTLU \u0130NSAN, YA\u015eAMININ B\u0130R AMACI OLDU\u011eU ALGISINI TA\u015eIMASININ YANI SIRA OLUMLU DUYGULAR YA\u015eAMANIN DA TADINI \u00c7IKARTAN \u0130NSANDIR.\u201d Ak\u0131\u015f ya\u015fant\u0131s\u0131, insanlar\u0131n yapt\u0131klar\u0131 i\u015fi, yaln\u0131zca o i\u015fi yapma ad\u0131na yapmay\u0131 s\u00fcrd\u00fcrd\u00fckleri zaman eri\u015ftikleri zihinsel bir durumdur. Ak\u0131\u015f ya\u015fant\u0131s\u0131 s\u0131ras\u0131nda zaman alg\u0131s\u0131 kaybolur, zevk ve doyum ortaya \u00e7\u0131kar. T\u00fcm varolu\u015fu bir ak\u0131\u015f ya\u015fant\u0131s\u0131na d\u00f6n\u00fc\u015ft\u00fcrmek i\u00e7in, bilincin yaln\u0131zca anl\u0131k durumlar\u0131n\u0131 denetlemeyi \u00f6\u011frenmek yeterli de\u011fildir. G\u00fcnl\u00fck ya\u015famdaki olaylar\u0131n anlam kazanmas\u0131 i\u00e7in hedeflerin genel bir ba\u011flam\u0131 da olmal\u0131d\u0131r. Ya\u015fam\u0131n b\u00fct\u00fcn\u00fcn\u00fc, birle\u015fik ama\u00e7larla tek bir ak\u0131\u015f ya\u015fant\u0131s\u0131na d\u00f6n\u00fc\u015ft\u00fcrmek gerekir. Mutluluk budur!&#8230;   <\/p>\n","protected":false},"excerpt":{"rendered":"<p>\u201cMUTLU \u0130NSAN, YA\u015eAMININ B\u0130R AMACI OLDU\u011eU ALGISINI TA\u015eIMASININ YANI SIRA OLUMLU DUYGULAR YA\u015eAMANIN DA TADINI \u00c7IKARTAN \u0130NSANDIR.\u201d Ak\u0131\u015f ya\u015fant\u0131s\u0131, insanlar\u0131n yapt\u0131klar\u0131 i\u015fi, yaln\u0131zca o i\u015fi yapma<span class=\"excerpt-hellip\"> [\u2026]<\/span><\/p>\n","protected":false},"featured_media":0,"template":"","meta":{"_monsterinsights_skip_tracking":false,"_monsterinsights_sitenote_active":false,"_monsterinsights_sitenote_note":"","_monsterinsights_sitenote_category":0},"product_brand":[],"product_cat":[12358,12357],"product_tag":[],"class_list":{"0":"post-745136","1":"product","2":"type-product","3":"status-publish","5":"product_cat-genel-psikoloji","6":"product_cat-psikoloji","7":"pa_cilt-ciltsiz","8":"pa_tur-kitap","9":"pa_yayinevi-destek-yayinlari","10":"pa_yazar-ertugrul-koroglu","12":"first","13":"instock","14":"sale","15":"shipping-taxable","16":"purchasable","17":"product-type-simple"},"_links":{"self":[{"href":"https:\/\/roveyayinevi.com.tr\/index.php\/wp-json\/wp\/v2\/product\/745136","targetHints":{"allow":["GET"]}}],"collection":[{"href":"https:\/\/roveyayinevi.com.tr\/index.php\/wp-json\/wp\/v2\/product"}],"about":[{"href":"https:\/\/roveyayinevi.com.tr\/index.php\/wp-json\/wp\/v2\/types\/product"}],"wp:attachment":[{"href":"https:\/\/roveyayinevi.com.tr\/index.php\/wp-json\/wp\/v2\/media?parent=745136"}],"wp:term":[{"taxonomy":"product_brand","embeddable":true,"href":"https:\/\/roveyayinevi.com.tr\/index.php\/wp-json\/wp\/v2\/product_brand?post=745136"},{"taxonomy":"product_cat","embeddable":true,"href":"https:\/\/roveyayinevi.com.tr\/index.php\/wp-json\/wp\/v2\/product_cat?post=745136"},{"taxonomy":"product_tag","embeddable":true,"href":"https:\/\/roveyayinevi.com.tr\/index.php\/wp-json\/wp\/v2\/product_tag?post=745136"}],"curies":[{"name":"wp","href":"https:\/\/api.w.org\/{rel}","templated":true}]}}