{"id":745135,"date":"2025-08-28T02:12:21","date_gmt":"2025-08-27T23:12:21","guid":{"rendered":"https:\/\/roveyayinevi.com.tr\/index.php\/urun\/herkes-saklar-yarasini\/"},"modified":"2026-04-16T02:57:31","modified_gmt":"2026-04-15T23:57:31","slug":"herkes-saklar-yarasini","status":"publish","type":"product","link":"https:\/\/roveyayinevi.com.tr\/index.php\/urun\/herkes-saklar-yarasini\/","title":{"rendered":"Herkes Saklar Yaras\u0131n\u0131"},"content":{"rendered":"<p>\u201cS\u0131rlar\u0131n\u0131zla \u00f6lmek mi istiyorsunuz, yoksa onlar\u0131 s\u0131r olmaktan \u00e7\u0131kar\u0131p ya\u015famak m\u0131?\u201d   HERKES SAKLAR YARASINI, anlatacak bir dost ve kapan\u0131p a\u011flayacak bir diz bulamayanlar\u0131n roman\u0131. D\u0131\u015far\u0131dan hep mutlu ve g\u00fc\u00e7l\u00fc g\u00f6r\u00fcnenlerin k\u0131r\u0131lganl\u0131\u011f\u0131n\u0131n \u00e7arp\u0131c\u0131 ger\u00e7e\u011fi. Ceyda taraf\u0131ndan terk edilen Faruk bir yandan a\u015fk ac\u0131s\u0131 \u00e7eker bir yandan da \u00e7ocukluk travmalar\u0131 ile u\u011fra\u015f\u0131r. Fakat o kendi bunal\u0131m\u0131n\u0131n ortas\u0131ndayken, sebebini sonradan anlayaca\u011f\u0131 bir hisle Celal\u2019in pe\u015fine d\u00fc\u015fer. Bu takip onu Beyo\u011flu\u2019nun arka sokaklar\u0131nda garip bir pansiyona ula\u015ft\u0131r\u0131r. \u201cT\u00fcm k\u0131r\u0131k kalplerin ortas\u0131nda, ayaklar\u0131m \u00e7\u0131plak, onlardan hi\u00e7birine basmamaya \u00e7al\u0131\u015farak y\u00fcr\u00fcyordum. Bu gece duyduklar\u0131m\u0131n hi\u00e7bir c\u00fcmlesini unutmayaca\u011f\u0131ma emindim.\u201d A\u011flamak i\u00e7in tan\u0131mad\u0131klar\u0131 insanlar\u0131n cenazelerine kat\u0131lanlar, anlatmak i\u00e7in sa\u011f\u0131r ve dilsizleri se\u00e7enler, sar\u0131l\u0131p teselli bulmak i\u00e7in bahane arayanlar. K\u0131r\u0131k Kalpler Pansiyonu\u2019nun sakinleri onlar. Faruk, Ceyda ve Celal\u2019in kesi\u015fen hayatlar\u0131n\u0131 bir solukta okurken, yaralar\u0131n\u0131z\u0131 ve saklad\u0131klar\u0131n\u0131z\u0131 bir kere daha d\u00fc\u015f\u00fcneceksiniz. \u201cB\u0131rak\u0131n bu beyhude u\u011fra\u015f\u0131, herkes saklar yaras\u0131n\u0131! Bunu anlay\u0131n art\u0131k! Aramay\u0131n saklanmak isteyenleri. Onlar vakti gelince \u00e7\u0131karlar gizlendikleri yerden.\u201d <\/p>\n","protected":false},"excerpt":{"rendered":"<p>\u201cS\u0131rlar\u0131n\u0131zla \u00f6lmek mi istiyorsunuz, yoksa onlar\u0131 s\u0131r olmaktan \u00e7\u0131kar\u0131p ya\u015famak m\u0131?\u201d HERKES SAKLAR YARASINI, anlatacak bir dost ve kapan\u0131p a\u011flayacak bir diz bulamayanlar\u0131n roman\u0131. D\u0131\u015far\u0131dan hep<span class=\"excerpt-hellip\"> [\u2026]<\/span><\/p>\n","protected":false},"featured_media":0,"template":"","meta":{"_monsterinsights_skip_tracking":false,"_monsterinsights_sitenote_active":false,"_monsterinsights_sitenote_note":"","_monsterinsights_sitenote_category":0},"product_brand":[],"product_cat":[12291,12711],"product_tag":[],"class_list":{"0":"post-745135","1":"product","2":"type-product","3":"status-publish","5":"product_cat-edebiyat","6":"product_cat-roman-oyku","7":"pa_cilt-ciltsiz","8":"pa_tur-kitap","9":"pa_yayinevi-destek-yayinlari","10":"pa_yazar-mehmet-erkan","12":"first","13":"instock","14":"sale","15":"shipping-taxable","16":"purchasable","17":"product-type-simple"},"_links":{"self":[{"href":"https:\/\/roveyayinevi.com.tr\/index.php\/wp-json\/wp\/v2\/product\/745135","targetHints":{"allow":["GET"]}}],"collection":[{"href":"https:\/\/roveyayinevi.com.tr\/index.php\/wp-json\/wp\/v2\/product"}],"about":[{"href":"https:\/\/roveyayinevi.com.tr\/index.php\/wp-json\/wp\/v2\/types\/product"}],"wp:attachment":[{"href":"https:\/\/roveyayinevi.com.tr\/index.php\/wp-json\/wp\/v2\/media?parent=745135"}],"wp:term":[{"taxonomy":"product_brand","embeddable":true,"href":"https:\/\/roveyayinevi.com.tr\/index.php\/wp-json\/wp\/v2\/product_brand?post=745135"},{"taxonomy":"product_cat","embeddable":true,"href":"https:\/\/roveyayinevi.com.tr\/index.php\/wp-json\/wp\/v2\/product_cat?post=745135"},{"taxonomy":"product_tag","embeddable":true,"href":"https:\/\/roveyayinevi.com.tr\/index.php\/wp-json\/wp\/v2\/product_tag?post=745135"}],"curies":[{"name":"wp","href":"https:\/\/api.w.org\/{rel}","templated":true}]}}