{"id":745134,"date":"2025-08-28T02:12:20","date_gmt":"2025-08-27T23:12:20","guid":{"rendered":"https:\/\/roveyayinevi.com.tr\/index.php\/urun\/bedenim\/"},"modified":"2026-04-11T14:14:13","modified_gmt":"2026-04-11T11:14:13","slug":"bedenim","status":"publish","type":"product","link":"https:\/\/roveyayinevi.com.tr\/index.php\/urun\/bedenim\/","title":{"rendered":"Bedenim"},"content":{"rendered":"<p>KADINLIK DENEY\u0130M\u0130NE DA\u0130R G\u00dc\u00c7L\u00dc B\u0130R MEYDAN OKUMA   Emily Ratajkowski be\u011fenilen \u00fcnl\u00fc bir model, oyuncu, politik ilericili\u011fe kendini adam\u0131\u015f bir isim, hayranl\u0131k uyand\u0131ran bir giri\u015fimci, k\u00fcresel bir sosyal medya fenomeni ve \u015fimdi ise bir yazar. Yirmi bir ya\u015f\u0131nda d\u00fcnya \u00e7ap\u0131nda \u00fcne kavu\u015fan Ratajkowski, v\u00fccudunun feminist g\u00fc\u00e7lenmenin m\u00fcdanas\u0131z bir ifadesi olarak k\u0131\u015fk\u0131rt\u0131c\u0131 \u015fekilde sergilenmesiyle hem \u00f6vg\u00fc hem de \u00f6fke uyand\u0131rd\u0131. Bedenim, feminizm, cinsellik ve g\u00fcc\u00fcn, erkeklerin kad\u0131nlara nas\u0131l davrand\u0131\u011f\u0131n\u0131n ve kad\u0131nlar\u0131n bu davran\u0131\u015f tarz\u0131n\u0131 kabul etme gerek\u00e7elerinin son derece ki\u015fisel bir ke\u015ffi. Bu kitapla Ratajkowski k\u00fclt\u00fcr\u00fcn k\u0131zlar\u0131 ve kad\u0131n g\u00fczelli\u011fini feti\u015fle\u015ftirmesini, kad\u0131n cinselli\u011fine olan tak\u0131nt\u0131s\u0131n\u0131 ve hakir g\u00f6rmesini, moda ve film end\u00fcstrilerinin sapk\u0131n dinamiklerini, r\u0131za ile istismar aras\u0131ndaki gri alan\u0131 ara\u015ft\u0131r\u0131rken kendi ya\u015fam\u0131ndan an\u0131lara da odaklan\u0131yor. \u0130ncelikli, ac\u0131mas\u0131z ve keskin bir dille yaz\u0131lm\u0131\u015f BEDEN\u0130M, cinsellik, g\u00fc\u00e7, \u015f\u00f6hret ve t\u00fcketim hakk\u0131nda yak\u0131c\u0131 bir k\u00fclt\u00fcr ele\u015ftirisi.   \u201cRatajkowski, Instagram \u00e7a\u011f\u0131nda erkek bak\u0131\u015f\u0131n\u0131 sermaye olarak kullanman\u0131n paradokslar\u0131n\u0131 a\u00e7\u0131\u011fa \u00e7\u0131kararak, as\u0131rl\u0131k bir soruna yeni bir bak\u0131\u015f a\u00e7\u0131s\u0131 sunuyor.\u201d \u2013 Financial Times   \u201cKad\u0131n bedeninin ve cinselli\u011fin metala\u015ft\u0131r\u0131lmas\u0131na kar\u015f\u0131 kad\u0131nlar\u0131n g\u00fc\u00e7lendirilmesi hakk\u0131ndaki sorulara dair incelikli bir bak\u0131\u015f.\u201d \u2013 TIME   <\/p>\n","protected":false},"excerpt":{"rendered":"<p>KADINLIK DENEY\u0130M\u0130NE DA\u0130R G\u00dc\u00c7L\u00dc B\u0130R MEYDAN OKUMA Emily Ratajkowski be\u011fenilen \u00fcnl\u00fc bir model, oyuncu, politik ilericili\u011fe kendini adam\u0131\u015f bir isim, hayranl\u0131k uyand\u0131ran bir giri\u015fimci, k\u00fcresel bir<span class=\"excerpt-hellip\"> [\u2026]<\/span><\/p>\n","protected":false},"featured_media":0,"template":"","meta":{"_monsterinsights_skip_tracking":false,"_monsterinsights_sitenote_active":false,"_monsterinsights_sitenote_note":"","_monsterinsights_sitenote_category":0},"product_brand":[],"product_cat":[14009,12291],"product_tag":[],"class_list":{"0":"post-745134","1":"product","2":"type-product","3":"status-publish","5":"product_cat-biyografi-otobiyografi-edebiyat","6":"product_cat-edebiyat","7":"pa_cilt-ciltsiz","8":"pa_tur-kitap","9":"pa_yayinevi-destek-yayinlari","10":"pa_yazar-emily-ratajkowski","12":"first","13":"instock","14":"sale","15":"shipping-taxable","16":"purchasable","17":"product-type-simple"},"_links":{"self":[{"href":"https:\/\/roveyayinevi.com.tr\/index.php\/wp-json\/wp\/v2\/product\/745134","targetHints":{"allow":["GET"]}}],"collection":[{"href":"https:\/\/roveyayinevi.com.tr\/index.php\/wp-json\/wp\/v2\/product"}],"about":[{"href":"https:\/\/roveyayinevi.com.tr\/index.php\/wp-json\/wp\/v2\/types\/product"}],"wp:attachment":[{"href":"https:\/\/roveyayinevi.com.tr\/index.php\/wp-json\/wp\/v2\/media?parent=745134"}],"wp:term":[{"taxonomy":"product_brand","embeddable":true,"href":"https:\/\/roveyayinevi.com.tr\/index.php\/wp-json\/wp\/v2\/product_brand?post=745134"},{"taxonomy":"product_cat","embeddable":true,"href":"https:\/\/roveyayinevi.com.tr\/index.php\/wp-json\/wp\/v2\/product_cat?post=745134"},{"taxonomy":"product_tag","embeddable":true,"href":"https:\/\/roveyayinevi.com.tr\/index.php\/wp-json\/wp\/v2\/product_tag?post=745134"}],"curies":[{"name":"wp","href":"https:\/\/api.w.org\/{rel}","templated":true}]}}