{"id":745130,"date":"2025-08-28T02:12:14","date_gmt":"2025-08-27T23:12:14","guid":{"rendered":"https:\/\/roveyayinevi.com.tr\/index.php\/urun\/catilina-kalkismasi-iugurtha-savasi-tarih\/"},"modified":"2026-04-16T02:57:31","modified_gmt":"2026-04-15T23:57:31","slug":"catilina-kalkismasi-iugurtha-savasi-tarih","status":"publish","type":"product","link":"https:\/\/roveyayinevi.com.tr\/index.php\/urun\/catilina-kalkismasi-iugurtha-savasi-tarih\/","title":{"rendered":"Catilina Kalk\u0131\u015fmas\u0131 \u0130ugurtha Sava\u015f\u0131 &amp; Tarih"},"content":{"rendered":"<p>Latin tarih\u00e7ilerinin ilki olan Sallustius, Catilina Kalk\u0131\u015fmas\u0131\u2019nda Roma tarihine damgas\u0131n\u0131 vuran ve geni\u015f bir alana etki eden kalk\u0131\u015fman\u0131n \u00f6yk\u00fcs\u00fcn\u00fc anlat\u0131r. Catilina kalk\u0131\u015fmas\u0131n\u0131n \u00fczerinden yirmi y\u0131l ge\u00e7mi\u015f, ancak belleklerde bu olay\u0131n \u015fiddeti h\u00e2l\u00e2 t\u00fcm canl\u0131l\u0131\u011f\u0131n\u0131 korumaktad\u0131r. Sallustius, kitab\u0131nda s\u0131ras\u0131yla \u015fu konulara de\u011finir: Catilina\u2019n\u0131n ki\u015filik \u00e7izimi, her s\u0131n\u0131ftan ho\u015fnutsuzlar, tutkular\u0131na tutsak olanlar, ipten, kaz\u0131ktan kurtulanlar\u0131n devletin kurulu d\u00fczenine kar\u015f\u0131 eyleme ge\u00e7i\u015fi, olay\u0131n ortam\u0131n\u0131n tan\u0131t\u0131lmas\u0131, ki\u015filerin \u00e7arp\u0131c\u0131 \u00f6zelliklerinin sergilenmesi; Roma\u2019n\u0131n ge\u00e7mi\u015fi, g\u00fc\u00e7leni\u015fi, giderek ahl\u00e2k bak\u0131m\u0131ndan bozulu\u015fu, kalk\u0131\u015fman\u0131n ana nedenleri, Cicero\u2019nun \u00e7abas\u0131yla ortaya \u00e7\u0131kar\u0131lmas\u0131 sonucu insan g\u00fcc\u00fcne ve bu g\u00fcc\u00fc y\u00f6nlendiren akla dayand\u0131r\u0131larak sava\u015f\u0131n ak\u0131\u015f\u0131, yurtta\u015flar\u0131n birbirinin kan\u0131n\u0131 d\u00f6kmesi, kalk\u0131\u015fmac\u0131lar\u0131n ele ge\u00e7irilmesi ve ortadan kald\u0131r\u0131lmas\u0131, Catilina\u2019n\u0131n silahl\u0131 \u00e7etesini, ordunun giri\u015fti\u011fi \u00e7at\u0131\u015fmada yenip kalk\u0131\u015fmay\u0131 bast\u0131rmas\u0131, yitirilen canlarla y\u00fcrek burkan sava\u015f alan\u0131 betimlenmesi.   \u0130ugurtha Sava\u015f\u0131\u2019nda Roma ordusu ile Numidia kral\u0131 \u0130ugurtha aras\u0131nda alt\u0131 y\u0131l s\u00fcren \u00e7eki\u015fme anlat\u0131l\u0131r. Son kitap, Tarih (Historiae) ise Sulla\u2019n\u0131n \u00f6l\u00fcm\u00fc ile korsan sava\u015f\u0131n\u0131n bitimi aras\u0131ndaki on iki y\u0131ll\u0131k d\u00f6nemi kapsamaktad\u0131r.   Bu kitapta Sallustius\u2019un t\u00fcm yap\u0131tlar\u0131 bir araya getirilmi\u015ftir.  <\/p>\n","protected":false},"excerpt":{"rendered":"<p>Latin tarih\u00e7ilerinin ilki olan Sallustius, Catilina Kalk\u0131\u015fmas\u0131\u2019nda Roma tarihine damgas\u0131n\u0131 vuran ve geni\u015f bir alana etki eden kalk\u0131\u015fman\u0131n \u00f6yk\u00fcs\u00fcn\u00fc anlat\u0131r. Catilina kalk\u0131\u015fmas\u0131n\u0131n \u00fczerinden yirmi y\u0131l ge\u00e7mi\u015f,<span class=\"excerpt-hellip\"> [\u2026]<\/span><\/p>\n","protected":false},"featured_media":0,"template":"","meta":{"_monsterinsights_skip_tracking":false,"_monsterinsights_sitenote_active":false,"_monsterinsights_sitenote_note":"","_monsterinsights_sitenote_category":0},"product_brand":[],"product_cat":[12370,12304],"product_tag":[],"class_list":{"0":"post-745130","1":"product","2":"type-product","3":"status-publish","5":"product_cat-arastirma-inceleme","6":"product_cat-tarih","7":"pa_cilt-ciltsiz","8":"pa_tur-kitap","9":"pa_yayinevi-dogu-bati-yayinlari","10":"pa_yazar-gaius-sallustius-crispus","12":"first","13":"instock","14":"sale","15":"shipping-taxable","16":"purchasable","17":"product-type-simple"},"_links":{"self":[{"href":"https:\/\/roveyayinevi.com.tr\/index.php\/wp-json\/wp\/v2\/product\/745130","targetHints":{"allow":["GET"]}}],"collection":[{"href":"https:\/\/roveyayinevi.com.tr\/index.php\/wp-json\/wp\/v2\/product"}],"about":[{"href":"https:\/\/roveyayinevi.com.tr\/index.php\/wp-json\/wp\/v2\/types\/product"}],"wp:attachment":[{"href":"https:\/\/roveyayinevi.com.tr\/index.php\/wp-json\/wp\/v2\/media?parent=745130"}],"wp:term":[{"taxonomy":"product_brand","embeddable":true,"href":"https:\/\/roveyayinevi.com.tr\/index.php\/wp-json\/wp\/v2\/product_brand?post=745130"},{"taxonomy":"product_cat","embeddable":true,"href":"https:\/\/roveyayinevi.com.tr\/index.php\/wp-json\/wp\/v2\/product_cat?post=745130"},{"taxonomy":"product_tag","embeddable":true,"href":"https:\/\/roveyayinevi.com.tr\/index.php\/wp-json\/wp\/v2\/product_tag?post=745130"}],"curies":[{"name":"wp","href":"https:\/\/api.w.org\/{rel}","templated":true}]}}