{"id":745123,"date":"2025-08-28T02:12:03","date_gmt":"2025-08-27T23:12:03","guid":{"rendered":"https:\/\/roveyayinevi.com.tr\/index.php\/urun\/buzun-anilari-malazan-yitikler-kitabi-3\/"},"modified":"2026-04-16T02:57:31","modified_gmt":"2026-04-15T23:57:31","slug":"buzun-anilari-malazan-yitikler-kitabi-3","status":"publish","type":"product","link":"https:\/\/roveyayinevi.com.tr\/index.php\/urun\/buzun-anilari-malazan-yitikler-kitabi-3\/","title":{"rendered":"Buzun An\u0131lar\u0131 \/ Malazan Yitikler Kitab\u0131 3"},"content":{"rendered":"<p>\u201c\u015e\u0130MD\u0130 GER\u0130 DURUN VE B\u0130Z FAN\u0130LER\u0130N NELER YAPAB\u0130LECE\u011e\u0130NE B\u0130R BAKIN. BANA KALIRSA S\u0130Z\u0130 B\u0130R \u0130K\u0130 S\u00dcRPR\u0130Z BEKL\u0130YOR.\u201d   Ard\u0131 arkas\u0131 kesilmeyen sava\u015flar\u0131n a\u011f\u0131rl\u0131\u011f\u0131 alt\u0131nda zay\u0131f d\u00fc\u015fen, u\u011fruna d\u00f6v\u00fc\u015ft\u00fckleri imparatorlu\u011fun kanun ka\u00e7a\u011f\u0131 ilan etti\u011fi ve deli bir peygamberin istilaya haz\u0131rland\u0131\u011f\u0131 bir k\u0131tada yapayaln\u0131z kalan Tekkol\u2019un Ordusu\u2026 Arkas\u0131nda karanl\u0131k g\u00fc\u00e7lerin ve gizli ellerin deste\u011fiyle durdurulamaz bir \u015fekilde Genabackis k\u0131tas\u0131n\u0131 i\u015fgale gelen Pannion Domin \u0130mparatorlu\u011fu, kar\u015f\u0131s\u0131nda zorlu bir rakip bulmay\u0131 beklemiyordu ancak Tekkol\u2019un Ordusu\u2019nun, eski d\u00fc\u015fmanlar\u0131 Darujhistan \u015fehri, Anomander Rake ve Caladan Brood ile ittifaka girdi\u011finden habersizdi. Herkesin kendi \u00e7\u0131kar\u0131n\u0131 g\u00f6zetti\u011fi bir sava\u015fta, ihanet de ka\u00e7\u0131n\u0131lmaz bir sonu\u00e7 olacakt\u0131.   Genabackis k\u0131tas\u0131nda s\u00fcregiden tek \u00e7at\u0131\u015fma bu de\u011fildi. \u0130ki taraf\u0131n da kendini galip sayamad\u0131\u011f\u0131, y\u00fcz binlerce y\u0131ld\u0131r devam eden bir sava\u015f daha vard\u0131. Bu gaye u\u011fruna faniliklerinden vazge\u00e7ip namevt sava\u015f\u00e7\u0131lara d\u00f6n\u00fc\u015fen T\u2019lan Imasslar, Genabackis k\u0131tas\u0131nda toplan\u0131yorlard\u0131. Ve bu seferki d\u00fc\u015fmanlar\u0131 her zamankinden daha zorlu olacakt\u0131.   Tanr\u0131lar\u0131n oyununa yepyeni bir oyuncu kat\u0131lmak i\u00e7in can at\u0131yordu. Zincirlenmi\u015f Tanr\u0131 oyundaki ilk hamlelerini yapmaya haz\u0131rlan\u0131rken, kar\u015f\u0131s\u0131nda di\u011fer tanr\u0131lar\u0131 bulacakt\u0131. Ancak Zincirlenmi\u015f Tanr\u0131\u2019n\u0131n hesaba katmad\u0131\u011f\u0131 bir \u015fey vard\u0131: Art\u0131k bu oyuna faniler de dahil olmu\u015ftu.   \u201cMalazan Yitikler Kitab\u0131 serisini a\u011fz\u0131m bir kar\u0131\u015f a\u00e7\u0131k okudum.\u201d \u2013Glen Cook   \u201cErikson, epik fantazi yazarlar\u0131 aras\u0131nda en tepedekilerden biri.\u201d \u2013Publishers Weekly <\/p>\n","protected":false},"excerpt":{"rendered":"<p>\u201c\u015e\u0130MD\u0130 GER\u0130 DURUN VE B\u0130Z FAN\u0130LER\u0130N NELER YAPAB\u0130LECE\u011e\u0130NE B\u0130R BAKIN. BANA KALIRSA S\u0130Z\u0130 B\u0130R \u0130K\u0130 S\u00dcRPR\u0130Z BEKL\u0130YOR.\u201d Ard\u0131 arkas\u0131 kesilmeyen sava\u015flar\u0131n a\u011f\u0131rl\u0131\u011f\u0131 alt\u0131nda zay\u0131f d\u00fc\u015fen, u\u011fruna<span class=\"excerpt-hellip\"> [\u2026]<\/span><\/p>\n","protected":false},"featured_media":0,"template":"","meta":{"_monsterinsights_skip_tracking":false,"_monsterinsights_sitenote_active":false,"_monsterinsights_sitenote_note":"","_monsterinsights_sitenote_category":0},"product_brand":[],"product_cat":[12291,14777],"product_tag":[],"class_list":{"0":"post-745123","1":"product","2":"type-product","3":"status-publish","5":"product_cat-edebiyat","6":"product_cat-fantastik","7":"pa_cilt-ciltsiz","8":"pa_tur-kitap","9":"pa_yayinevi-ithaki-yayinlari","10":"pa_yazar-steven-erikson","12":"first","13":"instock","14":"sale","15":"shipping-taxable","16":"purchasable","17":"product-type-simple"},"_links":{"self":[{"href":"https:\/\/roveyayinevi.com.tr\/index.php\/wp-json\/wp\/v2\/product\/745123","targetHints":{"allow":["GET"]}}],"collection":[{"href":"https:\/\/roveyayinevi.com.tr\/index.php\/wp-json\/wp\/v2\/product"}],"about":[{"href":"https:\/\/roveyayinevi.com.tr\/index.php\/wp-json\/wp\/v2\/types\/product"}],"wp:attachment":[{"href":"https:\/\/roveyayinevi.com.tr\/index.php\/wp-json\/wp\/v2\/media?parent=745123"}],"wp:term":[{"taxonomy":"product_brand","embeddable":true,"href":"https:\/\/roveyayinevi.com.tr\/index.php\/wp-json\/wp\/v2\/product_brand?post=745123"},{"taxonomy":"product_cat","embeddable":true,"href":"https:\/\/roveyayinevi.com.tr\/index.php\/wp-json\/wp\/v2\/product_cat?post=745123"},{"taxonomy":"product_tag","embeddable":true,"href":"https:\/\/roveyayinevi.com.tr\/index.php\/wp-json\/wp\/v2\/product_tag?post=745123"}],"curies":[{"name":"wp","href":"https:\/\/api.w.org\/{rel}","templated":true}]}}