{"id":745119,"date":"2025-08-28T02:11:57","date_gmt":"2025-08-27T23:11:57","guid":{"rendered":"https:\/\/roveyayinevi.com.tr\/index.php\/urun\/kopek-baliklari-ve-diger-su-alti-canlilari-hakkinda-muhtesem-otesi-bilgiler\/"},"modified":"2026-04-16T02:57:31","modified_gmt":"2026-04-15T23:57:31","slug":"kopek-baliklari-ve-diger-su-alti-canlilari-hakkinda-muhtesem-otesi-bilgiler","status":"publish","type":"product","link":"https:\/\/roveyayinevi.com.tr\/index.php\/urun\/kopek-baliklari-ve-diger-su-alti-canlilari-hakkinda-muhtesem-otesi-bilgiler\/","title":{"rendered":"K\u00f6pek Bal\u0131klar\u0131 ve Di\u011fer Su Alt\u0131 Canl\u0131lar\u0131 Hakk\u0131nda Muhte\u015fem \u00d6tesi Bilgiler!"},"content":{"rendered":"<p>K\u00d6PEK BALIKLARI VE SU ALTINDA YA\u015eAYAN D\u0130\u011eER CANLILAR HAKKINDA HER \u015eEY\u0130 \u00d6\u011eRENMEYE HAZIR MISIN?Bu kitapta neler mi var?-K\u00f6pek bal\u0131klar\u0131 hakk\u0131nda \u00e7\u0131lg\u0131nca \u2013ama ger\u00e7ek\u2013 bilgiler-Okyanus bilimine derin bir dal\u0131\u015f-\u015eahane deniz \u015fakalar\u0131-K\u00f6pek bal\u0131\u011f\u0131 \u00e7izme etkinlikleri-Kapsaml\u0131 bir su alt\u0131 canl\u0131lar\u0131 rehberi-Ve \u00e7ok daha fazlas\u0131!\u015eimdi k\u00f6pek bal\u0131klar\u0131n\u0131n su alt\u0131ndaki d\u00fcnyas\u0131na dair muhte\u015fem \u015feyler \u00f6\u011frenmenin tam zaman\u0131!<\/p>\n","protected":false},"excerpt":{"rendered":"<p>K\u00d6PEK BALIKLARI VE SU ALTINDA YA\u015eAYAN D\u0130\u011eER CANLILAR HAKKINDA HER \u015eEY\u0130 \u00d6\u011eRENMEYE HAZIR MISIN?Bu kitapta neler mi var?-K\u00f6pek bal\u0131klar\u0131 hakk\u0131nda \u00e7\u0131lg\u0131nca \u2013ama ger\u00e7ek\u2013 bilgiler-Okyanus bilimine derin<span class=\"excerpt-hellip\"> [\u2026]<\/span><\/p>\n","protected":false},"featured_media":0,"template":"","meta":{"_monsterinsights_skip_tracking":false,"_monsterinsights_sitenote_active":false,"_monsterinsights_sitenote_note":"","_monsterinsights_sitenote_category":0},"product_brand":[],"product_cat":[12274,15842],"product_tag":[],"class_list":{"0":"post-745119","1":"product","2":"type-product","3":"status-publish","5":"product_cat-cocuk-ve-genclik-kitaplari","6":"product_cat-egitici-kitaplar","7":"pa_cilt-ciltsiz","8":"pa_tur-kitap","9":"pa_yayinevi-ithaki-yayinlari","10":"pa_yazar-mike-lowery","12":"first","13":"instock","14":"sale","15":"shipping-taxable","16":"purchasable","17":"product-type-simple"},"_links":{"self":[{"href":"https:\/\/roveyayinevi.com.tr\/index.php\/wp-json\/wp\/v2\/product\/745119","targetHints":{"allow":["GET"]}}],"collection":[{"href":"https:\/\/roveyayinevi.com.tr\/index.php\/wp-json\/wp\/v2\/product"}],"about":[{"href":"https:\/\/roveyayinevi.com.tr\/index.php\/wp-json\/wp\/v2\/types\/product"}],"wp:attachment":[{"href":"https:\/\/roveyayinevi.com.tr\/index.php\/wp-json\/wp\/v2\/media?parent=745119"}],"wp:term":[{"taxonomy":"product_brand","embeddable":true,"href":"https:\/\/roveyayinevi.com.tr\/index.php\/wp-json\/wp\/v2\/product_brand?post=745119"},{"taxonomy":"product_cat","embeddable":true,"href":"https:\/\/roveyayinevi.com.tr\/index.php\/wp-json\/wp\/v2\/product_cat?post=745119"},{"taxonomy":"product_tag","embeddable":true,"href":"https:\/\/roveyayinevi.com.tr\/index.php\/wp-json\/wp\/v2\/product_tag?post=745119"}],"curies":[{"name":"wp","href":"https:\/\/api.w.org\/{rel}","templated":true}]}}