{"id":745118,"date":"2025-08-28T02:11:56","date_gmt":"2025-08-27T23:11:56","guid":{"rendered":"https:\/\/roveyayinevi.com.tr\/index.php\/urun\/sessiz-istila\/"},"modified":"2026-04-16T02:57:31","modified_gmt":"2026-04-15T23:57:31","slug":"sessiz-istila","status":"publish","type":"product","link":"https:\/\/roveyayinevi.com.tr\/index.php\/urun\/sessiz-istila\/","title":{"rendered":"Sessiz \u0130stila"},"content":{"rendered":"<p>Toplumlar\u0131 yok etmek i\u00e7in katliamlara gerek yoktur. Demografik de\u011fi\u015fimle adeta bir Ortado\u011fu \u00fclkesi haline getirilen T\u00fcrkiye\u2019de toplum, stratejik g\u00f6\u00e7 m\u00fchendisli\u011fi ile yok edilmek isteniyor.   T\u00fcrk topraklar\u0131nda bir T\u00fcrks\u00fczle\u015ftirme politikas\u0131 izleniyor, iktidar kendine yabanc\u0131 se\u00e7menle yeni bir toplum yarat\u0131yor.   Peki ya T\u00fcrkler? <\/p>\n","protected":false},"excerpt":{"rendered":"<p>Toplumlar\u0131 yok etmek i\u00e7in katliamlara gerek yoktur. Demografik de\u011fi\u015fimle adeta bir Ortado\u011fu \u00fclkesi haline getirilen T\u00fcrkiye\u2019de toplum, stratejik g\u00f6\u00e7 m\u00fchendisli\u011fi ile yok edilmek isteniyor. T\u00fcrk topraklar\u0131nda<span class=\"excerpt-hellip\"> [\u2026]<\/span><\/p>\n","protected":false},"featured_media":0,"template":"","meta":{"_monsterinsights_skip_tracking":false,"_monsterinsights_sitenote_active":false,"_monsterinsights_sitenote_note":"","_monsterinsights_sitenote_category":0},"product_brand":[],"product_cat":[12325,12324],"product_tag":[],"class_list":{"0":"post-745118","1":"product","2":"type-product","3":"status-publish","5":"product_cat-diger-sosyoloji","6":"product_cat-sosyoloji","7":"pa_cilt-ciltsiz","8":"pa_tur-kitap","9":"pa_yayinevi-kirmizi-kedi-yayinevi","10":"pa_yazar-hande-karacasu","12":"first","13":"instock","14":"sale","15":"shipping-taxable","16":"purchasable","17":"product-type-simple"},"_links":{"self":[{"href":"https:\/\/roveyayinevi.com.tr\/index.php\/wp-json\/wp\/v2\/product\/745118","targetHints":{"allow":["GET"]}}],"collection":[{"href":"https:\/\/roveyayinevi.com.tr\/index.php\/wp-json\/wp\/v2\/product"}],"about":[{"href":"https:\/\/roveyayinevi.com.tr\/index.php\/wp-json\/wp\/v2\/types\/product"}],"wp:attachment":[{"href":"https:\/\/roveyayinevi.com.tr\/index.php\/wp-json\/wp\/v2\/media?parent=745118"}],"wp:term":[{"taxonomy":"product_brand","embeddable":true,"href":"https:\/\/roveyayinevi.com.tr\/index.php\/wp-json\/wp\/v2\/product_brand?post=745118"},{"taxonomy":"product_cat","embeddable":true,"href":"https:\/\/roveyayinevi.com.tr\/index.php\/wp-json\/wp\/v2\/product_cat?post=745118"},{"taxonomy":"product_tag","embeddable":true,"href":"https:\/\/roveyayinevi.com.tr\/index.php\/wp-json\/wp\/v2\/product_tag?post=745118"}],"curies":[{"name":"wp","href":"https:\/\/api.w.org\/{rel}","templated":true}]}}