{"id":745117,"date":"2025-08-28T02:11:55","date_gmt":"2025-08-27T23:11:55","guid":{"rendered":"https:\/\/roveyayinevi.com.tr\/index.php\/urun\/alinin-arabasi\/"},"modified":"2026-04-16T02:57:31","modified_gmt":"2026-04-15T23:57:31","slug":"alinin-arabasi","status":"publish","type":"product","link":"https:\/\/roveyayinevi.com.tr\/index.php\/urun\/alinin-arabasi\/","title":{"rendered":"Ali&#8217;nin Arabas\u0131"},"content":{"rendered":"<p>Haydi araban\u0131 eline al, ormanlar\u0131 ge\u00e7, da\u011flar\u0131 a\u015f harika bir macera seni bekliyor. Kontrol sende. S\u00fcr\u00fc\u015f\u00fcn tad\u0131n\u0131 \u00e7\u0131kar. \u2022       Tak \u00e7\u0131kar Pop-up Kitap\u2022       Hareketli sayfalar. D\u00fcn D\u00fc\u00fc\u00fc\u00fc\u00fc\u00fctttttt\u0130\u015fte yolculuk ba\u015flas\u0131n! Arabam\u0131za binelim, kemerimizi takal\u0131m ve g\u00fcvenli s\u00fcr\u00fc\u015f\u00fcn tad\u0131n\u0131 \u00e7\u0131karal\u0131m,Bir ormandan ge\u00e7elim, yollar\u0131m\u0131za \u00e7\u0131kan engelleri a\u015fal\u0131m, kocaman bir da\u011f\u0131 t\u0131rmanal\u0131m, da\u011f\u0131n zirvesi so\u011fukmu\u015f de\u011fil mi?Haydi deniz kenar\u0131na inelim, yoldan ge\u00e7en arabalar\u0131 g\u00f6rd\u00fcn m\u00fc? Ye\u015fil \u0131\u015f\u0131\u011f\u0131 bekleyip evimize gidelim.<\/p>\n","protected":false},"excerpt":{"rendered":"<p>Haydi araban\u0131 eline al, ormanlar\u0131 ge\u00e7, da\u011flar\u0131 a\u015f harika bir macera seni bekliyor. Kontrol sende. S\u00fcr\u00fc\u015f\u00fcn tad\u0131n\u0131 \u00e7\u0131kar. \u2022 Tak \u00e7\u0131kar Pop-up Kitap\u2022 Hareketli sayfalar. D\u00fcn<span class=\"excerpt-hellip\"> [\u2026]<\/span><\/p>\n","protected":false},"featured_media":0,"template":"","meta":{"_monsterinsights_skip_tracking":false,"_monsterinsights_sitenote_active":false,"_monsterinsights_sitenote_note":"","_monsterinsights_sitenote_category":0},"product_brand":[],"product_cat":[12274,12284],"product_tag":[],"class_list":{"0":"post-745117","1":"product","2":"type-product","3":"status-publish","5":"product_cat-cocuk-ve-genclik-kitaplari","6":"product_cat-hikayeler","7":"pa_cilt-ciltsiz","8":"pa_tur-kitap","9":"pa_yayinevi-ucan-kitap","10":"pa_yazar-seyma-kara","12":"first","13":"instock","14":"sale","15":"shipping-taxable","16":"purchasable","17":"product-type-simple"},"_links":{"self":[{"href":"https:\/\/roveyayinevi.com.tr\/index.php\/wp-json\/wp\/v2\/product\/745117","targetHints":{"allow":["GET"]}}],"collection":[{"href":"https:\/\/roveyayinevi.com.tr\/index.php\/wp-json\/wp\/v2\/product"}],"about":[{"href":"https:\/\/roveyayinevi.com.tr\/index.php\/wp-json\/wp\/v2\/types\/product"}],"wp:attachment":[{"href":"https:\/\/roveyayinevi.com.tr\/index.php\/wp-json\/wp\/v2\/media?parent=745117"}],"wp:term":[{"taxonomy":"product_brand","embeddable":true,"href":"https:\/\/roveyayinevi.com.tr\/index.php\/wp-json\/wp\/v2\/product_brand?post=745117"},{"taxonomy":"product_cat","embeddable":true,"href":"https:\/\/roveyayinevi.com.tr\/index.php\/wp-json\/wp\/v2\/product_cat?post=745117"},{"taxonomy":"product_tag","embeddable":true,"href":"https:\/\/roveyayinevi.com.tr\/index.php\/wp-json\/wp\/v2\/product_tag?post=745117"}],"curies":[{"name":"wp","href":"https:\/\/api.w.org\/{rel}","templated":true}]}}