{"id":745108,"date":"2025-08-28T02:11:42","date_gmt":"2025-08-27T23:11:42","guid":{"rendered":"https:\/\/roveyayinevi.com.tr\/index.php\/urun\/eyvah-kapida-bir-cadi-kucuk-kardeslerin-buyuk-maceralari\/"},"modified":"2026-04-16T02:57:30","modified_gmt":"2026-04-15T23:57:30","slug":"eyvah-kapida-bir-cadi-kucuk-kardeslerin-buyuk-maceralari","status":"publish","type":"product","link":"https:\/\/roveyayinevi.com.tr\/index.php\/urun\/eyvah-kapida-bir-cadi-kucuk-kardeslerin-buyuk-maceralari\/","title":{"rendered":"Eyvah Kap\u0131da Bir Cad\u0131 &#8211; K\u00fc\u00e7\u00fck Karde\u015flerin B\u00fcy\u00fck Maceralar\u0131"},"content":{"rendered":"<p>\u0130kiz karde\u015fler evlerinde oyun oynarken kap\u0131 \u00e7alar. \u0130ki karde\u015f gelenin kim oldu\u011funa bakt\u0131klar\u0131nda \u00e7ok \u015fa\u015f\u0131r\u0131rlar. Kap\u0131da, elinde elma sepeti olan bir cad\u0131 vard\u0131r. Bu cad\u0131yla ba\u015fa \u00e7\u0131kmak i\u00e7in bir\u00e7ok yol denerler. Peki ama bu cad\u0131 asl\u0131nda kimdir?<\/p>\n","protected":false},"excerpt":{"rendered":"<p>\u0130kiz karde\u015fler evlerinde oyun oynarken kap\u0131 \u00e7alar. \u0130ki karde\u015f gelenin kim oldu\u011funa bakt\u0131klar\u0131nda \u00e7ok \u015fa\u015f\u0131r\u0131rlar. Kap\u0131da, elinde elma sepeti olan bir cad\u0131 vard\u0131r. Bu cad\u0131yla ba\u015fa<span class=\"excerpt-hellip\"> [\u2026]<\/span><\/p>\n","protected":false},"featured_media":0,"template":"","meta":{"_monsterinsights_skip_tracking":false,"_monsterinsights_sitenote_active":false,"_monsterinsights_sitenote_note":"","_monsterinsights_sitenote_category":0},"product_brand":[],"product_cat":[12274,12284],"product_tag":[],"class_list":{"0":"post-745108","1":"product","2":"type-product","3":"status-publish","5":"product_cat-cocuk-ve-genclik-kitaplari","6":"product_cat-hikayeler","7":"pa_cilt-ciltsiz","8":"pa_tur-kitap","9":"pa_yayinevi-timas-cocuk","10":"pa_yazar-selcen-yuksel-arvas","12":"first","13":"instock","14":"sale","15":"shipping-taxable","16":"purchasable","17":"product-type-simple"},"_links":{"self":[{"href":"https:\/\/roveyayinevi.com.tr\/index.php\/wp-json\/wp\/v2\/product\/745108","targetHints":{"allow":["GET"]}}],"collection":[{"href":"https:\/\/roveyayinevi.com.tr\/index.php\/wp-json\/wp\/v2\/product"}],"about":[{"href":"https:\/\/roveyayinevi.com.tr\/index.php\/wp-json\/wp\/v2\/types\/product"}],"wp:attachment":[{"href":"https:\/\/roveyayinevi.com.tr\/index.php\/wp-json\/wp\/v2\/media?parent=745108"}],"wp:term":[{"taxonomy":"product_brand","embeddable":true,"href":"https:\/\/roveyayinevi.com.tr\/index.php\/wp-json\/wp\/v2\/product_brand?post=745108"},{"taxonomy":"product_cat","embeddable":true,"href":"https:\/\/roveyayinevi.com.tr\/index.php\/wp-json\/wp\/v2\/product_cat?post=745108"},{"taxonomy":"product_tag","embeddable":true,"href":"https:\/\/roveyayinevi.com.tr\/index.php\/wp-json\/wp\/v2\/product_tag?post=745108"}],"curies":[{"name":"wp","href":"https:\/\/api.w.org\/{rel}","templated":true}]}}