{"id":745107,"date":"2025-08-28T02:11:41","date_gmt":"2025-08-27T23:11:41","guid":{"rendered":"https:\/\/roveyayinevi.com.tr\/index.php\/urun\/kuramlar-boyunca-ozyonetim-ve-yugoslavya-deneyi\/"},"modified":"2026-04-16T02:57:30","modified_gmt":"2026-04-15T23:57:30","slug":"kuramlar-boyunca-ozyonetim-ve-yugoslavya-deneyi","status":"publish","type":"product","link":"https:\/\/roveyayinevi.com.tr\/index.php\/urun\/kuramlar-boyunca-ozyonetim-ve-yugoslavya-deneyi\/","title":{"rendered":"Kuramlar Boyunca \u00d6zy\u00f6netim ve Yugoslavya Deneyi"},"content":{"rendered":"<p>\u201c\u0130nsan ki\u015fili\u011finin ayr\u0131lmaz bir par\u00e7as\u0131 olan emek; ancak, insan, \u00fcretim ili\u015fkileri ve s\u00fcreci i\u00e7inde, insan olarak bir yere sahip oldu\u011fu \u00f6l\u00e7\u00fcde bir meta olmaktan \u00e7\u0131kabilir. Bu ise insan eme\u011fi ve bu eme\u011fin \u00fcr\u00fcn\u00fc \u00fczerindeki yetkinin, sermayenin tekelle\u015fmesi y\u00f6n\u00fcnde devredilmesi bi\u00e7imindeki uygulama yerine, herkesin, eme\u011fi ve eme\u011finin \u00fcr\u00fcn\u00fc \u00fczerinde her bak\u0131mdan \u00f6zg\u00fcrce ve insan olarak karar sahibi ve etkin olma durumuna ula\u015fmas\u0131 ile ba\u011flant\u0131l\u0131 g\u00f6r\u00fcnmektedir.\u201d Alpaslan I\u015f\u0131kl\u0131, bu \u00f6nemli \u00e7al\u0131\u015fmas\u0131nda temel bir soruna; demokrasi ve sosyalizm sorununa ili\u015fkin baz\u0131 tart\u0131\u015fmalar\u0131n g\u00fcn \u0131\u015f\u0131\u011f\u0131na \u00e7\u0131kmas\u0131na katk\u0131da bulunuyor. Bunu yaparken de \u201c\u00d6zy\u00f6netim\u201d kavram\u0131n\u0131, kavram\u0131n sosyalizm i\u00e7indeki yerini hem tarihsel a\u00e7\u0131dan hem Yugoslavya deneyi \u00f6zelinde inceliyor. <\/p>\n","protected":false},"excerpt":{"rendered":"<p>\u201c\u0130nsan ki\u015fili\u011finin ayr\u0131lmaz bir par\u00e7as\u0131 olan emek; ancak, insan, \u00fcretim ili\u015fkileri ve s\u00fcreci i\u00e7inde, insan olarak bir yere sahip oldu\u011fu \u00f6l\u00e7\u00fcde bir meta olmaktan \u00e7\u0131kabilir. Bu<span class=\"excerpt-hellip\"> [\u2026]<\/span><\/p>\n","protected":false},"featured_media":0,"template":"","meta":{"_monsterinsights_skip_tracking":false,"_monsterinsights_sitenote_active":false,"_monsterinsights_sitenote_note":"","_monsterinsights_sitenote_category":0},"product_brand":[],"product_cat":[14787,13488],"product_tag":[],"class_list":{"0":"post-745107","1":"product","2":"type-product","3":"status-publish","5":"product_cat-diger-toplum-ve-insan","6":"product_cat-toplum-ve-insan","7":"pa_cilt-ciltsiz","8":"pa_tur-kitap","9":"pa_yayinevi-telgrafhane-yayinlari","10":"pa_yazar-alpaslan-isikli","12":"first","13":"instock","14":"sale","15":"shipping-taxable","16":"purchasable","17":"product-type-simple"},"_links":{"self":[{"href":"https:\/\/roveyayinevi.com.tr\/index.php\/wp-json\/wp\/v2\/product\/745107","targetHints":{"allow":["GET"]}}],"collection":[{"href":"https:\/\/roveyayinevi.com.tr\/index.php\/wp-json\/wp\/v2\/product"}],"about":[{"href":"https:\/\/roveyayinevi.com.tr\/index.php\/wp-json\/wp\/v2\/types\/product"}],"wp:attachment":[{"href":"https:\/\/roveyayinevi.com.tr\/index.php\/wp-json\/wp\/v2\/media?parent=745107"}],"wp:term":[{"taxonomy":"product_brand","embeddable":true,"href":"https:\/\/roveyayinevi.com.tr\/index.php\/wp-json\/wp\/v2\/product_brand?post=745107"},{"taxonomy":"product_cat","embeddable":true,"href":"https:\/\/roveyayinevi.com.tr\/index.php\/wp-json\/wp\/v2\/product_cat?post=745107"},{"taxonomy":"product_tag","embeddable":true,"href":"https:\/\/roveyayinevi.com.tr\/index.php\/wp-json\/wp\/v2\/product_tag?post=745107"}],"curies":[{"name":"wp","href":"https:\/\/api.w.org\/{rel}","templated":true}]}}