{"id":745106,"date":"2025-08-28T02:11:40","date_gmt":"2025-08-27T23:11:40","guid":{"rendered":"https:\/\/roveyayinevi.com.tr\/index.php\/urun\/bolsevizm-tarihi\/"},"modified":"2026-04-16T02:57:30","modified_gmt":"2026-04-15T23:57:30","slug":"bolsevizm-tarihi","status":"publish","type":"product","link":"https:\/\/roveyayinevi.com.tr\/index.php\/urun\/bolsevizm-tarihi\/","title":{"rendered":"Bol\u015fevizm Tarihi"},"content":{"rendered":"<p>Bol\u015fevizm tarihi \u00fczerine yap\u0131lm\u0131\u015f onlarca \u00e7al\u0131\u015fma i\u00e7inde, Bol\u015fevizmi Marx\u2019tan ba\u015flat\u0131p, Stalinizme var\u0131\u015f\u0131na dek tarihsel olarak mercek alt\u0131na al\u0131\u015f\u0131yla, Rosenberg\u2019in \u00e7al\u0131\u015fmas\u0131 \u00f6zg\u00fcnl\u00fc\u011f\u00fcn\u00fc ve \u00f6nemini h\u00e2l\u00e2 korumaktad\u0131r. \u201cB\u00fcy\u00fck Rus \u0130htilali\u2019nin g\u00f6lgesi, yine de uluslararas\u0131 i\u015f\u00e7i s\u0131n\u0131f\u0131 i\u00e7inden k\u00fc\u00e7\u00fck gruplar\u0131 kendine \u00e7ekiyor, ancak Kom\u00fcnist Enternasyonali\u2019nin, d\u00fcnya proletaryas\u0131n\u0131n eylemci unsurlar\u0131 \u00fczerinde art\u0131k hi\u00e7bir etkisi yok. Bol\u015feviklerin Rus \u0130htilali \u00e7er\u00e7evesinde ger\u00e7ekle\u015ftirdikleri, \u00f6l\u00fcms\u00fcz bir tarihi ba\u015far\u0131 say\u0131labilir. Bug\u00fcn, uluslararas\u0131 burjuvazi, Bol\u015fevizmden korkmakla hata etmektedir. Uluslararas\u0131 Marksist proletaryadan ve d\u00fcnya ihtilalinden korkmakta hakl\u0131 olabilir. Ama \u2018Bol\u015fevizm\u2019in b\u00fct\u00fcn bunlarla ilgisi yoktur.\u201d <\/p>\n","protected":false},"excerpt":{"rendered":"<p>Bol\u015fevizm tarihi \u00fczerine yap\u0131lm\u0131\u015f onlarca \u00e7al\u0131\u015fma i\u00e7inde, Bol\u015fevizmi Marx\u2019tan ba\u015flat\u0131p, Stalinizme var\u0131\u015f\u0131na dek tarihsel olarak mercek alt\u0131na al\u0131\u015f\u0131yla, Rosenberg\u2019in \u00e7al\u0131\u015fmas\u0131 \u00f6zg\u00fcnl\u00fc\u011f\u00fcn\u00fc ve \u00f6nemini h\u00e2l\u00e2 korumaktad\u0131r. \u201cB\u00fcy\u00fck<span class=\"excerpt-hellip\"> [\u2026]<\/span><\/p>\n","protected":false},"featured_media":0,"template":"","meta":{"_monsterinsights_skip_tracking":false,"_monsterinsights_sitenote_active":false,"_monsterinsights_sitenote_note":"","_monsterinsights_sitenote_category":0},"product_brand":[],"product_cat":[12312,12304],"product_tag":[],"class_list":{"0":"post-745106","1":"product","2":"type-product","3":"status-publish","5":"product_cat-diger","6":"product_cat-tarih","7":"pa_cilt-ciltsiz","8":"pa_tur-kitap","9":"pa_yayinevi-telgrafhane-yayinlari","10":"pa_yazar-arthur-rosenberg","12":"first","13":"instock","14":"sale","15":"shipping-taxable","16":"purchasable","17":"product-type-simple"},"_links":{"self":[{"href":"https:\/\/roveyayinevi.com.tr\/index.php\/wp-json\/wp\/v2\/product\/745106","targetHints":{"allow":["GET"]}}],"collection":[{"href":"https:\/\/roveyayinevi.com.tr\/index.php\/wp-json\/wp\/v2\/product"}],"about":[{"href":"https:\/\/roveyayinevi.com.tr\/index.php\/wp-json\/wp\/v2\/types\/product"}],"wp:attachment":[{"href":"https:\/\/roveyayinevi.com.tr\/index.php\/wp-json\/wp\/v2\/media?parent=745106"}],"wp:term":[{"taxonomy":"product_brand","embeddable":true,"href":"https:\/\/roveyayinevi.com.tr\/index.php\/wp-json\/wp\/v2\/product_brand?post=745106"},{"taxonomy":"product_cat","embeddable":true,"href":"https:\/\/roveyayinevi.com.tr\/index.php\/wp-json\/wp\/v2\/product_cat?post=745106"},{"taxonomy":"product_tag","embeddable":true,"href":"https:\/\/roveyayinevi.com.tr\/index.php\/wp-json\/wp\/v2\/product_tag?post=745106"}],"curies":[{"name":"wp","href":"https:\/\/api.w.org\/{rel}","templated":true}]}}