{"id":745105,"date":"2025-08-28T02:11:39","date_gmt":"2025-08-27T23:11:39","guid":{"rendered":"https:\/\/roveyayinevi.com.tr\/index.php\/urun\/kapitalizmin-derinlesen-krizleri-ve-turkiye\/"},"modified":"2026-04-16T02:57:30","modified_gmt":"2026-04-15T23:57:30","slug":"kapitalizmin-derinlesen-krizleri-ve-turkiye","status":"publish","type":"product","link":"https:\/\/roveyayinevi.com.tr\/index.php\/urun\/kapitalizmin-derinlesen-krizleri-ve-turkiye\/","title":{"rendered":"Kapitalizmin Derinle\u015fen Krizleri ve T\u00fcrkiye"},"content":{"rendered":"<p>\u201c\u2018Alternatifleriniz ne?\u2019 sorunsal\u0131 kar\u015f\u0131s\u0131nda Sol\u2019un \u015f\u00f6yle bir tehlikeli ikileminin s\u00f6zkonusu oldu\u011funu g\u00f6zl\u00fcyorum: Verili ko\u015fullar alt\u0131nda, aciliyet gerektiren ger\u00e7ek\u00e7i ve somut alternatif \u00f6neriler \u00e7o\u011fu kez \u2018sistem-i\u00e7i\u2019 olarak ele\u015ftirilmekte. Bunlara \u2018kapitalist sistemin y\u0131k\u0131lmas\u0131 ve sosyalizmin ger\u00e7ekle\u015ftirilmesi\u2019 hedefleriyle \u00f6rt\u00fc\u015fm\u00fcyor, su\u00e7lamas\u0131 yap\u0131lmakta. Ancak, krizin bahane edilerek eme\u011fin sosyal kazan\u0131mlar\u0131na y\u00f6nelik sald\u0131r\u0131lar\u0131n p\u00fcsk\u00fcrt\u00fclmesi ve krizin bedelinin emek\u00e7ilere \u00f6dettirilmesi \u00e7abalar\u0131na kar\u015f\u0131 \u00f6nerilen bir\u00e7ok politikan\u0131n \u2018sistem-i\u00e7i\u2019 unsurlar i\u00e7ermesi de ka\u00e7\u0131n\u0131lmaz. Ku\u015fkusuz ki bir yanda da s\u0131n\u0131f pusulas\u0131n\u0131 yitirmek tehlikesi var. Hedeften sapma ve nihai \u00e7\u00f6z\u00fcm\u00fcn kapitalist sitemin d\u0131\u015f\u0131nda, sosyalizmde oldu\u011fu ufkunu yitirmemek gerekli. Ancak, burada s\u00f6zkonusu olan \u2018bu sistemde hi\u00e7bir \u015fey de\u011fi\u015ftirilemez, sosyalizm gelecek, sorunlar \u00e7\u00f6z\u00fclecek\u2019 yakla\u015f\u0131m\u0131 da sorunlara kar\u015f\u0131 \u00e7ok soyut d\u00fczeyden bakmak ve emek\u00e7i insanlara herhangi bir umut a\u015f\u0131layamamak tehdidiyle y\u00fczle\u015fmek zorunda. \u00dcstelik bu yakla\u015f\u0131mla kitleleri ikna etmek, onlar\u0131 soyut idealler u\u011fruna harekete ge\u00e7irmek \u00e7ok zor g\u00f6z\u00fck\u00fcyor. Di\u011fer yandan da emek\u00e7ilerin acil \u00e7\u00f6z\u00fcm bekleyen sorunlar\u0131 var; onlar\u0131n sorunlar\u0131na g\u00f6z kapay\u0131p her \u015feyi uzun d\u00f6neme havale etmek takti\u011fi Sol\u2019u kitleler nezdinde yaln\u0131zla\u015ft\u0131r\u0131yor, yabanc\u0131la\u015ft\u0131r\u0131yor ve giderek marjinalle\u015ftiriyor.\u201d \u00dclkemizin y\u00fcz ak\u0131 iktisat\u00e7\u0131lar\u0131ndan Erin\u00e7 Yeldan, bir kez daha, \u201cdayat\u0131lan\u0131\u201d ve insana yak\u0131\u015f\u0131rca \u201ctalep edilmesi gerekeni\u201d hat\u0131rlat\u0131yor\u2026 <\/p>\n","protected":false},"excerpt":{"rendered":"<p>\u201c\u2018Alternatifleriniz ne?\u2019 sorunsal\u0131 kar\u015f\u0131s\u0131nda Sol\u2019un \u015f\u00f6yle bir tehlikeli ikileminin s\u00f6zkonusu oldu\u011funu g\u00f6zl\u00fcyorum: Verili ko\u015fullar alt\u0131nda, aciliyet gerektiren ger\u00e7ek\u00e7i ve somut alternatif \u00f6neriler \u00e7o\u011fu kez \u2018sistem-i\u00e7i\u2019 olarak<span class=\"excerpt-hellip\"> [\u2026]<\/span><\/p>\n","protected":false},"featured_media":0,"template":"","meta":{"_monsterinsights_skip_tracking":false,"_monsterinsights_sitenote_active":false,"_monsterinsights_sitenote_note":"","_monsterinsights_sitenote_category":0},"product_brand":[],"product_cat":[13059,12337],"product_tag":[],"class_list":{"0":"post-745105","1":"product","2":"type-product","3":"status-publish","5":"product_cat-diger-politika-siyaset","6":"product_cat-politika-siyaset","7":"pa_cilt-ciltsiz","8":"pa_tur-kitap","9":"pa_yayinevi-telgrafhane-yayinlari","10":"pa_yazar-erinc-yeldan","12":"first","13":"instock","14":"sale","15":"shipping-taxable","16":"purchasable","17":"product-type-simple"},"_links":{"self":[{"href":"https:\/\/roveyayinevi.com.tr\/index.php\/wp-json\/wp\/v2\/product\/745105","targetHints":{"allow":["GET"]}}],"collection":[{"href":"https:\/\/roveyayinevi.com.tr\/index.php\/wp-json\/wp\/v2\/product"}],"about":[{"href":"https:\/\/roveyayinevi.com.tr\/index.php\/wp-json\/wp\/v2\/types\/product"}],"wp:attachment":[{"href":"https:\/\/roveyayinevi.com.tr\/index.php\/wp-json\/wp\/v2\/media?parent=745105"}],"wp:term":[{"taxonomy":"product_brand","embeddable":true,"href":"https:\/\/roveyayinevi.com.tr\/index.php\/wp-json\/wp\/v2\/product_brand?post=745105"},{"taxonomy":"product_cat","embeddable":true,"href":"https:\/\/roveyayinevi.com.tr\/index.php\/wp-json\/wp\/v2\/product_cat?post=745105"},{"taxonomy":"product_tag","embeddable":true,"href":"https:\/\/roveyayinevi.com.tr\/index.php\/wp-json\/wp\/v2\/product_tag?post=745105"}],"curies":[{"name":"wp","href":"https:\/\/api.w.org\/{rel}","templated":true}]}}