{"id":745104,"date":"2025-08-28T02:11:38","date_gmt":"2025-08-27T23:11:38","guid":{"rendered":"https:\/\/roveyayinevi.com.tr\/index.php\/urun\/simgesel-iktidar-siyaset-ve-entelektueller\/"},"modified":"2026-04-16T02:57:30","modified_gmt":"2026-04-15T23:57:30","slug":"simgesel-iktidar-siyaset-ve-entelektueller","status":"publish","type":"product","link":"https:\/\/roveyayinevi.com.tr\/index.php\/urun\/simgesel-iktidar-siyaset-ve-entelektueller\/","title":{"rendered":"Simgesel \u0130ktidar &#8211;  Siyaset ve Entelekt\u00fceller"},"content":{"rendered":"<p>Sosyoloji ile siyaset aras\u0131nda do\u011frudan bir ba\u011f var m\u0131? Sosyoloji toplumsal d\u00fcnyay\u0131 a\u00e7\u0131klamakla yetinmeyip  de\u011fi\u015ftirmeye \u00e7al\u0131\u015fmal\u0131 m\u0131? K\u0131sacas\u0131, m\u00fcdahil bir sosyoloji m\u00fcmk\u00fcn m\u00fc ve sosyolojinin siyaseti olur mu? Pierre Bourdieu, 20. y\u00fczy\u0131l\u0131n en \u00f6nemli sosyologlar\u0131ndan biri olsa da genellikle bir siyaset sosyolo\u011fu olarak tan\u0131nmaz. Bunda onun geleneksel siyaset pratiklerine ve siyaset bilimine mesafeli tutumunun pay\u0131 b\u00fcy\u00fckt\u00fcr. Oysa Bourdieu meslek hayat\u0131 boyunca, iktidar m\u00fccadelelerinin bizzat k\u00fclt\u00fcr arac\u0131l\u0131\u011f\u0131yla toplumun k\u0131lcal damarlar\u0131na nas\u0131l n\u00fcfuz etti\u011fini, toplumsal e\u015fitsizlikleri nas\u0131l \u00fcretti\u011fini ve direni\u015fi nas\u0131l g\u00fc\u00e7le\u015ftirdi\u011fini gerek eylemleri gerekse \u00e7al\u0131\u015fmalar\u0131 vas\u0131tas\u0131yla ortaya koymak i\u00e7in b\u00fcy\u00fck bir u\u011fra\u015f vermi\u015ftir. Her alanda verilen iktidar m\u00fccadelelerinin, maddi kaynaklar\u0131n yan\u0131 s\u0131ra simgesel kaynaklara sahip olmay\u0131, bunlar\u0131 biriktirmeyi ve y\u00f6netmeyi gerektirdi\u011fini g\u00f6stermi\u015f ve simgesel sermayenin toplumsal hiyerar\u015filerin in\u015fas\u0131nda ve korunmas\u0131nda ne denli etkili bir rol \u00fcstlendi\u011fini g\u00f6zler \u00f6n\u00fcne sermi\u015ftir.  David L. Swartz, bu kitapta, Bourdieu\u2019n\u00fcn sosyal bilim tasar\u0131s\u0131n\u0131n \u201csadece bir bilim\u201d olmad\u0131\u011f\u0131n\u0131, ayr\u0131ca bir siyaset tasar\u0131s\u0131 da oldu\u011funu iddia ediyor. Onun t\u00fcm \u00e7al\u0131\u015fmalar\u0131n\u0131n birle\u015ftirici ve de\u011fi\u015fmez izle\u011fi olan bu \u2018siyasi\u2019 sosyolojinin unsurlar\u0131n\u0131, temel kavramlar\u0131ndan hareketle tek tek ve ayr\u0131nt\u0131l\u0131 bi\u00e7imde ortaya koyuyor. Bourdieu\u2019n\u00fcn fikirlerini birbiriyle ba\u011flant\u0131s\u0131 ve b\u00fct\u00fcnl\u00fc\u011f\u00fc i\u00e7inde \u00f6\u011frenmek isteyenlerin ka\u00e7\u0131rmamas\u0131 gereken yetkin bir ba\u015fvuru kayna\u011f\u0131 sunuyor.<\/p>\n","protected":false},"excerpt":{"rendered":"<p>Sosyoloji ile siyaset aras\u0131nda do\u011frudan bir ba\u011f var m\u0131? Sosyoloji toplumsal d\u00fcnyay\u0131 a\u00e7\u0131klamakla yetinmeyip de\u011fi\u015ftirmeye \u00e7al\u0131\u015fmal\u0131 m\u0131? K\u0131sacas\u0131, m\u00fcdahil bir sosyoloji m\u00fcmk\u00fcn m\u00fc ve sosyolojinin siyaseti<span class=\"excerpt-hellip\"> [\u2026]<\/span><\/p>\n","protected":false},"featured_media":0,"template":"","meta":{"_monsterinsights_skip_tracking":false,"_monsterinsights_sitenote_active":false,"_monsterinsights_sitenote_note":"","_monsterinsights_sitenote_category":0},"product_brand":[],"product_cat":[12351,12324],"product_tag":[],"class_list":{"0":"post-745104","1":"product","2":"type-product","3":"status-publish","5":"product_cat-siyaset-sosyolojisi","6":"product_cat-sosyoloji","7":"pa_cilt-ciltsiz","8":"pa_tur-kitap","9":"pa_yayinevi-fol-kitap","10":"pa_yazar-david-swartz","12":"first","13":"instock","14":"sale","15":"shipping-taxable","16":"purchasable","17":"product-type-simple"},"_links":{"self":[{"href":"https:\/\/roveyayinevi.com.tr\/index.php\/wp-json\/wp\/v2\/product\/745104","targetHints":{"allow":["GET"]}}],"collection":[{"href":"https:\/\/roveyayinevi.com.tr\/index.php\/wp-json\/wp\/v2\/product"}],"about":[{"href":"https:\/\/roveyayinevi.com.tr\/index.php\/wp-json\/wp\/v2\/types\/product"}],"wp:attachment":[{"href":"https:\/\/roveyayinevi.com.tr\/index.php\/wp-json\/wp\/v2\/media?parent=745104"}],"wp:term":[{"taxonomy":"product_brand","embeddable":true,"href":"https:\/\/roveyayinevi.com.tr\/index.php\/wp-json\/wp\/v2\/product_brand?post=745104"},{"taxonomy":"product_cat","embeddable":true,"href":"https:\/\/roveyayinevi.com.tr\/index.php\/wp-json\/wp\/v2\/product_cat?post=745104"},{"taxonomy":"product_tag","embeddable":true,"href":"https:\/\/roveyayinevi.com.tr\/index.php\/wp-json\/wp\/v2\/product_tag?post=745104"}],"curies":[{"name":"wp","href":"https:\/\/api.w.org\/{rel}","templated":true}]}}