{"id":745103,"date":"2025-08-28T02:11:37","date_gmt":"2025-08-27T23:11:37","guid":{"rendered":"https:\/\/roveyayinevi.com.tr\/index.php\/urun\/hilafetin-kureysliligi\/"},"modified":"2026-04-16T02:57:30","modified_gmt":"2026-04-15T23:57:30","slug":"hilafetin-kureysliligi","status":"publish","type":"product","link":"https:\/\/roveyayinevi.com.tr\/index.php\/urun\/hilafetin-kureysliligi\/","title":{"rendered":"Hilafetin Kurey\u015flili\u011fi"},"content":{"rendered":"<p>M\u00fcsl\u00fcman k\u00fclt\u00fcr\u00fcn\u00fcn Kitab ve S\u00fcnnet a\u00e7\u0131s\u0131ndan ge\u00e7irdi\u011fi tarih\u00ee de\u011fi\u015fimleri merak edenler i\u00e7in hilafet kurumu en ibretlik inceleme konular\u0131ndan birisidir. G\u00fcn\u00fcm\u00fcz M\u00fcsl\u00fcman\u0131n\u0131n kendi k\u00f6klerine ba\u011fl\u0131 kalabilmesi i\u00e7in, ecdad\u0131n\u0131n kitablar\u0131ndaki mevcud bilgilerin do\u011frusunu e\u011frisinden ay\u0131rmak zorunda oldu\u011fu ink\u00e2r g\u00f6t\u00fcrmez bir ger\u00e7ektir. Ya\u015fad\u0131\u011f\u0131m\u0131z d\u00fcnyada, g\u00fcn\u00fcm\u00fcz M\u00fcsl\u00fcmanl\u0131\u011f\u0131n\u0131n arz etti\u011fi i\u00e7 karart\u0131c\u0131 manzaray\u0131 \u0130slam\u2019a yak\u0131\u015ft\u0131ramayan hassas ki\u015filerin, bunun sebeblerini ara\u015ft\u0131rmay\u0131 kendilerine vazife edinecekleri \u015f\u00fcbhesizdir. Hi\u00e7bir b\u00e2t\u0131l iddian\u0131n, bilhassa g\u00fcn\u00fcm\u00fczde kabul g\u00f6rmesi d\u00fc\u015f\u00fcn\u00fclemeyece\u011fine g\u00f6re, \u0130slam gibi, ebed\u00ee ve ezeli bir de\u011ferler manzumesinin maruz kald\u0131\u011f\u0131 \u00e7arp\u0131k de\u011ferlendirmelerden ar\u0131nd\u0131r\u0131lmas\u0131nda mutlak zaruret vard\u0131r. Bu eserde, yar\u0131m sat\u0131rl\u0131k sun\u2019i bir had\u00eesin, nice b\u00fcy\u00fck \u00e2limi b\u00e2t\u0131l bir d\u00e2vay\u0131 m\u00fcdafaa zorunda b\u0131rakm\u0131\u015f oldu\u011funu ve Kitab ve S\u00fcnnet\u2019in M\u00fcsl\u00fcmanlar elinde nas\u0131l istismar edilebilece\u011fini g\u00f6receksiniz.   <\/p>\n","protected":false},"excerpt":{"rendered":"<p>M\u00fcsl\u00fcman k\u00fclt\u00fcr\u00fcn\u00fcn Kitab ve S\u00fcnnet a\u00e7\u0131s\u0131ndan ge\u00e7irdi\u011fi tarih\u00ee de\u011fi\u015fimleri merak edenler i\u00e7in hilafet kurumu en ibretlik inceleme konular\u0131ndan birisidir. G\u00fcn\u00fcm\u00fcz M\u00fcsl\u00fcman\u0131n\u0131n kendi k\u00f6klerine ba\u011fl\u0131 kalabilmesi i\u00e7in,<span class=\"excerpt-hellip\"> [\u2026]<\/span><\/p>\n","protected":false},"featured_media":0,"template":"","meta":{"_monsterinsights_skip_tracking":false,"_monsterinsights_sitenote_active":false,"_monsterinsights_sitenote_note":"","_monsterinsights_sitenote_category":0},"product_brand":[],"product_cat":[12718,12719],"product_tag":[],"class_list":{"0":"post-745103","1":"product","2":"type-product","3":"status-publish","5":"product_cat-din","6":"product_cat-islam","7":"pa_cilt-ciltsiz","8":"pa_tur-kitap","9":"pa_yayinevi-otto-yayinlari","10":"pa_yazar-mehmed-said-hatiboglu","12":"first","13":"instock","14":"sale","15":"shipping-taxable","16":"purchasable","17":"product-type-simple"},"_links":{"self":[{"href":"https:\/\/roveyayinevi.com.tr\/index.php\/wp-json\/wp\/v2\/product\/745103","targetHints":{"allow":["GET"]}}],"collection":[{"href":"https:\/\/roveyayinevi.com.tr\/index.php\/wp-json\/wp\/v2\/product"}],"about":[{"href":"https:\/\/roveyayinevi.com.tr\/index.php\/wp-json\/wp\/v2\/types\/product"}],"wp:attachment":[{"href":"https:\/\/roveyayinevi.com.tr\/index.php\/wp-json\/wp\/v2\/media?parent=745103"}],"wp:term":[{"taxonomy":"product_brand","embeddable":true,"href":"https:\/\/roveyayinevi.com.tr\/index.php\/wp-json\/wp\/v2\/product_brand?post=745103"},{"taxonomy":"product_cat","embeddable":true,"href":"https:\/\/roveyayinevi.com.tr\/index.php\/wp-json\/wp\/v2\/product_cat?post=745103"},{"taxonomy":"product_tag","embeddable":true,"href":"https:\/\/roveyayinevi.com.tr\/index.php\/wp-json\/wp\/v2\/product_tag?post=745103"}],"curies":[{"name":"wp","href":"https:\/\/api.w.org\/{rel}","templated":true}]}}