{"id":745102,"date":"2025-08-28T02:11:36","date_gmt":"2025-08-27T23:11:36","guid":{"rendered":"https:\/\/roveyayinevi.com.tr\/index.php\/urun\/kapi-iceriden-acilir\/"},"modified":"2026-04-11T14:14:12","modified_gmt":"2026-04-11T11:14:12","slug":"kapi-iceriden-acilir","status":"publish","type":"product","link":"https:\/\/roveyayinevi.com.tr\/index.php\/urun\/kapi-iceriden-acilir\/","title":{"rendered":"Kap\u0131 \u0130\u00e7eriden A\u00e7\u0131l\u0131r"},"content":{"rendered":"<p>\u201cDuydum ki kap\u0131ma gelmi\u015f, tokma\u011f\u0131 olmad\u0131\u011f\u0131 i\u00e7in, kap\u0131y\u0131 vurmadan geri d\u00f6nm\u00fc\u015fs\u00fcn. Bilmez misin? Kalp kap\u0131s\u0131n\u0131n tokma\u011f\u0131 yoktur. O ancak i\u00e7eriden a\u00e7\u0131l\u0131r&#8230;\u201d \u2013Mevlana   Arad\u0131\u011f\u0131n d\u0131\u015far\u0131da de\u011fil, i\u00e7eride. \u0130\u00e7eriye ula\u015fman\u0131n yolu sadece d\u0131\u015far\u0131da. O da yolun ba\u015f\u0131nda. Daha sonra o yollar da i\u00e7eride belirecektir. Ama \u015fimdilik sadece \u015funu bil; insan e\u011fer kendini kazanmak, kendini sevmek, d\u0131\u015far\u0131dan beklediklerini kendinde bulmak gibi ama\u00e7larla ya\u015farsa yol yak\u0131nla\u015f\u0131r. Hakiki g\u00fc\u00e7 risk almay\u0131 ister. Sorumluluk senin. Rengin Y\u0131lmaz kendi tasavvuf yolculu\u011funu, deneyimlerini bu kitapta seninle payla\u015f\u0131yor. \u00c7ok duydu\u011fun ama tam bilemedi\u011fin bir\u00e7ok gizemin a\u00e7\u0131klamalar\u0131n\u0131 da burada bulacaks\u0131n. Can kula\u011f\u0131n\u0131 a\u00e7man, g\u00f6n\u00fcl g\u00f6z\u00fcyle g\u00f6rebilmen i\u00e7in yan\u0131nda olmak, yolda rastlad\u0131klar\u0131n\u0131 seninle payla\u015fmak, kendini bulma yolunda her ad\u0131m\u0131n\u0131 inan\u00e7la, g\u00fcvenle ve ilimle atman i\u00e7in yard\u0131m etmek istiyor. Birlikte gizem perdelerini aralamak, ard\u0131ndaki ilmi senin de g\u00f6rmeni sa\u011flamak i\u00e7in yan\u0131nda olmak istiyor. \u015eayet kendi i\u00e7inde sakl\u0131 gizeme ve hazineye ula\u015fmak istiyorsan bu kitap senin k\u0131lavuzun olacak. \u0130nan\u00e7 ve ilimle s\u0131r perdelerini aralaman dile\u011fiyle! <\/p>\n","protected":false},"excerpt":{"rendered":"<p>\u201cDuydum ki kap\u0131ma gelmi\u015f, tokma\u011f\u0131 olmad\u0131\u011f\u0131 i\u00e7in, kap\u0131y\u0131 vurmadan geri d\u00f6nm\u00fc\u015fs\u00fcn. Bilmez misin? Kalp kap\u0131s\u0131n\u0131n tokma\u011f\u0131 yoktur. O ancak i\u00e7eriden a\u00e7\u0131l\u0131r&#8230;\u201d \u2013Mevlana Arad\u0131\u011f\u0131n d\u0131\u015far\u0131da de\u011fil, i\u00e7eride.<span class=\"excerpt-hellip\"> [\u2026]<\/span><\/p>\n","protected":false},"featured_media":0,"template":"","meta":{"_monsterinsights_skip_tracking":false,"_monsterinsights_sitenote_active":false,"_monsterinsights_sitenote_note":"","_monsterinsights_sitenote_category":0},"product_brand":[],"product_cat":[12364,12376],"product_tag":[],"class_list":{"0":"post-745102","1":"product","2":"type-product","3":"status-publish","5":"product_cat-genel-konular","6":"product_cat-kisisel-gelisim","7":"pa_cilt-ciltsiz","8":"pa_tur-kitap","9":"pa_yayinevi-destek-yayinlari","10":"pa_yazar-rengin-yilmaz","12":"first","13":"instock","14":"sale","15":"shipping-taxable","16":"purchasable","17":"product-type-simple"},"_links":{"self":[{"href":"https:\/\/roveyayinevi.com.tr\/index.php\/wp-json\/wp\/v2\/product\/745102","targetHints":{"allow":["GET"]}}],"collection":[{"href":"https:\/\/roveyayinevi.com.tr\/index.php\/wp-json\/wp\/v2\/product"}],"about":[{"href":"https:\/\/roveyayinevi.com.tr\/index.php\/wp-json\/wp\/v2\/types\/product"}],"wp:attachment":[{"href":"https:\/\/roveyayinevi.com.tr\/index.php\/wp-json\/wp\/v2\/media?parent=745102"}],"wp:term":[{"taxonomy":"product_brand","embeddable":true,"href":"https:\/\/roveyayinevi.com.tr\/index.php\/wp-json\/wp\/v2\/product_brand?post=745102"},{"taxonomy":"product_cat","embeddable":true,"href":"https:\/\/roveyayinevi.com.tr\/index.php\/wp-json\/wp\/v2\/product_cat?post=745102"},{"taxonomy":"product_tag","embeddable":true,"href":"https:\/\/roveyayinevi.com.tr\/index.php\/wp-json\/wp\/v2\/product_tag?post=745102"}],"curies":[{"name":"wp","href":"https:\/\/api.w.org\/{rel}","templated":true}]}}