{"id":745101,"date":"2025-08-28T02:11:35","date_gmt":"2025-08-27T23:11:35","guid":{"rendered":"https:\/\/roveyayinevi.com.tr\/index.php\/urun\/jacques-lacan-her-anlama-bir-yanlis-anlamadir\/"},"modified":"2026-04-13T03:03:56","modified_gmt":"2026-04-13T00:03:56","slug":"jacques-lacan-her-anlama-bir-yanlis-anlamadir","status":"publish","type":"product","link":"https:\/\/roveyayinevi.com.tr\/index.php\/urun\/jacques-lacan-her-anlama-bir-yanlis-anlamadir\/","title":{"rendered":"Jacques Lacan-Her Anlama Bir Yanl\u0131\u015f Anlamad\u0131r"},"content":{"rendered":"<p>\u201cHakikati Ke\u015ffetmiyorum, Onu \u0130cat Ediyorum.\u201d   Dilbilim, yap\u0131salc\u0131 antropoloji ve felsefe ba\u015fta olmak \u00fczere bir\u00e7ok disiplinden beslenerek yeni bir psikanaliz \u00f6\u011fretisi ortaya koyan ve d\u00fcnya genelinde Sigmund Freud\u2019dan sonra en \u00e7ok ismi an\u0131lan psikanalist olan Jacques Lacan, \u201cFreud\u2019a D\u00f6n\u00fc\u015f\u201d d\u00fc\u015f\u00fcncesiyle birlikte, teorik ve pratik i\u015fleyi\u015fin merkezine \u201c\u00f6znelli\u011fi\u201d koyarak yeni bir yol \u00e7izmi\u015ftir. Lacan bu yeni yolu \u015f\u00f6yle a\u00e7\u0131klar: \u201cPsikanaliz esas olarak yolundan \u015fa\u015fan, ters giden \u015feylerle ilgilenir. Bu nedenle as\u0131l meselesini, kendi ad\u0131 olan s\u00f6zc\u00fckle \u00e7a\u011f\u0131rmal\u0131y\u0131z: Ger\u00e7ek. Bu s\u00f6zc\u00fc\u011f\u00fc kullanan tek ki\u015fi oldu\u011fumu s\u00f6ylemeliyim.\u201d Lacan, ki\u015finin etraf\u0131n\u0131 saran aldat\u0131c\u0131 g\u00f6r\u00fcn\u00fc\u015flere kar\u015f\u0131, ki\u015finin kendi hakikatine dair harekete ge\u00e7mesine vurgu yapan bir psikanalisttir. Hakikatin psikanalisti&#8230;   <\/p>\n","protected":false},"excerpt":{"rendered":"<p>\u201cHakikati Ke\u015ffetmiyorum, Onu \u0130cat Ediyorum.\u201d Dilbilim, yap\u0131salc\u0131 antropoloji ve felsefe ba\u015fta olmak \u00fczere bir\u00e7ok disiplinden beslenerek yeni bir psikanaliz \u00f6\u011fretisi ortaya koyan ve d\u00fcnya genelinde Sigmund<span class=\"excerpt-hellip\"> [\u2026]<\/span><\/p>\n","protected":false},"featured_media":0,"template":"","meta":{"_monsterinsights_skip_tracking":false,"_monsterinsights_sitenote_active":false,"_monsterinsights_sitenote_note":"","_monsterinsights_sitenote_category":0},"product_brand":[],"product_cat":[12389,12388],"product_tag":[],"class_list":{"0":"post-745101","1":"product","2":"type-product","3":"status-publish","5":"product_cat-diger-felsefe","6":"product_cat-felsefe","7":"pa_cilt-ciltsiz","8":"pa_tur-kitap","9":"pa_yayinevi-destek-yayinlari","10":"pa_yazar-atakan-yorulmaz-muzaffer-corlu","12":"first","13":"instock","14":"sale","15":"shipping-taxable","16":"purchasable","17":"product-type-simple"},"_links":{"self":[{"href":"https:\/\/roveyayinevi.com.tr\/index.php\/wp-json\/wp\/v2\/product\/745101","targetHints":{"allow":["GET"]}}],"collection":[{"href":"https:\/\/roveyayinevi.com.tr\/index.php\/wp-json\/wp\/v2\/product"}],"about":[{"href":"https:\/\/roveyayinevi.com.tr\/index.php\/wp-json\/wp\/v2\/types\/product"}],"wp:attachment":[{"href":"https:\/\/roveyayinevi.com.tr\/index.php\/wp-json\/wp\/v2\/media?parent=745101"}],"wp:term":[{"taxonomy":"product_brand","embeddable":true,"href":"https:\/\/roveyayinevi.com.tr\/index.php\/wp-json\/wp\/v2\/product_brand?post=745101"},{"taxonomy":"product_cat","embeddable":true,"href":"https:\/\/roveyayinevi.com.tr\/index.php\/wp-json\/wp\/v2\/product_cat?post=745101"},{"taxonomy":"product_tag","embeddable":true,"href":"https:\/\/roveyayinevi.com.tr\/index.php\/wp-json\/wp\/v2\/product_tag?post=745101"}],"curies":[{"name":"wp","href":"https:\/\/api.w.org\/{rel}","templated":true}]}}