{"id":745097,"date":"2025-08-28T02:11:30","date_gmt":"2025-08-27T23:11:30","guid":{"rendered":"https:\/\/roveyayinevi.com.tr\/index.php\/urun\/buyuk-kutlama-kucuk-kardeslerin-buyuk-maceralari\/"},"modified":"2026-04-11T03:05:16","modified_gmt":"2026-04-11T00:05:16","slug":"buyuk-kutlama-kucuk-kardeslerin-buyuk-maceralari","status":"publish","type":"product","link":"https:\/\/roveyayinevi.com.tr\/index.php\/urun\/buyuk-kutlama-kucuk-kardeslerin-buyuk-maceralari\/","title":{"rendered":"B\u00fcy\u00fck Kutlama &#8211; K\u00fc\u00e7\u00fck Karde\u015flerin B\u00fcy\u00fck Maceralar\u0131"},"content":{"rendered":"<p>\u0130kiz karde\u015fler uyand\u0131klar\u0131nda bir de ne g\u00f6rs\u00fcnler? Anneleri evde yoktur. Peki anneleri nerededir? Tabii ya o g\u00fcn annelerinin do\u011fum g\u00fcn\u00fcd\u00fcr, ikizler s\u00fcrpriz do\u011fum g\u00fcn\u00fc partisi haz\u0131rlas\u0131n diye onlar\u0131 yaln\u0131z b\u0131rakm\u0131\u015ft\u0131r. \u0130yi de annelerinin do\u011fum g\u00fcn\u00fc ger\u00e7ekten o g\u00fcn m\u00fcd\u00fcr?<\/p>\n","protected":false},"excerpt":{"rendered":"<p>\u0130kiz karde\u015fler uyand\u0131klar\u0131nda bir de ne g\u00f6rs\u00fcnler? Anneleri evde yoktur. Peki anneleri nerededir? Tabii ya o g\u00fcn annelerinin do\u011fum g\u00fcn\u00fcd\u00fcr, ikizler s\u00fcrpriz do\u011fum g\u00fcn\u00fc partisi haz\u0131rlas\u0131n<span class=\"excerpt-hellip\"> [\u2026]<\/span><\/p>\n","protected":false},"featured_media":0,"template":"","meta":{"_monsterinsights_skip_tracking":false,"_monsterinsights_sitenote_active":false,"_monsterinsights_sitenote_note":"","_monsterinsights_sitenote_category":0},"product_brand":[],"product_cat":[12274,12284],"product_tag":[],"class_list":{"0":"post-745097","1":"product","2":"type-product","3":"status-publish","5":"product_cat-cocuk-ve-genclik-kitaplari","6":"product_cat-hikayeler","7":"pa_cilt-ciltsiz","8":"pa_tur-kitap","9":"pa_yayinevi-timas-cocuk","10":"pa_yazar-selcen-yuksel-arvas","12":"first","13":"instock","14":"sale","15":"shipping-taxable","16":"purchasable","17":"product-type-simple"},"_links":{"self":[{"href":"https:\/\/roveyayinevi.com.tr\/index.php\/wp-json\/wp\/v2\/product\/745097","targetHints":{"allow":["GET"]}}],"collection":[{"href":"https:\/\/roveyayinevi.com.tr\/index.php\/wp-json\/wp\/v2\/product"}],"about":[{"href":"https:\/\/roveyayinevi.com.tr\/index.php\/wp-json\/wp\/v2\/types\/product"}],"wp:attachment":[{"href":"https:\/\/roveyayinevi.com.tr\/index.php\/wp-json\/wp\/v2\/media?parent=745097"}],"wp:term":[{"taxonomy":"product_brand","embeddable":true,"href":"https:\/\/roveyayinevi.com.tr\/index.php\/wp-json\/wp\/v2\/product_brand?post=745097"},{"taxonomy":"product_cat","embeddable":true,"href":"https:\/\/roveyayinevi.com.tr\/index.php\/wp-json\/wp\/v2\/product_cat?post=745097"},{"taxonomy":"product_tag","embeddable":true,"href":"https:\/\/roveyayinevi.com.tr\/index.php\/wp-json\/wp\/v2\/product_tag?post=745097"}],"curies":[{"name":"wp","href":"https:\/\/api.w.org\/{rel}","templated":true}]}}