{"id":745096,"date":"2025-08-28T02:11:29","date_gmt":"2025-08-27T23:11:29","guid":{"rendered":"https:\/\/roveyayinevi.com.tr\/index.php\/urun\/adanin-ejderhalari\/"},"modified":"2026-04-16T02:57:30","modified_gmt":"2026-04-15T23:57:30","slug":"adanin-ejderhalari","status":"publish","type":"product","link":"https:\/\/roveyayinevi.com.tr\/index.php\/urun\/adanin-ejderhalari\/","title":{"rendered":"Ada&#8217;n\u0131n Ejderhalar\u0131"},"content":{"rendered":"<p>Siz hi\u00e7 ejderhalar\u0131 olan bir k\u0131z \u00e7ocu\u011fu g\u00f6rd\u00fcn\u00fcz m\u00fc? \u00d6yk\u00fcm\u00fcz\u00fcn kahraman\u0131 olan Ada&#8217;n\u0131n tam alt\u0131 tane ejderhas\u0131 var. Reng\u00e2renk olan bu ejderhalar asl\u0131nda k\u00fc\u00e7\u00fck kahraman\u0131m\u0131z\u0131n duygular\u0131n\u0131 temsil ediyor. \u00dczg\u00fcn, \u00d6fkeli, Korkak, Sakin, Mutlu ve Cesur&#8230; Ancak bir g\u00fcn Ada k\u00f6t\u00fc bir g\u00fcn ge\u00e7irir. K\u00fc\u00e7\u00fck k\u0131z, ejderhalar\u0131ndan Korkak, \u00dczg\u00fcn ve \u00d6fkeli&#8217;yi art\u0131k yan\u0131nda istememektedir. Sonras\u0131nda ejderhalardan baz\u0131lar\u0131 ortadan kaybolur. Ger\u00e7ekten mutlu, sakin ve cesur hissetmek i\u00e7in Ada\u2019n\u0131n t\u00fcm ejderhalar\u0131na ihtiyac\u0131 olabilir mi? Ada&#8217;n\u0131n Ejderhalar\u0131, \u00e7ocuklar\u0131m\u0131z\u0131n duygular\u0131n\u0131 anlamland\u0131rmalar\u0131na ve tan\u0131mlar\u0131na yard\u0131mc\u0131 olacak. \u00c7ocuklarla diyalog ba\u015flat\u0131c\u0131 niteli\u011fe sahip bu eser sayesinde, &#8220;duygular&#8221; gibi soyut kavramlar \u00fczerine miniklerle rahatl\u0131kla konu\u015fabileceksiniz.<\/p>\n","protected":false},"excerpt":{"rendered":"<p>Siz hi\u00e7 ejderhalar\u0131 olan bir k\u0131z \u00e7ocu\u011fu g\u00f6rd\u00fcn\u00fcz m\u00fc? \u00d6yk\u00fcm\u00fcz\u00fcn kahraman\u0131 olan Ada&#8217;n\u0131n tam alt\u0131 tane ejderhas\u0131 var. Reng\u00e2renk olan bu ejderhalar asl\u0131nda k\u00fc\u00e7\u00fck kahraman\u0131m\u0131z\u0131n duygular\u0131n\u0131<span class=\"excerpt-hellip\"> [\u2026]<\/span><\/p>\n","protected":false},"featured_media":0,"template":"","meta":{"_monsterinsights_skip_tracking":false,"_monsterinsights_sitenote_active":false,"_monsterinsights_sitenote_note":"","_monsterinsights_sitenote_category":0},"product_brand":[],"product_cat":[12274,12523],"product_tag":[],"class_list":{"0":"post-745096","1":"product","2":"type-product","3":"status-publish","5":"product_cat-cocuk-ve-genclik-kitaplari","6":"product_cat-masallar","7":"pa_cilt-ciltsiz","8":"pa_tur-kitap","9":"pa_yayinevi-timas-cocuk","10":"pa_yazar-frances-stickley","12":"first","13":"instock","14":"sale","15":"shipping-taxable","16":"purchasable","17":"product-type-simple"},"_links":{"self":[{"href":"https:\/\/roveyayinevi.com.tr\/index.php\/wp-json\/wp\/v2\/product\/745096","targetHints":{"allow":["GET"]}}],"collection":[{"href":"https:\/\/roveyayinevi.com.tr\/index.php\/wp-json\/wp\/v2\/product"}],"about":[{"href":"https:\/\/roveyayinevi.com.tr\/index.php\/wp-json\/wp\/v2\/types\/product"}],"wp:attachment":[{"href":"https:\/\/roveyayinevi.com.tr\/index.php\/wp-json\/wp\/v2\/media?parent=745096"}],"wp:term":[{"taxonomy":"product_brand","embeddable":true,"href":"https:\/\/roveyayinevi.com.tr\/index.php\/wp-json\/wp\/v2\/product_brand?post=745096"},{"taxonomy":"product_cat","embeddable":true,"href":"https:\/\/roveyayinevi.com.tr\/index.php\/wp-json\/wp\/v2\/product_cat?post=745096"},{"taxonomy":"product_tag","embeddable":true,"href":"https:\/\/roveyayinevi.com.tr\/index.php\/wp-json\/wp\/v2\/product_tag?post=745096"}],"curies":[{"name":"wp","href":"https:\/\/api.w.org\/{rel}","templated":true}]}}