{"id":745094,"date":"2025-08-28T02:11:26","date_gmt":"2025-08-27T23:11:26","guid":{"rendered":"https:\/\/roveyayinevi.com.tr\/index.php\/urun\/buyuk-dostum\/"},"modified":"2026-04-16T02:57:30","modified_gmt":"2026-04-15T23:57:30","slug":"buyuk-dostum","status":"publish","type":"product","link":"https:\/\/roveyayinevi.com.tr\/index.php\/urun\/buyuk-dostum\/","title":{"rendered":"B\u00fcy\u00fck Dostum"},"content":{"rendered":"<p>B\u00fcy\u00fck dostlar, y\u00f6nlerini asla kaybetmezler&#8230; Bir yanda \u00e7ocuklu\u011fun tatl\u0131 tela\u015f\u0131nda Atlas, di\u011fer yanda huysuzlu\u011fuyla mahalleye k\u00f6k s\u00f6kt\u00fcren Pasaknaz Teyze. Biri kitaplar\u0131 \u00e7ok seviyor, \u00f6teki kitap g\u00f6rd\u00fc\u011f\u00fc yerden ka\u00e7\u0131yor! Bu hik\u00e2ye, sokaklar\u0131nda sekseklerin, ip atlayan \u00e7ocuklar\u0131n, rengarenk \u00e7i\u00e7eklerle s\u00fcsl\u00fc a\u011fa\u00e7lar\u0131n, y\u00fczme yar\u0131\u015f\u0131 yapan ya\u015fl\u0131 teyzelerin eksik olmad\u0131\u011f\u0131 B\u00fcy\u00fckada&#8217;da ge\u00e7iyor. Ger\u00e7e\u011fe yaslanan, hat\u0131ralarla dolu B\u00fcy\u00fck Dostum&#8217;u okurken s\u00f6ylenebilir, g\u00fclebilir, sinirlenebilir ya da hi\u00e7bir \u015fey olmam\u0131\u015f gibi davranabilirsiniz. Ama kimseyi Pasaknaz Teyze&#8217;yi tan\u0131mad\u0131\u011f\u0131n\u0131za ikna edemezsiniz!<\/p>\n","protected":false},"excerpt":{"rendered":"<p>B\u00fcy\u00fck dostlar, y\u00f6nlerini asla kaybetmezler&#8230; Bir yanda \u00e7ocuklu\u011fun tatl\u0131 tela\u015f\u0131nda Atlas, di\u011fer yanda huysuzlu\u011fuyla mahalleye k\u00f6k s\u00f6kt\u00fcren Pasaknaz Teyze. Biri kitaplar\u0131 \u00e7ok seviyor, \u00f6teki kitap g\u00f6rd\u00fc\u011f\u00fc<span class=\"excerpt-hellip\"> [\u2026]<\/span><\/p>\n","protected":false},"featured_media":0,"template":"","meta":{"_monsterinsights_skip_tracking":false,"_monsterinsights_sitenote_active":false,"_monsterinsights_sitenote_note":"","_monsterinsights_sitenote_category":0},"product_brand":[],"product_cat":[12689,12274],"product_tag":[],"class_list":{"0":"post-745094","1":"product","2":"type-product","3":"status-publish","5":"product_cat-cizgi-roman-cocuk-ve-genclik-kitaplari","6":"product_cat-cocuk-ve-genclik-kitaplari","7":"pa_cilt-ciltsiz","8":"pa_tur-kitap","9":"pa_yayinevi-genc-timas","10":"pa_yazar-anil-basili","12":"first","13":"instock","14":"sale","15":"shipping-taxable","16":"purchasable","17":"product-type-simple"},"_links":{"self":[{"href":"https:\/\/roveyayinevi.com.tr\/index.php\/wp-json\/wp\/v2\/product\/745094","targetHints":{"allow":["GET"]}}],"collection":[{"href":"https:\/\/roveyayinevi.com.tr\/index.php\/wp-json\/wp\/v2\/product"}],"about":[{"href":"https:\/\/roveyayinevi.com.tr\/index.php\/wp-json\/wp\/v2\/types\/product"}],"wp:attachment":[{"href":"https:\/\/roveyayinevi.com.tr\/index.php\/wp-json\/wp\/v2\/media?parent=745094"}],"wp:term":[{"taxonomy":"product_brand","embeddable":true,"href":"https:\/\/roveyayinevi.com.tr\/index.php\/wp-json\/wp\/v2\/product_brand?post=745094"},{"taxonomy":"product_cat","embeddable":true,"href":"https:\/\/roveyayinevi.com.tr\/index.php\/wp-json\/wp\/v2\/product_cat?post=745094"},{"taxonomy":"product_tag","embeddable":true,"href":"https:\/\/roveyayinevi.com.tr\/index.php\/wp-json\/wp\/v2\/product_tag?post=745094"}],"curies":[{"name":"wp","href":"https:\/\/api.w.org\/{rel}","templated":true}]}}