{"id":745091,"date":"2025-08-28T02:11:23","date_gmt":"2025-08-27T23:11:23","guid":{"rendered":"https:\/\/roveyayinevi.com.tr\/index.php\/urun\/tasavvuf-dersleri\/"},"modified":"2026-04-16T02:57:30","modified_gmt":"2026-04-15T23:57:30","slug":"tasavvuf-dersleri","status":"publish","type":"product","link":"https:\/\/roveyayinevi.com.tr\/index.php\/urun\/tasavvuf-dersleri\/","title":{"rendered":"Tasavvuf Dersleri"},"content":{"rendered":"<p>Tasavvuf; tefsir, hadis ve f\u0131k\u0131h gibi \u0130slami ilimler kategorisinde de\u011ferlendirilebilir mi? Bu ilimlere k\u0131yas edildi\u011fi zaman tasavvufun bir ilmi disiplin olarak do\u011fu\u015fu neden gecikmi\u015ftir? Edebiyat, g\u00fczel sanatlar, musiki gibi bediiyat ile olan m\u00fcnasebetleri nas\u0131ld\u0131r? Tasavvuf \u0130slam&#8217;\u0131n i\u00e7inde mevcut mudur yoksa Hristiyanl\u0131k, Hint, \u0130ran ve Uzak Do\u011fu&#8217;daki dinler, mistik ak\u0131mlardan do\u011frudan ya da dolayl\u0131 bir \u015fekilde etkilenmi\u015f, ithal bir sistem midir? Hz. Peygamber&#8217;den itibaren kutlu \u00fc\u00e7 neslin z\u00fchd anlay\u0131\u015f\u0131n\u0131n tasavvuf \u00fczerindeki tesirleri nedir? Z\u00fchd\u00fc nas\u0131l anlamak gerekir? Miladi 9. ve 10. as\u0131rlardan itibaren ortaya \u00e7\u0131kan tasavvuf b\u00fcy\u00fckleri kimlerdir ve onlara nispet edilen eserlerin i\u00e7eri\u011fi nas\u0131ld\u0131r? Z\u00fchd\u00fcn h\u00fcz\u00fcn, korku ve sevgi boyutunun b\u00fcy\u00fck temsilcileri kimlerdir? Tarikatlar ne zaman ve nas\u0131l ortaya \u00e7\u0131km\u0131\u015ft\u0131r? Tasavvufun temel kavramlar\u0131 nelerdir, hangi \u015fartlar alt\u0131nda ve ne \u015fekilde tan\u0131mlanm\u0131\u015ft\u0131r? Makam ve hal aras\u0131ndaki temel farkl\u0131l\u0131klar nelerdir? Bunlara benzer daha pek \u00e7ok sorunun ikna edici bir tarzda cevaplar\u0131n\u0131n verildi\u011fi ve baz\u0131 detaylar\u0131yla izah edildi\u011fi bu \u00e7al\u0131\u015fma, tasavvufu merak eden, \u00f6\u011frenmek isteyen ya da bu alandaki malumat\u0131n\u0131 bir \u00fcst seviyeye ta\u015f\u0131mak isteyenler i\u00e7in olduk\u00e7a ideal bir rehber kitapt\u0131r. T\u00fcrkiye&#8217;de tasavvuf sahas\u0131nda uzun zaman boyunca dersler vermi\u015f, \u00e7ok say\u0131da \u00f6\u011frenci ve uzman yeti\u015ftirmi\u015f ve \u00f6zellikle en temel tasavvufi klasik eserleri dilimize kazand\u0131rm\u0131\u015f olan Prof. Dr. S\u00fcleyman Uluda\u011f&#8217;\u0131n vermi\u015f oldu\u011fu tasavvuf dersleri i\u00e7in tuttu\u011fu \u00f6zel notlar\u0131n\u0131, Dr. Mehmet Bilal Yamak yay\u0131na haz\u0131rlad\u0131.<\/p>\n","protected":false},"excerpt":{"rendered":"<p>Tasavvuf; tefsir, hadis ve f\u0131k\u0131h gibi \u0130slami ilimler kategorisinde de\u011ferlendirilebilir mi? Bu ilimlere k\u0131yas edildi\u011fi zaman tasavvufun bir ilmi disiplin olarak do\u011fu\u015fu neden gecikmi\u015ftir? Edebiyat, g\u00fczel<span class=\"excerpt-hellip\"> [\u2026]<\/span><\/p>\n","protected":false},"featured_media":0,"template":"","meta":{"_monsterinsights_skip_tracking":false,"_monsterinsights_sitenote_active":false,"_monsterinsights_sitenote_note":"","_monsterinsights_sitenote_category":0},"product_brand":[],"product_cat":[12718,12719,15238],"product_tag":[],"class_list":{"0":"post-745091","1":"product","2":"type-product","3":"status-publish","5":"product_cat-din","6":"product_cat-islam","7":"product_cat-tasavvuf","8":"pa_cilt-ciltsiz","9":"pa_tur-kitap","10":"pa_yayinevi-sufi-kitap","11":"pa_yazar-suleyman-uludag","13":"first","14":"instock","15":"sale","16":"shipping-taxable","17":"purchasable","18":"product-type-simple"},"_links":{"self":[{"href":"https:\/\/roveyayinevi.com.tr\/index.php\/wp-json\/wp\/v2\/product\/745091","targetHints":{"allow":["GET"]}}],"collection":[{"href":"https:\/\/roveyayinevi.com.tr\/index.php\/wp-json\/wp\/v2\/product"}],"about":[{"href":"https:\/\/roveyayinevi.com.tr\/index.php\/wp-json\/wp\/v2\/types\/product"}],"wp:attachment":[{"href":"https:\/\/roveyayinevi.com.tr\/index.php\/wp-json\/wp\/v2\/media?parent=745091"}],"wp:term":[{"taxonomy":"product_brand","embeddable":true,"href":"https:\/\/roveyayinevi.com.tr\/index.php\/wp-json\/wp\/v2\/product_brand?post=745091"},{"taxonomy":"product_cat","embeddable":true,"href":"https:\/\/roveyayinevi.com.tr\/index.php\/wp-json\/wp\/v2\/product_cat?post=745091"},{"taxonomy":"product_tag","embeddable":true,"href":"https:\/\/roveyayinevi.com.tr\/index.php\/wp-json\/wp\/v2\/product_tag?post=745091"}],"curies":[{"name":"wp","href":"https:\/\/api.w.org\/{rel}","templated":true}]}}