{"id":745090,"date":"2025-08-28T02:11:22","date_gmt":"2025-08-27T23:11:22","guid":{"rendered":"https:\/\/roveyayinevi.com.tr\/index.php\/urun\/salih-munir-pasa\/"},"modified":"2026-04-16T02:57:30","modified_gmt":"2026-04-15T23:57:30","slug":"salih-munir-pasa","status":"publish","type":"product","link":"https:\/\/roveyayinevi.com.tr\/index.php\/urun\/salih-munir-pasa\/","title":{"rendered":"Salih M\u00fcnir Pa\u015fa"},"content":{"rendered":"<p>Salih M\u00fcnir Pa\u015fa, Osmanl\u0131 devlet adam\u0131, \u015fair ve besteci Mahmud Celaleddin Pa\u015fa\u2019n\u0131n o\u011fludur. Gen\u00e7 ya\u015f\u0131nda devlet hizmetine girmi\u015f, k\u0131sa s\u00fcrede y\u00fckselmi\u015ftir. Babas\u0131n\u0131n 1891\u2019de Ticaret ve N\u00e2f\u0131a N\u00e2z\u0131r\u0131 olmas\u0131ndan sonra onun yerine Bursa valili\u011fine getirilmi\u015f ve 1897 y\u0131l\u0131na kadar bu g\u00f6revde kalm\u0131\u015ft\u0131r.Bu \u00e7al\u0131\u015fma, Osmanl\u0131 merkez b\u00fcrokrasisinde iki as\u0131r boyunca \u00e7e\u015fitli kademelerde g\u00f6rev yapan \u00c7orlulu ailesine mensup, II. Abd\u00fclhamid d\u00f6neminin n\u00fcfuzlu b\u00fcrokratlar\u0131ndan Salih M\u00fcnir Pa\u015fa\u2019n\u0131n hayat\u0131n\u0131 ve \u00f6zellikle Paris\u2019teki el\u00e7ilik y\u0131llar\u0131n\u0131 konu al\u0131yor. II. Me\u015frutiyet\u2019ten sonra ya\u015fanan iktidar de\u011fi\u015fikli\u011fini m\u00fcteakiben meydana gelen s\u00f6ylem de\u011fi\u015fikli\u011finin g\u00f6lgesinde kalan, Osmanl\u0131 diplomasisinin \u00f6nemli bir fig\u00fcr\u00fc olan Salih M\u00fcnir Pa\u015fa\u2019y\u0131 \u00f6n kabullerden uzak ve nesnel bir \u015fekilde ele alan bu \u00e7al\u0131\u015fma Osmanl\u0131\u2019n\u0131n son d\u00f6nemi yapbozunda bir par\u00e7ay\u0131 daha yerli yerine yerle\u015ftiriyor.II. Abd\u00fclhamid d\u00f6neminde Paris sefirli\u011fi g\u00f6revinde bulunan Salih M\u00fcnir Pa\u015fa&#8217;n\u0131n s\u0131radan bir el\u00e7i olman\u0131n \u00f6tesinde, \u00fclkeden \u201cfirar eden\u201d J\u00f6n T\u00fcrklerin payitahta geri d\u00f6nmelerini sa\u011flamak ve me\u015frutiyet yanl\u0131s\u0131 pa\u015falar\u0131n yurt d\u0131\u015f\u0131ndaki tahriklerini \u00f6nlemek gibi \u00f6zel g\u00f6revleri vard\u0131.Salih M\u00fcnir Pa\u015fa\u2019n\u0131n II. Abd\u00fclhamid iktidar\u0131nda bu faaliyetlerle me\u015fgul olmas\u0131n\u0131n bedeli II. Me\u015frutiyet\u2019i takip eden s\u00fcre\u00e7te siyaset sahnesinden \u00e7ekilmek zorunda kalmak ve g\u00fcn\u00fcm\u00fcze kadar ula\u015fan olumsuz bir imaja sahip olmakt\u0131.Kas\u0131m H\u0131zl\u0131, Sultan\u0131n Sefiri Salih M\u00fcnir Pa\u015fa adl\u0131 bu de\u011ferli eseri, geni\u015f bir ar\u015fiv taramas\u0131yla ve titiz bir \u015fekilde \u00e7al\u0131\u015farak ortaya koymu\u015ftur. Salih M\u00fcnir Pa\u015fa\u2019ya ilgili iddialar\u0131 taraf tutmadan incelemi\u015f ve Pa\u015fa nezdinde imparatorlu\u011fun en kritik d\u00f6nemlerine \u0131\u015f\u0131k tutmu\u015ftur.<\/p>\n","protected":false},"excerpt":{"rendered":"<p>Salih M\u00fcnir Pa\u015fa, Osmanl\u0131 devlet adam\u0131, \u015fair ve besteci Mahmud Celaleddin Pa\u015fa\u2019n\u0131n o\u011fludur. Gen\u00e7 ya\u015f\u0131nda devlet hizmetine girmi\u015f, k\u0131sa s\u00fcrede y\u00fckselmi\u015ftir. Babas\u0131n\u0131n 1891\u2019de Ticaret ve N\u00e2f\u0131a<span class=\"excerpt-hellip\"> [\u2026]<\/span><\/p>\n","protected":false},"featured_media":0,"template":"","meta":{"_monsterinsights_skip_tracking":false,"_monsterinsights_sitenote_active":false,"_monsterinsights_sitenote_note":"","_monsterinsights_sitenote_category":0},"product_brand":[],"product_cat":[13946,12304],"product_tag":[],"class_list":{"0":"post-745090","1":"product","2":"type-product","3":"status-publish","5":"product_cat-biyografi-otobiyografi","6":"product_cat-tarih","7":"pa_cilt-ciltsiz","8":"pa_tur-kitap","9":"pa_yayinevi-timas-akademi-yayinlari","10":"pa_yazar-kasim-hizli","12":"first","13":"instock","14":"sale","15":"shipping-taxable","16":"purchasable","17":"product-type-simple"},"_links":{"self":[{"href":"https:\/\/roveyayinevi.com.tr\/index.php\/wp-json\/wp\/v2\/product\/745090","targetHints":{"allow":["GET"]}}],"collection":[{"href":"https:\/\/roveyayinevi.com.tr\/index.php\/wp-json\/wp\/v2\/product"}],"about":[{"href":"https:\/\/roveyayinevi.com.tr\/index.php\/wp-json\/wp\/v2\/types\/product"}],"wp:attachment":[{"href":"https:\/\/roveyayinevi.com.tr\/index.php\/wp-json\/wp\/v2\/media?parent=745090"}],"wp:term":[{"taxonomy":"product_brand","embeddable":true,"href":"https:\/\/roveyayinevi.com.tr\/index.php\/wp-json\/wp\/v2\/product_brand?post=745090"},{"taxonomy":"product_cat","embeddable":true,"href":"https:\/\/roveyayinevi.com.tr\/index.php\/wp-json\/wp\/v2\/product_cat?post=745090"},{"taxonomy":"product_tag","embeddable":true,"href":"https:\/\/roveyayinevi.com.tr\/index.php\/wp-json\/wp\/v2\/product_tag?post=745090"}],"curies":[{"name":"wp","href":"https:\/\/api.w.org\/{rel}","templated":true}]}}