{"id":745086,"date":"2025-08-28T02:11:17","date_gmt":"2025-08-27T23:11:17","guid":{"rendered":"https:\/\/roveyayinevi.com.tr\/index.php\/urun\/yeni-nesil-veliler-icin-hayatta-kalma-rehberi\/"},"modified":"2026-04-16T02:57:30","modified_gmt":"2026-04-15T23:57:30","slug":"yeni-nesil-veliler-icin-hayatta-kalma-rehberi","status":"publish","type":"product","link":"https:\/\/roveyayinevi.com.tr\/index.php\/urun\/yeni-nesil-veliler-icin-hayatta-kalma-rehberi\/","title":{"rendered":"Yeni Nesil Veliler \u0130\u00e7in Hayatta Kalma Rehberi"},"content":{"rendered":"<p>Hayatla imtihan\u0131m\u0131z\u0131n m\u00fcfredat\u0131, yeti\u015fti\u011fimiz evde ya\u015fananlard\u0131r. \u00c7ocuklar alfabeyi okulda \u00f6\u011frenir ama anne babalar\u0131n\u0131n kelimeleriyle c\u00fcmle kurarlar. Bu y\u00fczden do\u011fumla birlikte anne babalar i\u00e7in de uzun s\u00fcrecek bir dersin zili \u00e7alm\u0131\u015f olur ve g\u00fcn\u00fcm\u00fcz\u00fcn en \u00f6nemli meselesiyse ebeveynli\u011fin bir t\u00fcr sertifika program\u0131 gibi alg\u0131lan\u0131\u015f\u0131d\u0131r. Oysa mekanikle\u015fen ve ge\u00e7mi\u015fin miras\u0131n\u0131 k\u00fc\u00e7\u00fcmseyen bu ebeveynlik, \u00e7ocukla kurulacak sa\u011fl\u0131ks\u0131z ileti\u015fimi de beraberinde getirmektedir.E\u011fitimci Salih Uyan, bu kitab\u0131nda gelenekten kopmadan g\u00fcn\u00fcm\u00fcz\u00fcn ko\u015fullar\u0131na uyum sa\u011flayan, ge\u00e7mi\u015fle bug\u00fcn\u00fc harmanlayan dengeli bir ebeveynlik yakla\u015f\u0131m\u0131 \u00fczerinden belki de ebeveynli\u011fin en zor d\u00f6nemlerinden biri olan velili\u011fe yo\u011funla\u015f\u0131yor. G\u00fcn\u00fcm\u00fcz\u00fcn velilerinin \u00e7ocu\u011fuyla ileti\u015fimine, ebeveynlik tutumlar\u0131na, helikopter ebeveynli\u011fin \u00e7ocuk \u00fczerindeki tezah\u00fcrlerine, dijital d\u00fcnyan\u0131n \u00e7ocuklar\u0131n\u0131n ihtiya\u00e7lar\u0131na ve sorunlar\u0131na dair g\u00f6zlemlerini ve deneyimlerini sevilen \u00fcslubuyla aktar\u0131yor; bunu \u00f6rneklerle ve hik\u00e2yelerle peki\u015ftirerek ebeveynlere tavsiyelerde bulunuyor. Yeni Nesil Veliler \u0130\u00e7in Hayatta Kalma Rehberi, \u00e7ocu\u011fuyla do\u011fru bir ileti\u015fim kurmak isteyen ebeveynlere yol g\u00f6sterecek pratik ve ayd\u0131nlat\u0131c\u0131 bir \u00e7al\u0131\u015fma.<\/p>\n","protected":false},"excerpt":{"rendered":"<p>Hayatla imtihan\u0131m\u0131z\u0131n m\u00fcfredat\u0131, yeti\u015fti\u011fimiz evde ya\u015fananlard\u0131r. \u00c7ocuklar alfabeyi okulda \u00f6\u011frenir ama anne babalar\u0131n\u0131n kelimeleriyle c\u00fcmle kurarlar. Bu y\u00fczden do\u011fumla birlikte anne babalar i\u00e7in de uzun s\u00fcrecek<span class=\"excerpt-hellip\"> [\u2026]<\/span><\/p>\n","protected":false},"featured_media":0,"template":"","meta":{"_monsterinsights_skip_tracking":false,"_monsterinsights_sitenote_active":false,"_monsterinsights_sitenote_note":"","_monsterinsights_sitenote_category":0},"product_brand":[],"product_cat":[12831,12324],"product_tag":[],"class_list":{"0":"post-745086","1":"product","2":"type-product","3":"status-publish","5":"product_cat-aile-ve-cocuk","6":"product_cat-sosyoloji","7":"pa_cilt-ciltsiz","8":"pa_tur-kitap","9":"pa_yayinevi-timas-yayinlari","10":"pa_yazar-salih-uyan","12":"first","13":"instock","14":"sale","15":"shipping-taxable","16":"purchasable","17":"product-type-simple"},"_links":{"self":[{"href":"https:\/\/roveyayinevi.com.tr\/index.php\/wp-json\/wp\/v2\/product\/745086","targetHints":{"allow":["GET"]}}],"collection":[{"href":"https:\/\/roveyayinevi.com.tr\/index.php\/wp-json\/wp\/v2\/product"}],"about":[{"href":"https:\/\/roveyayinevi.com.tr\/index.php\/wp-json\/wp\/v2\/types\/product"}],"wp:attachment":[{"href":"https:\/\/roveyayinevi.com.tr\/index.php\/wp-json\/wp\/v2\/media?parent=745086"}],"wp:term":[{"taxonomy":"product_brand","embeddable":true,"href":"https:\/\/roveyayinevi.com.tr\/index.php\/wp-json\/wp\/v2\/product_brand?post=745086"},{"taxonomy":"product_cat","embeddable":true,"href":"https:\/\/roveyayinevi.com.tr\/index.php\/wp-json\/wp\/v2\/product_cat?post=745086"},{"taxonomy":"product_tag","embeddable":true,"href":"https:\/\/roveyayinevi.com.tr\/index.php\/wp-json\/wp\/v2\/product_tag?post=745086"}],"curies":[{"name":"wp","href":"https:\/\/api.w.org\/{rel}","templated":true}]}}