{"id":745085,"date":"2025-08-28T02:11:16","date_gmt":"2025-08-27T23:11:16","guid":{"rendered":"https:\/\/roveyayinevi.com.tr\/index.php\/urun\/muhtesem-bedenlerimizin-cografyasi\/"},"modified":"2026-04-16T02:57:30","modified_gmt":"2026-04-15T23:57:30","slug":"muhtesem-bedenlerimizin-cografyasi","status":"publish","type":"product","link":"https:\/\/roveyayinevi.com.tr\/index.php\/urun\/muhtesem-bedenlerimizin-cografyasi\/","title":{"rendered":"Muhte\u015fem Bedenlerimizin Co\u011frafyas\u0131"},"content":{"rendered":"<p>Her \u015fey bir kaza ile ba\u015flar. Lia, hastaneye kald\u0131r\u0131l\u0131nca \u00e7oktand\u0131r m\u00fccadele etti\u011fi kanserin t\u00fcm v\u00fccuduna yay\u0131ld\u0131\u011f\u0131n\u0131 \u00f6\u011frenir. Ailedeki herkes bu ger\u00e7e\u011fi kabullenmi\u015f, t\u00fcm hayat\u0131n\u0131 buna g\u00f6re d\u00fczenlemi\u015ftir; ancak kanser herkesi farkl\u0131 etkiler. Kar\u0131s\u0131na her konuda destek olmaya \u00e7al\u0131\u015fan Harry, solan evliliklerinde kendini kaybolmu\u015f gibi hissetmeye ba\u015flar. \u00d6te yandan k\u0131z\u0131 Iris, annesinin \u00f6lece\u011fini bir t\u00fcrl\u00fc kabul etmek istemez. Sona yakla\u015ft\u0131k\u00e7a Lia en ba\u015ftan ba\u015flamak ister, bunun i\u00e7in de ge\u00e7mi\u015fine d\u00f6ner. Gen\u00e7lik g\u00fcnleri, a\u015f\u0131r\u0131 muhafazak\u00e2r annesi, papaz babas\u0131, Tanr\u0131\u2019yla ili\u015fkisi, ge\u00e7mi\u015f a\u015fklar\u0131 ve arkada\u015flar\u0131 b\u00fct\u00fcn bu mozai\u011fin i\u00e7inde yerini al\u0131r. Kendisi ve ge\u00e7mi\u015fiyle y\u00fczle\u015fti\u011fi bu s\u00fcre\u00e7 boyunca kanser ve tedavisi, v\u00fccudun tepkileri, en \u00e7ok da annelik ve beden \u00fczerindeki etkisine dair say\u0131s\u0131z \u015fey \u00f6\u011frenir. Her ge\u00e7en g\u00fcn nafile bir \u00e7abayla birbirine yakla\u015fmaya \u00e7al\u0131\u015fan aile, ger\u00e7ekte bunun tam aksinin ya\u015fand\u0131\u011f\u0131n\u0131n fark\u0131ndad\u0131r. Ve hayat her zaman oldu\u011fu gibi kald\u0131\u011f\u0131 yerden devam eder.Muhte\u015fem Bedenlerimizin Co\u011frafyas\u0131\u2019yla 2022 Booker Edebiyat \u00d6d\u00fcl\u00fc ile Goldsmith \u00d6d\u00fcl\u00fc\u2019ne aday g\u00f6sterilen ve Desmond Elliott &#8211; Erken Ba\u015far\u0131 \u00d6d\u00fcl\u00fc\u2019ne lay\u0131k g\u00f6r\u00fclen Maddie Mortimer hayata, \u00f6l\u00fcme ve a\u015fka edebiyat\u0131n en ger\u00e7ek yerinden orijinal bir bak\u0131\u015f sunuyor.\u201cHuzursuz edecek kadar etkileyici&#8230; bu sesin kaprislili\u011fi son derece i\u00e7ten, sinir bozucu ve ger\u00e7ekten de tuhaf. \u0130ddial\u0131&#8230; Muhte\u015fem Bedenlerimizin Co\u011frafyas\u0131 kendi kurallar\u0131n\u0131 koyuyor.\u201d \u2014The Guardian\u201cY\u00fcrek burkan ama bir o kadar da i\u00e7ten olan Maddie Mortimer\u2019\u0131n \u015fa\u015f\u0131rt\u0131c\u0131 roman\u0131, bir kad\u0131n\u0131n v\u00fccudunda senfonik bir yolculuk: Arzunun, ba\u011f\u0131\u015flay\u0131c\u0131l\u0131\u011f\u0131n ve hepimizin i\u00e7indeki karanl\u0131\u011f\u0131n vah\u015fi ve lirik bir kutlamas\u0131.\u201d \u2014LitHub\u201c\u0130\u015fte dans etmek ve \u015fark\u0131 s\u00f6ylemek i\u00e7in bir kitap. Dile ola\u011fan\u00fcst\u00fc, kaleydoskopik bir bak\u0131\u015f.\u201d \u2014Daisy Johnson\u201cHem \u00e7ok co\u015fkulu, hem de bir o kadar mahrem, Muhte\u015fem Bedenlerimizin Co\u011frafyas\u0131, ka\u00e7\u0131n\u0131lmaz olana do\u011fru h\u0131zla akan bir hayat\u0131n karma\u015f\u0131k bir portresi. Ola\u011fan\u00fcst\u00fc bir ilk roman.\u201d \u2014Kiran Millwood Hargrave\u201cI\u015f\u0131l \u0131\u015f\u0131l bir dille yaz\u0131lm\u0131\u015f \u00f6zg\u00fcn ve ak\u0131lda kal\u0131c\u0131 bir roman. Okumay\u0131 bitirdikten sonra karakterler uzun s\u00fcre benimleydi.\u201d \u2014Sarah Moss\u201cMaddie Mortimer, farkl\u0131 sesler, zaman kaymalar\u0131, kelime oyunlar\u0131 ve bi\u00e7imle \u00f6ne \u00e7\u0131k\u0131yor. (\u2026) Sesler ve s\u0131\u00e7ramalar romana anlam veriyor ve yazara, bu gen\u00e7 etkileyici gen\u00e7 kad\u0131na g\u00fcvenmeniz ve kendinizi kapt\u0131rman\u0131z gereken kitaplardan biri haline geliyor.\u201d \u2014Cathrine Kr\u00f8ger<\/p>\n","protected":false},"excerpt":{"rendered":"<p>Her \u015fey bir kaza ile ba\u015flar. Lia, hastaneye kald\u0131r\u0131l\u0131nca \u00e7oktand\u0131r m\u00fccadele etti\u011fi kanserin t\u00fcm v\u00fccuduna yay\u0131ld\u0131\u011f\u0131n\u0131 \u00f6\u011frenir. Ailedeki herkes bu ger\u00e7e\u011fi kabullenmi\u015f, t\u00fcm hayat\u0131n\u0131 buna g\u00f6re<span class=\"excerpt-hellip\"> [\u2026]<\/span><\/p>\n","protected":false},"featured_media":0,"template":"","meta":{"_monsterinsights_skip_tracking":false,"_monsterinsights_sitenote_active":false,"_monsterinsights_sitenote_note":"","_monsterinsights_sitenote_category":0},"product_brand":[],"product_cat":[12291,12711],"product_tag":[],"class_list":{"0":"post-745085","1":"product","2":"type-product","3":"status-publish","5":"product_cat-edebiyat","6":"product_cat-roman-oyku","7":"pa_cilt-ciltsiz","8":"pa_tur-kitap","9":"pa_yayinevi-timas-yayinlari","10":"pa_yazar-maddie-mortimer","12":"first","13":"instock","14":"sale","15":"shipping-taxable","16":"purchasable","17":"product-type-simple"},"_links":{"self":[{"href":"https:\/\/roveyayinevi.com.tr\/index.php\/wp-json\/wp\/v2\/product\/745085","targetHints":{"allow":["GET"]}}],"collection":[{"href":"https:\/\/roveyayinevi.com.tr\/index.php\/wp-json\/wp\/v2\/product"}],"about":[{"href":"https:\/\/roveyayinevi.com.tr\/index.php\/wp-json\/wp\/v2\/types\/product"}],"wp:attachment":[{"href":"https:\/\/roveyayinevi.com.tr\/index.php\/wp-json\/wp\/v2\/media?parent=745085"}],"wp:term":[{"taxonomy":"product_brand","embeddable":true,"href":"https:\/\/roveyayinevi.com.tr\/index.php\/wp-json\/wp\/v2\/product_brand?post=745085"},{"taxonomy":"product_cat","embeddable":true,"href":"https:\/\/roveyayinevi.com.tr\/index.php\/wp-json\/wp\/v2\/product_cat?post=745085"},{"taxonomy":"product_tag","embeddable":true,"href":"https:\/\/roveyayinevi.com.tr\/index.php\/wp-json\/wp\/v2\/product_tag?post=745085"}],"curies":[{"name":"wp","href":"https:\/\/api.w.org\/{rel}","templated":true}]}}