{"id":745084,"date":"2025-08-28T02:11:15","date_gmt":"2025-08-27T23:11:15","guid":{"rendered":"https:\/\/roveyayinevi.com.tr\/index.php\/urun\/golgeyle-bulusma-insan-dogasindaki-karanlik-yuzun-gizli-gucu\/"},"modified":"2026-04-16T02:57:30","modified_gmt":"2026-04-15T23:57:30","slug":"golgeyle-bulusma-insan-dogasindaki-karanlik-yuzun-gizli-gucu","status":"publish","type":"product","link":"https:\/\/roveyayinevi.com.tr\/index.php\/urun\/golgeyle-bulusma-insan-dogasindaki-karanlik-yuzun-gizli-gucu\/","title":{"rendered":"G\u00f6lgeyle Bulu\u015fma &#8211; \u0130nsan Do\u011fas\u0131ndaki Karanl\u0131k Y\u00fcz\u00fcn Gizli G\u00fcc\u00fc"},"content":{"rendered":"<p>\u201cBilince \u00e7\u0131karmad\u0131\u011f\u0131m\u0131z her \u015fey hayatta kader olarak kar\u015f\u0131m\u0131za \u00e7\u0131kar.\u201d Carl Gustav Jung Hiddet, k\u0131skan\u00e7l\u0131k, yalan s\u00f6yleme, h\u0131n\u00e7, su\u00e7lama, a\u00e7g\u00f6zl\u00fcl\u00fck\u2026 Bu yasak hisler ve davran\u0131\u015flar karanl\u0131kta kalan ve ink\u00e2r etti\u011fimiz taraf\u0131m\u0131zdan yani ki\u015fisel g\u00f6lgemizden ortaya \u00e7\u0131kar. Herkesin bir g\u00f6lgesi vard\u0131r ve bilin\u00e7li ya\u015fam\u0131nda birey ona ne kadar az yer verirse g\u00f6lge o denli karanl\u0131k ve yo\u011fun olur. Birisine kar\u015f\u0131 a\u00e7\u0131klanamaz bir antipati hissetti\u011fimizde, kendimizde uzun s\u00fcre g\u00f6m\u00fcl\u00fc kalm\u0131\u015f, kabul edilemez bir \u00f6zellik ke\u015ffetti\u011fimizde, \u00f6fke, haset veya utan\u00e7tan bunal\u0131p bu duygulara yenik d\u00fc\u015ft\u00fc\u011f\u00fcm\u00fczde g\u00f6lgemizle kar\u015f\u0131la\u015f\u0131r\u0131z.G\u00f6lge yaln\u0131zca bireysel bir sorun de\u011fildir. Gruplar\u0131n ve toplumlar\u0131n da \u0131rk\u00e7\u0131l\u0131k, g\u00fcnah ke\u00e7isi bulma, d\u00fc\u015fman yaratma ve sava\u015f gibi tehlikeli davran\u0131\u015flara g\u00f6t\u00fcren kolektif g\u00f6lgeleri vard\u0131r.G\u00f6lgeyle Bulu\u015fma, 65 makaleden olu\u015fan bir makale koleksiyonunda, insan do\u011fas\u0131n\u0131n karanl\u0131k taraf\u0131n\u0131n ailelerde, yak\u0131n ili\u015fkilerde, i\u015fte, maneviyatta, politikada, psikoterapide ve sanatta belirdi\u011fi \u015fekline kapsaml\u0131 bir bak\u0131\u015f sunuyor. \u201c\u0130nsana ve insanl\u0131\u011fa dair pek \u00e7ok \u00f6nemli konunun t\u0131p, siyaset, din, sanat, tarih ve farkl\u0131 disiplinler penceresinden ele al\u0131nd\u0131\u011f\u0131 bu eser gerek yazarlar\u0131 gerek makaleleri ile bir ba\u015fyap\u0131t olma h\u00fcviyeti ta\u015f\u0131yor. Bireyi ve toplumu e\u015fzamanl\u0131 g\u00f6rmekle kalmay\u0131p b\u00fct\u00fcnsel varolu\u015fa \u00e7ekti\u011fi dikkatle okuyucusunda bir taml\u0131k duygusu b\u0131rak\u0131yor. G\u00f6lgeyle Bulu\u015fma kendine, d\u00fcnyaya, insan olma deneyimine ve uygarl\u0131\u011f\u0131 do\u011furan t\u00fcm dinamiklere bakmak isteyen herkes i\u00e7in cesur bir davet, berrak bir ayna. Carl Gustav Jung ve Analitik Psikoloji okulunun \u00f6nc\u00fc isimlerinin yan\u0131 s\u0131ra pek \u00e7ok d\u00fc\u015f\u00fcn insan\u0131n\u0131n katk\u0131s\u0131 ile olu\u015fturulmu\u015f bu \u00e7ok yazarl\u0131 kitap \u00f6zenli \u00e7evirisi sayesinde ak\u0131\u015fkan bir dille dima\u011f\u0131m\u0131za ak\u0131yor.Bu eser birey olarak kendini var etme ve anlamland\u0131rma iddias\u0131nda olan herkesin k\u00fct\u00fcphanesindeki yerini almal\u0131.\u201dBerin Orhan<\/p>\n","protected":false},"excerpt":{"rendered":"<p>\u201cBilince \u00e7\u0131karmad\u0131\u011f\u0131m\u0131z her \u015fey hayatta kader olarak kar\u015f\u0131m\u0131za \u00e7\u0131kar.\u201d Carl Gustav Jung Hiddet, k\u0131skan\u00e7l\u0131k, yalan s\u00f6yleme, h\u0131n\u00e7, su\u00e7lama, a\u00e7g\u00f6zl\u00fcl\u00fck\u2026 Bu yasak hisler ve davran\u0131\u015flar karanl\u0131kta kalan<span class=\"excerpt-hellip\"> [\u2026]<\/span><\/p>\n","protected":false},"featured_media":0,"template":"","meta":{"_monsterinsights_skip_tracking":false,"_monsterinsights_sitenote_active":false,"_monsterinsights_sitenote_note":"","_monsterinsights_sitenote_category":0},"product_brand":[],"product_cat":[12358,12357],"product_tag":[],"class_list":{"0":"post-745084","1":"product","2":"type-product","3":"status-publish","5":"product_cat-genel-psikoloji","6":"product_cat-psikoloji","7":"pa_cilt-ciltsiz","8":"pa_tur-kitap","9":"pa_yayinevi-timas-yayinlari","10":"pa_yazar-connie-zweig-jeremiah-abrams","12":"first","13":"instock","14":"sale","15":"shipping-taxable","16":"purchasable","17":"product-type-simple"},"_links":{"self":[{"href":"https:\/\/roveyayinevi.com.tr\/index.php\/wp-json\/wp\/v2\/product\/745084","targetHints":{"allow":["GET"]}}],"collection":[{"href":"https:\/\/roveyayinevi.com.tr\/index.php\/wp-json\/wp\/v2\/product"}],"about":[{"href":"https:\/\/roveyayinevi.com.tr\/index.php\/wp-json\/wp\/v2\/types\/product"}],"wp:attachment":[{"href":"https:\/\/roveyayinevi.com.tr\/index.php\/wp-json\/wp\/v2\/media?parent=745084"}],"wp:term":[{"taxonomy":"product_brand","embeddable":true,"href":"https:\/\/roveyayinevi.com.tr\/index.php\/wp-json\/wp\/v2\/product_brand?post=745084"},{"taxonomy":"product_cat","embeddable":true,"href":"https:\/\/roveyayinevi.com.tr\/index.php\/wp-json\/wp\/v2\/product_cat?post=745084"},{"taxonomy":"product_tag","embeddable":true,"href":"https:\/\/roveyayinevi.com.tr\/index.php\/wp-json\/wp\/v2\/product_tag?post=745084"}],"curies":[{"name":"wp","href":"https:\/\/api.w.org\/{rel}","templated":true}]}}