{"id":745083,"date":"2025-08-28T02:11:13","date_gmt":"2025-08-27T23:11:13","guid":{"rendered":"https:\/\/roveyayinevi.com.tr\/index.php\/urun\/dedektif-vardayok-ne-var-ne-yok\/"},"modified":"2026-04-16T02:57:29","modified_gmt":"2026-04-15T23:57:29","slug":"dedektif-vardayok-ne-var-ne-yok","status":"publish","type":"product","link":"https:\/\/roveyayinevi.com.tr\/index.php\/urun\/dedektif-vardayok-ne-var-ne-yok\/","title":{"rendered":"Dedektif Vardayok Ne Var Ne Yok!"},"content":{"rendered":"<p>Wickson Vardayok d\u00fcnyan\u0131n hem en s\u0131ra d\u0131\u015f\u0131 hem de en s\u0131radan dedektifi! Onun ola\u011fan\u00fcst\u00fc \u00f6zelli\u011fi, hi\u00e7bir \u00f6zelli\u011finin olmamas\u0131. O kadar normal ki kimse onu fark etmiyor. Mesela sa\u011f\u0131n\u0131za m\u0131 bakt\u0131n\u0131z, o hep biraz daha sa\u011fda kal\u0131p g\u00f6r\u00fcnm\u00fcyor. Bir dedektif g\u00f6r\u00fcnmez olmaktan ba\u015fka ne ister!   B\u00fct\u00fcn derdi kafas\u0131ndaki tek tel sa\u00e7a iyi bakmak olan Ba\u015fkomiser Fellikke (sa\u00e7 telinin de ismi var: Filippo), elindeki en karma\u015f\u0131k vakay\u0131 her zamanki gibi Vardayok\u2019a verdi. \u015eimdi, \u015fehrin b\u00fct\u00fcn bulutlar\u0131n\u0131 yutan bir makineden, saat 5\u2019in \u00e7al\u0131nmas\u0131na, sadece hik\u00e2yeyle \u00e7al\u0131\u015fan bir arabadan, d\u00fcnyan\u0131n \u00f6b\u00fcr ucuna ser\u00e7e parma\u011f\u0131 \u00fczerinde gidebilen bir \u00e7ift\u00e7iye kadar bir s\u00fcr\u00fc ak\u0131lalmaz mesele, d\u00fcnyan\u0131n en tuhaf dedektifi Vardayok\u2019u bekliyor.   Haz\u0131rsan\u0131z, macera ba\u015fl\u0131yor!   Luca Doninelli, \u0130talya\u2019n\u0131n \u00e7ocuk kitaplar\u0131 alan\u0131ndaki en \u00f6nemli \u00f6d\u00fcllerinden Strega\u2019y\u0131 kazanan ve pek \u00e7ok dile \u00e7evrilen bu kitaptaki kimi tuhafl\u0131klar\u0131 \u00e7ocuklarla birlikte uydurmu\u015f. \u00dcst\u00fcne de bolca mizah serperek bize sunmu\u015f. \u015eimdiden afiyet olsun. PREMIO STREGA \u00d6D\u00dcL\u00dc GIOVANNI ARPINO \u00d6D\u00dcL\u00dc WHITE RAVENS SE\u00c7K\u0130S\u0130 <\/p>\n","protected":false},"excerpt":{"rendered":"<p>Wickson Vardayok d\u00fcnyan\u0131n hem en s\u0131ra d\u0131\u015f\u0131 hem de en s\u0131radan dedektifi! Onun ola\u011fan\u00fcst\u00fc \u00f6zelli\u011fi, hi\u00e7bir \u00f6zelli\u011finin olmamas\u0131. O kadar normal ki kimse onu fark etmiyor.<span class=\"excerpt-hellip\"> [\u2026]<\/span><\/p>\n","protected":false},"featured_media":0,"template":"","meta":{"_monsterinsights_skip_tracking":false,"_monsterinsights_sitenote_active":false,"_monsterinsights_sitenote_note":"","_monsterinsights_sitenote_category":0},"product_brand":[],"product_cat":[12274,12284],"product_tag":[],"class_list":{"0":"post-745083","1":"product","2":"type-product","3":"status-publish","5":"product_cat-cocuk-ve-genclik-kitaplari","6":"product_cat-hikayeler","7":"pa_cilt-ciltsiz","8":"pa_tur-kitap","9":"pa_yayinevi-domingo-yayinevi","10":"pa_yazar-luca-doninelli","12":"first","13":"instock","14":"sale","15":"shipping-taxable","16":"purchasable","17":"product-type-simple"},"_links":{"self":[{"href":"https:\/\/roveyayinevi.com.tr\/index.php\/wp-json\/wp\/v2\/product\/745083","targetHints":{"allow":["GET"]}}],"collection":[{"href":"https:\/\/roveyayinevi.com.tr\/index.php\/wp-json\/wp\/v2\/product"}],"about":[{"href":"https:\/\/roveyayinevi.com.tr\/index.php\/wp-json\/wp\/v2\/types\/product"}],"wp:attachment":[{"href":"https:\/\/roveyayinevi.com.tr\/index.php\/wp-json\/wp\/v2\/media?parent=745083"}],"wp:term":[{"taxonomy":"product_brand","embeddable":true,"href":"https:\/\/roveyayinevi.com.tr\/index.php\/wp-json\/wp\/v2\/product_brand?post=745083"},{"taxonomy":"product_cat","embeddable":true,"href":"https:\/\/roveyayinevi.com.tr\/index.php\/wp-json\/wp\/v2\/product_cat?post=745083"},{"taxonomy":"product_tag","embeddable":true,"href":"https:\/\/roveyayinevi.com.tr\/index.php\/wp-json\/wp\/v2\/product_tag?post=745083"}],"curies":[{"name":"wp","href":"https:\/\/api.w.org\/{rel}","templated":true}]}}