{"id":745082,"date":"2025-08-28T02:11:12","date_gmt":"2025-08-27T23:11:12","guid":{"rendered":"https:\/\/roveyayinevi.com.tr\/index.php\/urun\/suaat-i-marifetin-nebi-peygamber-bilgisinin-isinlari-hz-muhammedin-peygamberliginin-en-parlak-delilleri\/"},"modified":"2026-04-16T02:57:29","modified_gmt":"2026-04-15T23:57:29","slug":"suaat-i-marifetin-nebi-peygamber-bilgisinin-isinlari-hz-muhammedin-peygamberliginin-en-parlak-delilleri","status":"publish","type":"product","link":"https:\/\/roveyayinevi.com.tr\/index.php\/urun\/suaat-i-marifetin-nebi-peygamber-bilgisinin-isinlari-hz-muhammedin-peygamberliginin-en-parlak-delilleri\/","title":{"rendered":"\u015euaat-\u0131 Marifetin-Nebi (Peygamber Bilgisinin I\u015f\u0131nlar\u0131) Hz. Muhammed\u2019in Peygamberli\u011finin En Parlak Delilleri"},"content":{"rendered":"<p>Bunlar\u0131n (ahlak\u0131n) i\u00e7indeki nokta-\u0131 i\u2019c\u00e2z (mucizelik noktas\u0131) \u015fudur ki: Ahl\u00e2k-\u0131 hasene (g\u00fczel huylar) \u00e7endan (ger\u00e7i) birbirine m\u00fcbayin (\u00e7eli\u015fkili) de\u011fil; fakat derece-i kem\u00e2lde (zirve olu\u015flar\u0131nda) birbirine m\u00fczahemet eder (birbiriyle s\u0131k\u0131\u015f\u0131r).  Biri galebe \u00e7alsa (\u00fcst\u00fcn gelse) \u00f6teki zay\u0131fle\u015fir.   Mesel\u00e2: Kem\u00e2l-i hilm (son derece yumu\u015fak huy) ile kem\u00e2l-i \u015fecaat (son derece cesaret) hem kem\u00e2l-i tevazu\u2019le (son derce al\u00e7ak g\u00f6n\u00fcll\u00fcl\u00fckle) kem\u00e2l-i \u015fehamet (tam bir kahramanl\u0131k) hem kem\u00e2l-i adalet ile  (zirve bir \u015fekilde adil davranmakla) kem\u00e2l-i merhamet ve m\u00fcr\u00fcvvet (son derece ac\u0131mak ve insanc\u0131l davranmak) hem tam iktisat ve i\u2019tidal (denge) ile tamam-i kerem ve sehavet (tam bir iyilikseverlik ve c\u00f6mertlik) hem g\u00e2yet (son derece) vakar (a\u011f\u0131rba\u015fl\u0131l\u0131k) ile nihayet haya (son derece utanga\u00e7l\u0131k) hem gayet (son derece) \u015fefkat ile nihayet (son derece) Allah i\u00e7in k\u0131zmak&#8230;   Hem gayet (son derece) afv ile nihayet (son derece) izzet-i nefis (onur) hem gayet (son derece) tevekk\u00fcl (i\u015fi Allah\u2019a b\u0131rakma) ile nihayet (son derece) i\u00e7tihad (\u00e7al\u0131\u015fma) gibi mec\u00e2mi-i ahl\u00e2k-\u0131 m\u00fctezahime (birbiriyle s\u0131k\u0131\u015fan b\u00fct\u00fcn ahlaklar\u0131n) birden derece-i \u00e2liyede (en y\u00fcksek seviyede) bir z\u00e2tta (bir ki\u015fide) i\u00e7tima\u2019\u0131 (toplanmas\u0131), m\u00fczayakas\u0131z (birbirini s\u0131k\u0131\u015ft\u0131rmadan) inki\u015faflar\u0131 (geli\u015fmeleri) mu\u2019cizelerin mu\u2019cizesidir.   <\/p>\n","protected":false},"excerpt":{"rendered":"<p>Bunlar\u0131n (ahlak\u0131n) i\u00e7indeki nokta-\u0131 i\u2019c\u00e2z (mucizelik noktas\u0131) \u015fudur ki: Ahl\u00e2k-\u0131 hasene (g\u00fczel huylar) \u00e7endan (ger\u00e7i) birbirine m\u00fcbayin (\u00e7eli\u015fkili) de\u011fil; fakat derece-i kem\u00e2lde (zirve olu\u015flar\u0131nda) birbirine m\u00fczahemet<span class=\"excerpt-hellip\"> [\u2026]<\/span><\/p>\n","protected":false},"featured_media":0,"template":"","meta":{"_monsterinsights_skip_tracking":false,"_monsterinsights_sitenote_active":false,"_monsterinsights_sitenote_note":"","_monsterinsights_sitenote_category":0},"product_brand":[],"product_cat":[12777,12291],"product_tag":[],"class_list":{"0":"post-745082","1":"product","2":"type-product","3":"status-publish","5":"product_cat-deneme","6":"product_cat-edebiyat","7":"pa_cilt-ciltsiz","8":"pa_tur-kitap","9":"pa_yayinevi-gulnar-yayinlari","10":"pa_yazar-bahaeddin-saglam","12":"first","13":"instock","14":"sale","15":"shipping-taxable","16":"purchasable","17":"product-type-simple"},"_links":{"self":[{"href":"https:\/\/roveyayinevi.com.tr\/index.php\/wp-json\/wp\/v2\/product\/745082","targetHints":{"allow":["GET"]}}],"collection":[{"href":"https:\/\/roveyayinevi.com.tr\/index.php\/wp-json\/wp\/v2\/product"}],"about":[{"href":"https:\/\/roveyayinevi.com.tr\/index.php\/wp-json\/wp\/v2\/types\/product"}],"wp:attachment":[{"href":"https:\/\/roveyayinevi.com.tr\/index.php\/wp-json\/wp\/v2\/media?parent=745082"}],"wp:term":[{"taxonomy":"product_brand","embeddable":true,"href":"https:\/\/roveyayinevi.com.tr\/index.php\/wp-json\/wp\/v2\/product_brand?post=745082"},{"taxonomy":"product_cat","embeddable":true,"href":"https:\/\/roveyayinevi.com.tr\/index.php\/wp-json\/wp\/v2\/product_cat?post=745082"},{"taxonomy":"product_tag","embeddable":true,"href":"https:\/\/roveyayinevi.com.tr\/index.php\/wp-json\/wp\/v2\/product_tag?post=745082"}],"curies":[{"name":"wp","href":"https:\/\/api.w.org\/{rel}","templated":true}]}}