{"id":745081,"date":"2025-08-28T02:11:10","date_gmt":"2025-08-27T23:11:10","guid":{"rendered":"https:\/\/roveyayinevi.com.tr\/index.php\/urun\/vaveyla-2\/"},"modified":"2026-04-16T02:57:29","modified_gmt":"2026-04-15T23:57:29","slug":"vaveyla-2","status":"publish","type":"product","link":"https:\/\/roveyayinevi.com.tr\/index.php\/urun\/vaveyla-2\/","title":{"rendered":"Vaveyla"},"content":{"rendered":"<p>Dur durak bilmeden ge\u00e7iyor olsa da y\u0131llar\u0131m; Daha be\u015finde, bakkal yolunda; \u00dcrkek, yetim bir \u00e7ocuktur k\u00f6rpe y\u00fcre\u011fim\u2026 T\u00fcrl\u00fc badireler atlatm\u0131\u015f olsa da ge\u00e7en y\u0131llarda yorgun bedenim; Taptaze ve diridir; k\u00f6rpe y\u00fcre\u011fimde saklad\u0131\u011f\u0131m d\u00fc\u015flerim\u2026 Ya\u015fl\u0131l\u0131\u011fa do\u011fru ko\u015fan bir adam olsa da aynalarda\u2026 Yal\u0131nayak; zilli teker baston oyunca\u011f\u0131yla ko\u015fan bir \u00e7ocuk var y\u00fcre\u011fimde\u2026 \u015eimdilerde hala d\u00fc\u015flerine yeti\u015fememi\u015f ve ge\u00e7en y\u0131llarla kanl\u0131 b\u0131\u00e7akl\u0131ysa da bu yorgun \u00e7ocuk; \u00d6zenle koruyor d\u00fc\u015flerini\u2026 Yeti\u015femeyece\u011fini iyi bildi\u011fi halde; K\u00f6rpecik y\u00fcre\u011finde. <\/p>\n","protected":false},"excerpt":{"rendered":"<p>Dur durak bilmeden ge\u00e7iyor olsa da y\u0131llar\u0131m; Daha be\u015finde, bakkal yolunda; \u00dcrkek, yetim bir \u00e7ocuktur k\u00f6rpe y\u00fcre\u011fim\u2026 T\u00fcrl\u00fc badireler atlatm\u0131\u015f olsa da ge\u00e7en y\u0131llarda yorgun bedenim;<span class=\"excerpt-hellip\"> [\u2026]<\/span><\/p>\n","protected":false},"featured_media":0,"template":"","meta":{"_monsterinsights_skip_tracking":false,"_monsterinsights_sitenote_active":false,"_monsterinsights_sitenote_note":"","_monsterinsights_sitenote_category":0},"product_brand":[],"product_cat":[12291,12509],"product_tag":[],"class_list":{"0":"post-745081","1":"product","2":"type-product","3":"status-publish","5":"product_cat-edebiyat","6":"product_cat-siir","7":"pa_cilt-ciltsiz","8":"pa_tur-kitap","9":"pa_yayinevi-gulnar-yayinlari","10":"pa_yazar-soner-sezen","12":"first","13":"instock","14":"sale","15":"shipping-taxable","16":"purchasable","17":"product-type-simple"},"_links":{"self":[{"href":"https:\/\/roveyayinevi.com.tr\/index.php\/wp-json\/wp\/v2\/product\/745081","targetHints":{"allow":["GET"]}}],"collection":[{"href":"https:\/\/roveyayinevi.com.tr\/index.php\/wp-json\/wp\/v2\/product"}],"about":[{"href":"https:\/\/roveyayinevi.com.tr\/index.php\/wp-json\/wp\/v2\/types\/product"}],"wp:attachment":[{"href":"https:\/\/roveyayinevi.com.tr\/index.php\/wp-json\/wp\/v2\/media?parent=745081"}],"wp:term":[{"taxonomy":"product_brand","embeddable":true,"href":"https:\/\/roveyayinevi.com.tr\/index.php\/wp-json\/wp\/v2\/product_brand?post=745081"},{"taxonomy":"product_cat","embeddable":true,"href":"https:\/\/roveyayinevi.com.tr\/index.php\/wp-json\/wp\/v2\/product_cat?post=745081"},{"taxonomy":"product_tag","embeddable":true,"href":"https:\/\/roveyayinevi.com.tr\/index.php\/wp-json\/wp\/v2\/product_tag?post=745081"}],"curies":[{"name":"wp","href":"https:\/\/api.w.org\/{rel}","templated":true}]}}