{"id":745080,"date":"2025-08-28T02:11:09","date_gmt":"2025-08-27T23:11:09","guid":{"rendered":"https:\/\/roveyayinevi.com.tr\/index.php\/urun\/dostoyevski-2\/"},"modified":"2026-04-16T02:57:29","modified_gmt":"2026-04-15T23:57:29","slug":"dostoyevski-2","status":"publish","type":"product","link":"https:\/\/roveyayinevi.com.tr\/index.php\/urun\/dostoyevski-2\/","title":{"rendered":"Dostoyevski"},"content":{"rendered":"<p>Su\u00e7 ve Ceza, Karamazov Karde\u015fler, \u0130nsanc\u0131klar gibi pek \u00e7ok eserle d\u00fcnya yaz\u0131n\u0131na y\u00f6n vermi\u015f bir deha: Dostoyevski\u2026 \u201cBana ruhbilim konusunda bir \u015feyler \u00f6\u011freten tek ki\u015fidir,\u201d diyor Nietzsche onun hakk\u0131nda. Andr\u00e9 Gide ise her biri birer \u00e7\u0131\u011fl\u0131k olan mektuplar\u0131ndan ve eserlerinden yola \u00e7\u0131karak bu biyografiyi incelikle kaleme al\u0131yor.Kitap boyunca bir yandan Andr\u00e9 Gide\u2019in Dostoyevski\u2019ye duydu\u011fu hayranl\u0131\u011f\u0131 g\u00f6zlemliyor bir yandan da eserlerinde g\u00f6zden ka\u00e7\u0131rd\u0131\u011f\u0131m\u0131z detaylar \u00fczerinden Dostoyevski\u2019yi yeniden tan\u0131yor, sat\u0131r aralar\u0131nda onun izini s\u00fcr\u00fcyoruz. Dostoyevski gibi bir yaz\u0131n devinin s\u00fcrg\u00fcnle ge\u00e7en \u00e7ile dolu ya\u015fam\u0131n\u0131n yan\u0131 s\u0131ra, hayat\u0131n\u0131 y\u00f6nlendiren yazma tutkusuna ve edebiyatla kurdu\u011fu kuvvetli ba\u011fa \u015fahit oluyoruz.Edebiyat tarihinin kilometre ta\u015flar\u0131ndan olan Dostoyevski\u2019nin d\u00fcnyas\u0131na okuru bir ad\u0131m daha yakla\u015ft\u0131racak zengin bir \u00e7al\u0131\u015fma. <\/p>\n","protected":false},"excerpt":{"rendered":"<p>Su\u00e7 ve Ceza, Karamazov Karde\u015fler, \u0130nsanc\u0131klar gibi pek \u00e7ok eserle d\u00fcnya yaz\u0131n\u0131na y\u00f6n vermi\u015f bir deha: Dostoyevski\u2026 \u201cBana ruhbilim konusunda bir \u015feyler \u00f6\u011freten tek ki\u015fidir,\u201d diyor<span class=\"excerpt-hellip\"> [\u2026]<\/span><\/p>\n","protected":false},"featured_media":0,"template":"","meta":{"_monsterinsights_skip_tracking":false,"_monsterinsights_sitenote_active":false,"_monsterinsights_sitenote_note":"","_monsterinsights_sitenote_category":0},"product_brand":[],"product_cat":[14009,12291],"product_tag":[],"class_list":{"0":"post-745080","1":"product","2":"type-product","3":"status-publish","5":"product_cat-biyografi-otobiyografi-edebiyat","6":"product_cat-edebiyat","7":"pa_cilt-ciltsiz","8":"pa_tur-kitap","9":"pa_yayinevi-timas-yayinlari","10":"pa_yazar-andre-gide","12":"first","13":"instock","14":"sale","15":"shipping-taxable","16":"purchasable","17":"product-type-simple"},"_links":{"self":[{"href":"https:\/\/roveyayinevi.com.tr\/index.php\/wp-json\/wp\/v2\/product\/745080","targetHints":{"allow":["GET"]}}],"collection":[{"href":"https:\/\/roveyayinevi.com.tr\/index.php\/wp-json\/wp\/v2\/product"}],"about":[{"href":"https:\/\/roveyayinevi.com.tr\/index.php\/wp-json\/wp\/v2\/types\/product"}],"wp:attachment":[{"href":"https:\/\/roveyayinevi.com.tr\/index.php\/wp-json\/wp\/v2\/media?parent=745080"}],"wp:term":[{"taxonomy":"product_brand","embeddable":true,"href":"https:\/\/roveyayinevi.com.tr\/index.php\/wp-json\/wp\/v2\/product_brand?post=745080"},{"taxonomy":"product_cat","embeddable":true,"href":"https:\/\/roveyayinevi.com.tr\/index.php\/wp-json\/wp\/v2\/product_cat?post=745080"},{"taxonomy":"product_tag","embeddable":true,"href":"https:\/\/roveyayinevi.com.tr\/index.php\/wp-json\/wp\/v2\/product_tag?post=745080"}],"curies":[{"name":"wp","href":"https:\/\/api.w.org\/{rel}","templated":true}]}}