{"id":745079,"date":"2025-08-28T02:11:08","date_gmt":"2025-08-27T23:11:08","guid":{"rendered":"https:\/\/roveyayinevi.com.tr\/index.php\/urun\/akrep-ve-yelkovanin-izinde-on-iki-saatin-hikayesiyle-uygarligin-tarihi\/"},"modified":"2026-04-16T02:57:29","modified_gmt":"2026-04-15T23:57:29","slug":"akrep-ve-yelkovanin-izinde-on-iki-saatin-hikayesiyle-uygarligin-tarihi","status":"publish","type":"product","link":"https:\/\/roveyayinevi.com.tr\/index.php\/urun\/akrep-ve-yelkovanin-izinde-on-iki-saatin-hikayesiyle-uygarligin-tarihi\/","title":{"rendered":"Akrep ve Yelkovan\u0131n \u0130zinde-On \u0130ki Saatin Hikayesiyle Uygarl\u0131\u011f\u0131n Tarihi"},"content":{"rendered":"<p>Antik Roma\u2019n\u0131n g\u00fcne\u015f saatlerinden \u00c7in \u0130mparatorlu\u011fu\u2019nun su saatlerine, Ayd\u0131nlanma g\u00f6zlemevlerinden g\u00fcn\u00fcm\u00fcz\u00fcn ak\u0131ll\u0131 saatlerine kadar, d\u00fcnyan\u0131n t\u00fcm k\u00fclt\u00fcrlerinde binlerce y\u0131l boyunca \u00e7e\u015fit \u00e7e\u015fit saatler in\u015fa edildi. Bazen bir zafer ni\u015fanesi bazen de bilginin kayna\u011f\u0131 olarak boy g\u00f6steren bu cihazlar, icat edildikleri g\u00fcnden itibaren insanl\u0131k i\u00e7in de\u011fi\u015ftirici ve d\u00f6n\u00fc\u015ft\u00fcr\u00fcc\u00fc bir rol oynad\u0131; \u00f6yle ki zaman zaman bizi y\u0131k\u0131m\u0131n e\u015fi\u011fine getirdiler. Se\u00e7kinler onlar\u0131 g\u00fc\u00e7 g\u00f6sterisi, maddi kazan\u00e7 ve halk\u0131n idaresi i\u00e7in kulland\u0131 \u2013bazen de t\u00fcm bunlara kar\u015f\u0131 koymak i\u00e7in kullan\u0131ld\u0131lar. Tarih\u00e7i ve saatbilimci David Rooney, Diyarbak\u0131r\u2019dan \u00dcmit Burnu\u2019na, Londra\u2019dan Osaka\u2019ya se\u00e7ti\u011fi on iki saat \u00fczerinden akrep ve yelkovan\u0131n d\u00fcnyay\u0131 \u015fekillendiren izini s\u00fcr\u00fcyor; inan\u00e7 ve erdem, d\u00fczen ve \u00fcretim gibi her biri uygarl\u0131\u011f\u0131n yap\u0131ta\u015flar\u0131ndan olan kavramlara mercek tutuyor. \u201c\u015ea\u015f\u0131rt\u0131c\u0131 derecede orijinal&#8230; Bir pop\u00fcler bilim klasi\u011fi.\u201d \u2013Patricia Fara, Bilim: D\u00f6rt Bin Y\u0131ll\u0131k Bir Tarih\u2019in yazar\u0131\u201cUzun zamand\u0131r okudu\u011fum en iyi k\u00fclt\u00fcr tarihi metni.\u201d \u2013Jerry Brotton, R\u00f6nesans\u2019\u0131n yazar\u0131\u201cZaman\u0131n i\u015fleyi\u015finin insanl\u0131k tarihini nas\u0131l \u015fekillendirdi\u011fine dair zengin bir ara\u015ft\u0131rma. Hevesli ve bilgili bir rehber olan Rooney, tarihin karanl\u0131k taraflar\u0131n\u0131 ortaya \u00e7\u0131karmaktan \u00e7ekinmiyor. Okurlar, zaman\u0131 kaydetmenin \u00f6nemine dair yeni \u015feyler ke\u015ffedecekler.\u201d \u2013Publishers Weekly\u201cSaatlerin hem bize hem de bizim hakk\u0131m\u0131zda s\u00f6ylediklerine dair b\u00fcy\u00fcleyici bir \u00e7al\u0131\u015fma&#8230; \u0130nsan\u0131 d\u00fc\u015f\u00fcnmeye te\u015fvik eden entelekt\u00fcel bir yolculuk.\u201d \u2013Wall Street Journal<\/p>\n","protected":false},"excerpt":{"rendered":"<p>Antik Roma\u2019n\u0131n g\u00fcne\u015f saatlerinden \u00c7in \u0130mparatorlu\u011fu\u2019nun su saatlerine, Ayd\u0131nlanma g\u00f6zlemevlerinden g\u00fcn\u00fcm\u00fcz\u00fcn ak\u0131ll\u0131 saatlerine kadar, d\u00fcnyan\u0131n t\u00fcm k\u00fclt\u00fcrlerinde binlerce y\u0131l boyunca \u00e7e\u015fit \u00e7e\u015fit saatler in\u015fa edildi. Bazen<span class=\"excerpt-hellip\"> [\u2026]<\/span><\/p>\n","protected":false},"featured_media":0,"template":"","meta":{"_monsterinsights_skip_tracking":false,"_monsterinsights_sitenote_active":false,"_monsterinsights_sitenote_note":"","_monsterinsights_sitenote_category":0},"product_brand":[],"product_cat":[12370,12304],"product_tag":[],"class_list":{"0":"post-745079","1":"product","2":"type-product","3":"status-publish","5":"product_cat-arastirma-inceleme","6":"product_cat-tarih","7":"pa_cilt-ciltsiz","8":"pa_tur-kitap","9":"pa_yayinevi-timas-yayinlari","10":"pa_yazar-david-rooney","12":"first","13":"instock","14":"sale","15":"shipping-taxable","16":"purchasable","17":"product-type-simple"},"_links":{"self":[{"href":"https:\/\/roveyayinevi.com.tr\/index.php\/wp-json\/wp\/v2\/product\/745079","targetHints":{"allow":["GET"]}}],"collection":[{"href":"https:\/\/roveyayinevi.com.tr\/index.php\/wp-json\/wp\/v2\/product"}],"about":[{"href":"https:\/\/roveyayinevi.com.tr\/index.php\/wp-json\/wp\/v2\/types\/product"}],"wp:attachment":[{"href":"https:\/\/roveyayinevi.com.tr\/index.php\/wp-json\/wp\/v2\/media?parent=745079"}],"wp:term":[{"taxonomy":"product_brand","embeddable":true,"href":"https:\/\/roveyayinevi.com.tr\/index.php\/wp-json\/wp\/v2\/product_brand?post=745079"},{"taxonomy":"product_cat","embeddable":true,"href":"https:\/\/roveyayinevi.com.tr\/index.php\/wp-json\/wp\/v2\/product_cat?post=745079"},{"taxonomy":"product_tag","embeddable":true,"href":"https:\/\/roveyayinevi.com.tr\/index.php\/wp-json\/wp\/v2\/product_tag?post=745079"}],"curies":[{"name":"wp","href":"https:\/\/api.w.org\/{rel}","templated":true}]}}