{"id":745077,"date":"2025-08-28T02:11:06","date_gmt":"2025-08-27T23:11:06","guid":{"rendered":"https:\/\/roveyayinevi.com.tr\/index.php\/urun\/calinan-dikkat\/"},"modified":"2026-04-16T02:57:29","modified_gmt":"2026-04-15T23:57:29","slug":"calinan-dikkat","status":"publish","type":"product","link":"https:\/\/roveyayinevi.com.tr\/index.php\/urun\/calinan-dikkat\/","title":{"rendered":"\u00c7al\u0131nan Dikkat"},"content":{"rendered":"<p>Gazeteci-yazar Johann Hari, son y\u0131llarda bir \u015feylere odaklanmakta ne kadar zorland\u0131\u011f\u0131n\u0131 fark etti\u011finde su\u00e7u \u00f6nce kendisinde aram\u0131\u015f. Ama sonra asl\u0131nda \u00e7o\u011fu insan\u0131n ayn\u0131 sorundan muzdarip oldu\u011funu g\u00f6rm\u00fc\u015f. B\u00f6ylece meseleyi ara\u015ft\u0131rmaya, uzmanlarla g\u00f6r\u00fc\u015fmeye ba\u015flad\u0131\u011f\u0131nda \u00e7ok daha derin ve kapsaml\u0131 nedenlerin s\u00f6z konusu oldu\u011funu ke\u015ffetmi\u015f. \u00c7al\u0131nan Dikkat\u2019te Hari bu nedenleri detaylar\u0131yla ele alman\u0131n yan\u0131 s\u0131ra, dikkatimizi geri kazanman\u0131n yollar\u0131na kafa yoruyor. Bireysel \u00e7abalar\u0131n, yani s\u0131rf kendi hayatlar\u0131m\u0131zda birtak\u0131m de\u011fi\u015fiklikler yaparak sorunu \u00e7\u00f6zmeye \u00e7al\u0131\u015fman\u0131n ancak bir yere kadar etkili olabilece\u011fini vurgulayan Hari, \u201cdikkatimizi bizden \u00e7alan kuvvetlerle kolektif olarak y\u00fczle\u015fip onlar\u0131 de\u011fi\u015fime zorlamam\u0131z gerekti\u011fini\u201d belirtiyor. Bunun ise acil bir mesele oldu\u011funu, \u00e7\u00fcnk\u00fc dikkati da\u011f\u0131lm\u0131\u015f bir toplumun, \u00f6n\u00fcndeki en \u00f6nemli sorunlara bile odaklanamayaca\u011f\u0131n\u0131 ve \u00e7\u00f6z\u00fcm \u00fcretemeyece\u011fini s\u00f6yl\u00fcyor. \u201cB\u00f6yle az uyuyup \u00e7ok \u00e7al\u0131\u015fan, \u00fc\u00e7 dakikada bir faaliyet de\u011fi\u015ftiren, zaaflar\u0131m\u0131z\u0131 \u00f6\u011frenip manip\u00fcle etmek i\u00e7in tasarlanm\u0131\u015f sosyal medya siteleri taraf\u0131ndan takip edilip g\u00f6zlemlenen, stres fazlal\u0131\u011f\u0131ndan a\u015f\u0131r\u0131 tetikte ya\u015fayan, enerjinin s\u0131\u00e7ray\u0131p \u00e7ak\u0131lmas\u0131na yol a\u00e7an bir \u015fekilde beslenen, her g\u00fcn beyne zarar veren toksinlerle dolu bir kimyasal \u00e7orbas\u0131 soluyan bir toplum olmaya devam etti\u011fimiz takdirde \u2013 ciddi dikkat sorunlar\u0131 ya\u015fayan bir toplum olmaya da devam edece\u011fiz, evet. Ama bunun bir alternatifi var. \u00d6rg\u00fctlenip kar\u015f\u0131 koymak \u2013 dikkatimizi ate\u015fe veren kuvvetlerle m\u00fccadele edip yerlerine iyile\u015fmemize yard\u0131mc\u0131 olacak kuvvetler ge\u00e7irmek.\u201d <\/p>\n","protected":false},"excerpt":{"rendered":"<p>Gazeteci-yazar Johann Hari, son y\u0131llarda bir \u015feylere odaklanmakta ne kadar zorland\u0131\u011f\u0131n\u0131 fark etti\u011finde su\u00e7u \u00f6nce kendisinde aram\u0131\u015f. Ama sonra asl\u0131nda \u00e7o\u011fu insan\u0131n ayn\u0131 sorundan muzdarip oldu\u011funu<span class=\"excerpt-hellip\"> [\u2026]<\/span><\/p>\n","protected":false},"featured_media":0,"template":"","meta":{"_monsterinsights_skip_tracking":false,"_monsterinsights_sitenote_active":false,"_monsterinsights_sitenote_note":"","_monsterinsights_sitenote_category":0},"product_brand":[],"product_cat":[12358,12357],"product_tag":[],"class_list":{"0":"post-745077","1":"product","2":"type-product","3":"status-publish","5":"product_cat-genel-psikoloji","6":"product_cat-psikoloji","7":"pa_cilt-ciltsiz","8":"pa_tur-kitap","9":"pa_yayinevi-metis-yayinlari","10":"pa_yazar-johann-hari","12":"first","13":"instock","14":"sale","15":"shipping-taxable","16":"purchasable","17":"product-type-simple"},"_links":{"self":[{"href":"https:\/\/roveyayinevi.com.tr\/index.php\/wp-json\/wp\/v2\/product\/745077","targetHints":{"allow":["GET"]}}],"collection":[{"href":"https:\/\/roveyayinevi.com.tr\/index.php\/wp-json\/wp\/v2\/product"}],"about":[{"href":"https:\/\/roveyayinevi.com.tr\/index.php\/wp-json\/wp\/v2\/types\/product"}],"wp:attachment":[{"href":"https:\/\/roveyayinevi.com.tr\/index.php\/wp-json\/wp\/v2\/media?parent=745077"}],"wp:term":[{"taxonomy":"product_brand","embeddable":true,"href":"https:\/\/roveyayinevi.com.tr\/index.php\/wp-json\/wp\/v2\/product_brand?post=745077"},{"taxonomy":"product_cat","embeddable":true,"href":"https:\/\/roveyayinevi.com.tr\/index.php\/wp-json\/wp\/v2\/product_cat?post=745077"},{"taxonomy":"product_tag","embeddable":true,"href":"https:\/\/roveyayinevi.com.tr\/index.php\/wp-json\/wp\/v2\/product_tag?post=745077"}],"curies":[{"name":"wp","href":"https:\/\/api.w.org\/{rel}","templated":true}]}}