{"id":745076,"date":"2025-08-28T02:11:05","date_gmt":"2025-08-27T23:11:05","guid":{"rendered":"https:\/\/roveyayinevi.com.tr\/index.php\/urun\/metis-ajanda-2023-arzuhal\/"},"modified":"2025-12-30T10:59:52","modified_gmt":"2025-12-30T07:59:52","slug":"metis-ajanda-2023-arzuhal","status":"publish","type":"product","link":"https:\/\/roveyayinevi.com.tr\/index.php\/urun\/metis-ajanda-2023-arzuhal\/","title":{"rendered":"Metis Ajanda 2023  ArzuHal"},"content":{"rendered":"<p>Geleneksel Metis Ajandas\u0131\u2019n\u0131n bu y\u0131lki temas\u0131: ArzuHal. Ekonomik \u00e7\u00f6k\u00fc\u015f\u00fcn, iklim krizinin, pandeminin a\u00e7\u0131klamaya yetmeyece\u011fi bir ne\u015fesizlik hali bask\u0131n nicedir memlekette. Yoksullarla yoksunlar\u0131n niye mutsuz oldu\u011fu belli, ama memleket kaynaklar\u0131n\u0131 ele ge\u00e7irenlerin de arzular\u0131na kavu\u015fmu\u015f bir hali yok. Nispet yapma zevki d\u0131\u015f\u0131nda, yans\u0131tt\u0131klar\u0131 duygu \u00f6fke ve h\u0131n\u00e7. Para istiflemenin getirece\u011fini umduklar\u0131 g\u00fc\u00e7 ve dokunulmazl\u0131k d\u0131\u015f\u0131nda, pe\u015finden ko\u015ftuklar\u0131n\u0131 niye arzulad\u0131klar\u0131n\u0131 kendileri de anlam\u0131yor sanki. Malum, haset bir \u015feyin ba\u015fka birine haz verdi\u011fi inanc\u0131n\u0131n yol a\u00e7t\u0131\u011f\u0131 k\u0131zg\u0131n bir duygudur; o \u015feyi \u00e7ekip almaya, bozmaya, kirletmeye y\u00f6neltir. Bu y\u00fczden \u00e7orakla\u015ft\u0131r\u0131c\u0131, y\u0131k\u0131c\u0131d\u0131r. \u00dclkenin her yerinde betona d\u00f6nd\u00fcr\u00fcl\u00fcp terk edilmi\u015f do\u011fa harikalar\u0131, bilimi iyice s\u00f6nd\u00fcr\u00fclm\u00fc\u015f \u00fcniversiteler, ne\u015fenin do\u011fdu\u011fu anda bo\u011fulmas\u0131na dair bir \u00e7aba g\u00f6r\u00fcyoruz nicedir. Bu \u00e2lemi ge\u00e7ici g\u00f6renlerin, onun zevkini \u00e7\u0131karanlara; do\u011fay\u0131, ya\u015famay\u0131, payla\u015fmay\u0131 sevenlere; d\u00fcnya hayretini ve merak\u0131n\u0131 koruyanlara kar\u015f\u0131 bir ak\u0131n\u0131 s\u00f6z konusu sanki \u2013 \u00dcmit K\u0131van\u00e7\u2019\u0131n bir zamanlar dedi\u011fi gibi \u201ckelebek g\u00f6rse ezme, \u00e7i\u00e7ek g\u00f6rse bozma\u201d gayreti. Biz de nedir \u015fu arzu denen \u015fey bir bakal\u0131m dedik. Aramakla bulunur mu, istememekle kurtulunur mu, do\u011fu\u015ftan m\u0131d\u0131r d\u00fcnya haliyle mi v\u00fccut bulur? Ve Sema Kaygusuz\u2019un sordu\u011fu gibi \u201cbah\u015fedilmi\u015f yetkiye ya da imtiyaza\u201d gereksinimi olmayan, \u201cd\u00fcnyadaki canl\u0131l\u0131\u011fa arzuyla kat\u0131lan\u201d Arzu \u0130nsan\u0131 olmak, \u201cbu d\u00fcnyada arzu olup \u00f6yle gitmek\u201d m\u00fcmk\u00fcn m\u00fcd\u00fcr? \u0130nad\u0131na g\u00fczel arzularla, sevin\u00e7lerle dolu bir y\u0131l dile\u011fiyle\u2026 <\/p>\n","protected":false},"excerpt":{"rendered":"<p>Geleneksel Metis Ajandas\u0131\u2019n\u0131n bu y\u0131lki temas\u0131: ArzuHal. Ekonomik \u00e7\u00f6k\u00fc\u015f\u00fcn, iklim krizinin, pandeminin a\u00e7\u0131klamaya yetmeyece\u011fi bir ne\u015fesizlik hali bask\u0131n nicedir memlekette. Yoksullarla yoksunlar\u0131n niye mutsuz oldu\u011fu belli,<span class=\"excerpt-hellip\"> [\u2026]<\/span><\/p>\n","protected":false},"featured_media":0,"template":"","meta":{"_monsterinsights_skip_tracking":false,"_monsterinsights_sitenote_active":false,"_monsterinsights_sitenote_note":"","_monsterinsights_sitenote_category":0},"product_brand":[],"product_cat":[28265,15563],"product_tag":[],"class_list":{"0":"post-745076","1":"product","2":"type-product","3":"status-publish","5":"product_cat-diger-hobi","6":"product_cat-hobi","7":"pa_cilt-ciltsiz","8":"pa_tur-kitap","9":"pa_yayinevi-metis-yayinlari","10":"pa_yazar-kolektif","12":"first","13":"instock","14":"sale","15":"shipping-taxable","16":"purchasable","17":"product-type-simple"},"_links":{"self":[{"href":"https:\/\/roveyayinevi.com.tr\/index.php\/wp-json\/wp\/v2\/product\/745076","targetHints":{"allow":["GET"]}}],"collection":[{"href":"https:\/\/roveyayinevi.com.tr\/index.php\/wp-json\/wp\/v2\/product"}],"about":[{"href":"https:\/\/roveyayinevi.com.tr\/index.php\/wp-json\/wp\/v2\/types\/product"}],"wp:attachment":[{"href":"https:\/\/roveyayinevi.com.tr\/index.php\/wp-json\/wp\/v2\/media?parent=745076"}],"wp:term":[{"taxonomy":"product_brand","embeddable":true,"href":"https:\/\/roveyayinevi.com.tr\/index.php\/wp-json\/wp\/v2\/product_brand?post=745076"},{"taxonomy":"product_cat","embeddable":true,"href":"https:\/\/roveyayinevi.com.tr\/index.php\/wp-json\/wp\/v2\/product_cat?post=745076"},{"taxonomy":"product_tag","embeddable":true,"href":"https:\/\/roveyayinevi.com.tr\/index.php\/wp-json\/wp\/v2\/product_tag?post=745076"}],"curies":[{"name":"wp","href":"https:\/\/api.w.org\/{rel}","templated":true}]}}